{"id":8431,"date":"2024-08-06T21:46:12","date_gmt":"2024-08-06T19:46:12","guid":{"rendered":"https:\/\/bebebio.ma\/?post_type=product&#038;p=8431"},"modified":"2025-02-23T14:54:54","modified_gmt":"2025-02-23T13:54:54","slug":"interbaby-couverture-extra-douce-avec-doudou-bleu","status":"publish","type":"product","link":"https:\/\/bebebio.ma\/index.php\/product\/interbaby-couverture-extra-douce-avec-doudou-bleu\/","title":{"rendered":"Interbaby Couverture extra-douce avec Doudou Bleu"},"content":{"rendered":"<h4 style=\"text-align: center;\">Interbaby Couverture extra-douce avec Doudou Bleu<\/h4>\n<p>Cette couverture et doudou de Interbaby est merveilleusement douce gr\u00e2ce \u00e0 son mat\u00e9riau. La couverture est id\u00e9ale pour les promenades ou la voiture. Votre b\u00e9b\u00e9 peut jouer ou dormir avec la couverture et le doudou. C&#8217;est aussi un tr\u00e8s bon cadeau !<\/p>\n<p><strong>Sp\u00e9cifications :<\/strong><br \/>\nCouleur de la couverture : bleu<br \/>\nCouverture en peluche de couleur : gris, bleu<br \/>\nSexe : junior<br \/>\nMati\u00e8re : polaire<br \/>\nDimensions de la couverture : 80 x 110 cm (Lxl)<br \/>\nDimensions de la couverture c\u00e2line : 28 x 17 cm (Lxl)<br \/>\n\u00c2ge : 0 \u00e0 12 mois<\/p>\n<p><strong>Contenu :<\/strong><br \/>\n1 Couverture pour b\u00e9b\u00e9<br \/>\n1 couverture c\u00e2line<\/p>\n","protected":false},"excerpt":{"rendered":"<p>Couvertures extra-douces et l\u00e9g\u00e8res avec son doudou pour r\u00e9conforter votre bout de chou.<\/p>\n<h4>Dimensions : 110 x 80<img decoding=\"async\" class=\"wp-image-1929 alignright\" src=\"https:\/\/bebemaman.ma\/wp-content\/uploads\/2020\/07\/interbaby-e1593818446959-360x183.png\" alt=\"\" width=\"134\" height=\"68\" \/><\/h4>\n","protected":false},"featured_media":8529,"comment_status":"open","ping_status":"closed","template":"","meta":[],"pwb-brand":[785],"product_brand":[],"product_cat":[221,138],"product_tag":[],"class_list":{"0":"post-8431","1":"product","2":"type-product","3":"status-publish","4":"has-post-thumbnail","6":"pwb-brand-interbaby","7":"product_cat-couvertures","8":"product_cat-sommeil-securite","10":"first","11":"outofstock","12":"taxable","13":"shipping-taxable","14":"purchasable","15":"product-type-simple"},"supplier_id":null,"supplier_sku":"","barcode":null,"atum_controlled":true,"out_stock_date":null,"out_stock_threshold":null,"inheritable":false,"inbound_stock":0,"stock_on_hold":0,"sold_today":0,"sales_last_days":0,"reserved_stock":0,"customer_returns":0,"warehouse_damage":0,"lost_in_post":0,"other_logs":0,"out_stock_days":0,"lost_sales":0,"has_location":false,"update_date":"2026-04-16T11:45:55","atum_locations":[],"atum_stock_status":"outofstock","restock_status":false,"low_stock_amount":"","sales_update_date":"2026-04-16T11:45:55","calc_backorders":null,"jetpack_sharing_enabled":true,"brands":[{"id":785,"name":"Interbaby","slug":"interbaby"}],"_links":{"self":[{"href":"https:\/\/bebebio.ma\/index.php\/wp-json\/wp\/v2\/product\/8431","targetHints":{"allow":["GET"]}}],"collection":[{"href":"https:\/\/bebebio.ma\/index.php\/wp-json\/wp\/v2\/product"}],"about":[{"href":"https:\/\/bebebio.ma\/index.php\/wp-json\/wp\/v2\/types\/product"}],"replies":[{"embeddable":true,"href":"https:\/\/bebebio.ma\/index.php\/wp-json\/wp\/v2\/comments?post=8431"}],"wp:featuredmedia":[{"embeddable":true,"href":"https:\/\/bebebio.ma\/index.php\/wp-json\/wp\/v2\/media\/8529"}],"wp:attachment":[{"href":"https:\/\/bebebio.ma\/index.php\/wp-json\/wp\/v2\/media?parent=8431"}],"wp:term":[{"taxonomy":"pwb-brand","embeddable":true,"href":"https:\/\/bebebio.ma\/index.php\/wp-json\/wp\/v2\/pwb-brand?post=8431"},{"taxonomy":"product_brand","embeddable":true,"href":"https:\/\/bebebio.ma\/index.php\/wp-json\/wp\/v2\/product_brand?post=8431"},{"taxonomy":"product_cat","embeddable":true,"href":"https:\/\/bebebio.ma\/index.php\/wp-json\/wp\/v2\/product_cat?post=8431"},{"taxonomy":"product_tag","embeddable":true,"href":"https:\/\/bebebio.ma\/index.php\/wp-json\/wp\/v2\/product_tag?post=8431"}],"curies":[{"name":"wp","href":"https:\/\/api.w.org\/{rel}","templated":true}]}}