{"id":8399,"date":"2024-08-06T21:45:49","date_gmt":"2024-08-06T19:45:49","guid":{"rendered":"https:\/\/bebebio.ma\/?post_type=product&#038;p=8399"},"modified":"2025-03-24T21:54:18","modified_gmt":"2025-03-24T20:54:18","slug":"weleda-tisane-dallaitement-bio","status":"publish","type":"product","link":"https:\/\/bebebio.ma\/index.php\/product\/weleda-tisane-dallaitement-bio\/","title":{"rendered":"Weleda Tisane d&#8217;allaitement BIO"},"content":{"rendered":"<div class=\"text-item\">\n<div class=\"text-item\">\n<div class=\"text-item\">\n<h4 style=\"text-align: center\">Weleda Tisane d&#8217;allaitement BIO 20 sachets<\/h4>\n<p><strong><a href=\"https:\/\/bebemaman.ma\/categorie-produit\/parabebemaman\/gamme-soin-bebe\/weleda\/\" target=\"_blank\" rel=\"noopener\">Weleda<\/a> Tisane d&#8217;allaitement BIO 20 sachets <\/strong>s\u2019adresse aux jeunes mamans qui ont choisi d\u2019allaiter leur enfant. Elle permet de soutenir et d\u2019am\u00e9liorer la\u00a0<strong>production de lait maternel<\/strong>, indispensable au bon d\u00e9veloppement du nouveau-n\u00e9. Pendant l\u2019allaitement, plusieurs \u00e9l\u00e9ments peuvent rendre les t\u00e9t\u00e9es plus difficiles et r\u00e9duire la lactation : stress, fatigue, reprise du travail, crevasses, engorgement\u2026 Cette tisane permet de\u00a0<strong>poursuivre l\u2019allaitement en toute s\u00e9r\u00e9nit\u00e9<\/strong>\u00a0et constitue un compl\u00e9ment tr\u00e8s int\u00e9ressant \u00e0 l\u2019alimentation.<\/p>\n<p>L\u2019apport en eau chez les mamans allaitantes est essentiel pour leur organisme et celui de leur b\u00e9b\u00e9 et contribue \u00e9galement \u00e0 la lactation. Consommer quotidiennement la tisane allaitement <a href=\"https:\/\/bebemaman.ma\/categorie-produit\/parabebemaman\/gamme-soin-bebe\/weleda\/\" target=\"_blank\" rel=\"noopener\"><strong>Weleda<\/strong><\/a> est une mani\u00e8re de\u00a0<strong>r\u00e9pondre aux besoins d\u2019hydratation<\/strong>. Elle est compos\u00e9e de plantes issues de l\u2019Agriculture Biologique pour une s\u00e9curit\u00e9 maximale \u00e0 la fois pour le b\u00e9b\u00e9 et pour la maman. On retrouve ainsi du fenouil, des graines de fenugrec, de l\u2019anis et du carvi, des actifs botaniques aux propri\u00e9t\u00e9s galactagogues reconnus pour\u00a0<strong>favoriser la lactation<\/strong>. Des feuilles de verveine citronnelle sont ajout\u00e9es pour apporter une saveur douce et rafra\u00eechissante \u00e0 la tisane.<\/p>\n<p>Les laboratoires\u00a0<a href=\"https:\/\/bebemaman.ma\/categorie-produit\/parabebemaman\/gamme-soin-bebe\/weleda\/\" target=\"_blank\" rel=\"noopener\"><strong>Weleda<\/strong><\/a>\u00a0ont d\u00e9velopp\u00e9 une large gamme de produits destin\u00e9s aux mamans et futures mamans. Ils proposent notamment des soins \u00e0 utiliser pendant la grossesse et durant l\u2019allaitement : huile anti-vergetures, huile de massage du p\u00e9rin\u00e9e, huile de massage allaitement et tisanes.<\/p>\n<h4><strong>Caract\u00e9ristiques :<\/strong><\/h4>\n<ul>\n<li>100 % d\u2019origine naturelle<\/li>\n<li>Certifi\u00e9 Bio Europe<\/li>\n<li>Issu de l\u2019Agriculture Biologique<\/li>\n<li>Adapt\u00e9 au r\u00e9gime vegan<\/li>\n<\/ul>\n<h4><strong>Conditionnement :<\/strong>\u00a0bo\u00eete de 20 sachets de 2 g.<\/h4>\n<h4><a href=\"https:\/\/bebemaman.ma\/categorie-produit\/parabebemaman\/gamme-soin-bebe\/weleda\/\" target=\"_blank\" rel=\"noopener\">La gamme Weleda\u00a0<\/a><\/h4>\n<\/div>\n<\/div>\n<\/div>\n","protected":false},"excerpt":{"rendered":"<div class=\"description\">\n<div class=\"description\">\n<div class=\"description\">Pour allaiter en toute s\u00e9r\u00e9nit\u00e9<\/div>\n<div class=\"product-info js-product-info\">\n<div class=\"product-summary\">\n<p>A base de plantes issues de l&#8217;agriculture biologique connues pour favoriser la lactation, cette tisane est recommand\u00e9e en compl\u00e9ment pour faciliter l&#8217;allaitement maternel.<\/p>\n<p>20 sachets de 2 g<img decoding=\"async\" class=\"alignnone wp-image-776 alignright\" style=\"text-align: right\" src=\"https:\/\/bebemaman.ma\/wp-content\/uploads\/2020\/06\/LOGO-WELEDA-360x141.png\" alt=\"\" width=\"100\" height=\"39\" \/><\/p>\n<\/div>\n<\/div>\n<\/div>\n<\/div>\n","protected":false},"featured_media":8521,"comment_status":"closed","ping_status":"closed","template":"","meta":[],"pwb-brand":[763],"product_brand":[],"product_cat":[213,64,129,214,101],"product_tag":[215],"class_list":{"0":"post-8399","1":"product","2":"type-product","3":"status-publish","4":"has-post-thumbnail","6":"pwb-brand-weleda","7":"product_cat-booster-lallaitement","8":"product_cat-para-bebe","9":"product_cat-para-maman","10":"product_cat-tisane","11":"product_cat-weleda","12":"product_tag-tisane-dallaitement","14":"first","15":"instock","16":"taxable","17":"shipping-taxable","18":"purchasable","19":"product-type-simple"},"supplier_id":null,"supplier_sku":"","barcode":null,"atum_controlled":true,"out_stock_date":null,"out_stock_threshold":null,"inheritable":false,"inbound_stock":0,"stock_on_hold":0,"sold_today":0,"sales_last_days":0,"reserved_stock":0,"customer_returns":0,"warehouse_damage":0,"lost_in_post":0,"other_logs":0,"out_stock_days":0,"lost_sales":0,"has_location":false,"update_date":"2026-04-10T09:21:34","atum_locations":[],"atum_stock_status":"instock","restock_status":false,"low_stock_amount":"","sales_update_date":"2026-04-10T09:21:34","calc_backorders":null,"jetpack_sharing_enabled":true,"brands":[{"id":763,"name":"Weleda","slug":"weleda"}],"_links":{"self":[{"href":"https:\/\/bebebio.ma\/index.php\/wp-json\/wp\/v2\/product\/8399","targetHints":{"allow":["GET"]}}],"collection":[{"href":"https:\/\/bebebio.ma\/index.php\/wp-json\/wp\/v2\/product"}],"about":[{"href":"https:\/\/bebebio.ma\/index.php\/wp-json\/wp\/v2\/types\/product"}],"replies":[{"embeddable":true,"href":"https:\/\/bebebio.ma\/index.php\/wp-json\/wp\/v2\/comments?post=8399"}],"wp:featuredmedia":[{"embeddable":true,"href":"https:\/\/bebebio.ma\/index.php\/wp-json\/wp\/v2\/media\/8521"}],"wp:attachment":[{"href":"https:\/\/bebebio.ma\/index.php\/wp-json\/wp\/v2\/media?parent=8399"}],"wp:term":[{"taxonomy":"pwb-brand","embeddable":true,"href":"https:\/\/bebebio.ma\/index.php\/wp-json\/wp\/v2\/pwb-brand?post=8399"},{"taxonomy":"product_brand","embeddable":true,"href":"https:\/\/bebebio.ma\/index.php\/wp-json\/wp\/v2\/product_brand?post=8399"},{"taxonomy":"product_cat","embeddable":true,"href":"https:\/\/bebebio.ma\/index.php\/wp-json\/wp\/v2\/product_cat?post=8399"},{"taxonomy":"product_tag","embeddable":true,"href":"https:\/\/bebebio.ma\/index.php\/wp-json\/wp\/v2\/product_tag?post=8399"}],"curies":[{"name":"wp","href":"https:\/\/api.w.org\/{rel}","templated":true}]}}