{"id":8387,"date":"2024-08-06T21:45:25","date_gmt":"2024-08-06T19:45:25","guid":{"rendered":"https:\/\/bebebio.ma\/?post_type=product&#038;p=8387"},"modified":"2024-08-06T21:47:26","modified_gmt":"2024-08-06T19:47:26","slug":"candide-multirelax-gris","status":"publish","type":"product","link":"https:\/\/bebebio.ma\/index.php\/product\/candide-multirelax-gris\/","title":{"rendered":"Candide Multirelax Gris"},"content":{"rendered":"<h4 style=\"text-align: center;\">Candide Multirelax Gris clair<\/h4>\n<h4><a href=\"https:\/\/bebemaman.ma\/marque\/candide\/\" target=\"_blank\" rel=\"noopener\">Candide<\/a> Multirelax Gris clair \u00e9volutif ultra-pratique, un vrai 4 en 1 dont vous ne pourrez plus vous passer !<\/h4>\n<p><strong>Multifonctions :<br \/>\n<\/strong><\/p>\n<ul class=\"normal\">\n<li>Permet d&#8217;adopter des positions relaxantes tout en soutenant le ventre pendant la grossesse.<\/li>\n<li>\u00c9vite le mal de dos en adoptant une bonne position pour l&#8217;allaitement ou donner le biberon.<\/li>\n<li>Il se transforme en un clin d&#8217;\u0153il en relax b\u00e9b\u00e9 confortable et s\u00fbr gr\u00e2ce \u00e0 sa culotte d\u00e9pliable.<\/li>\n<li>Peut \u00eatre utilis\u00e9 comme coussin d&#8217;appoint lorsque b\u00e9b\u00e9 commence \u00e0 s&#8217;assoir.<\/li>\n<\/ul>\n<h4><strong>Informations compl\u00e9mentaires :<\/strong><\/h4>\n<ul class=\"normal\">\n<li>Pratique : housse lavable en machine \u00e0 40\u00b0.<\/li>\n<li>Composition : 50% Coton 50% Polyester, Doublure : 100% Polyester<\/li>\n<li>Int\u00e9rieur microbilles de polystyr\u00e8ne ultra l\u00e9g\u00e8res et sans phtalates.<\/li>\n<li>Dimensions : 88 x 65 cm<\/li>\n<\/ul>\n<h4><strong>1. Confortable pendant la grossesse<\/strong><\/h4>\n<p>Avec le coussin de maternit\u00e9 Multirelax, votre ventre est soutenu lorsque vous \u00eates allong\u00e9e.<\/p>\n<h4><strong>2. Pratique durant l&#8217;allaitement<\/strong><\/h4>\n<p>Le coussin de maternit\u00e9 vous apporte le confort pendant l&#8217;allaitement car b\u00e9b\u00e9 est \u00e0 la hauteur id\u00e9ale et votre dos est soulag\u00e9.<\/p>\n<h4><strong>3. Transat pour b\u00e9b\u00e9<\/strong><\/h4>\n<p>Le coussin de maternit\u00e9 Multirelax c&#8217;est aussi un petit nid douillet s\u00e9curisant pour b\u00e9b\u00e9. Il apporte confort absolu d\u00e8s la naissance jusqu&#8217;\u00e0 6 mois (3-9kg).<\/p>\n<ul>\n<li>Dimensions\u00a0:\u00a074 x 46 x 16 cm &#8211; zip 70 cm<\/li>\n<li>Composition du produit\u00a0:<br \/>\n<i>Tissus imprim\u00e9 devant : 92% coton \/ 8% \u00e9lasthanne \u00a0<\/i><i>Tissu uni dos et culotte : 92% coton \/ 8% \u00e9lasthanne \u00a0 \u00a0<\/i><i>Doublure : 100% polyester<\/i><i>Garnissage : 100% polystyr\u00e8ne<\/i><\/li>\n<\/ul>\n<h4>Marque :<\/h4>\n<p><strong>Candide porte une attention toute particuli\u00e8re au confort et au bien-\u00eatre des b\u00e9b\u00e9s.<\/strong><\/p>\n<p>Cette gamme fait l&#8217;objet de recherches continues afin d&#8217;\u00eatre au plus proche des pr\u00e9occupations des jeunes parents qui recherchent avant tout confort, s\u00e9curit\u00e9 et bien-\u00eatre pour leur b\u00e9b\u00e9.<\/p>\n<p>Exclusivement d\u00e9di\u00e9s \u00e0 l\u2019univers de b\u00e9b\u00e9, \u00e0 son confort, \u00e0 celui des mamans et au bien-\u00eatre des parents, les produits Candide offrent l\u2019assurance d\u2019un savoir-faire exclusif alliant authenticit\u00e9, qualit\u00e9 et s\u00e9curit\u00e9.<\/p>\n<p>Aid\u00e9s des professionnels de la petite enfance, nous sommes \u00e0 l\u2019\u00e9coute permanente des parents, futurs parents et des tendances pour imaginer ce qu\u2019il y a de mieux et de plus beau pour accueillir b\u00e9b\u00e9.<\/p>\n<p>Bebemaman.ma, qui se veut comme toujours, au plus pr\u00e8s des b\u00e9b\u00e9s et de leurs parents, vous offre un large choix de produits\u00a0<strong>Candide Expert<\/strong>\u00a0afin de pouvoir satisfaire chaque besoins.<\/p>\n","protected":false},"excerpt":{"rendered":"<h5>Le 1<sup>er<\/sup>\u00a0coussin de maternit\u00e9 transformable en position transat pour b\u00e9b\u00e9, \u00e0 la fois confortable et s\u00fbr gr\u00e2ce \u00e0 sa culotte r\u00e9glable.<\/h5>\n<p>1. Confortable pendant la grossesse<\/p>\n<p>2. Pratique durant l&#8217;allaitement<\/p>\n<p>3. Transat pour b\u00e9b\u00e9<img decoding=\"async\" class=\"alignnone wp-image-1084 alignright\" src=\"https:\/\/bebemaman.ma\/wp-content\/uploads\/2020\/06\/logo-candide.jpg\" alt=\"\" width=\"91\" height=\"42\" \/><\/p>\n","protected":false},"featured_media":8490,"comment_status":"closed","ping_status":"closed","template":"","meta":[],"pwb-brand":[771],"product_brand":[],"product_cat":[120,140,138],"product_tag":[],"class_list":{"0":"post-8387","1":"product","2":"type-product","3":"status-publish","4":"has-post-thumbnail","6":"pwb-brand-candide","7":"product_cat-allaitement","8":"product_cat-coussin-brassard-dallaitement","9":"product_cat-sommeil-securite","11":"first","12":"instock","13":"sale","14":"taxable","15":"shipping-taxable","16":"purchasable","17":"product-type-simple"},"supplier_id":null,"supplier_sku":"","barcode":null,"atum_controlled":true,"out_stock_date":null,"out_stock_threshold":null,"inheritable":false,"inbound_stock":0,"stock_on_hold":0,"sold_today":0,"sales_last_days":0,"reserved_stock":0,"customer_returns":0,"warehouse_damage":0,"lost_in_post":0,"other_logs":0,"out_stock_days":0,"lost_sales":0,"has_location":false,"update_date":"2026-04-19T18:42:27","atum_locations":[],"atum_stock_status":"instock","restock_status":false,"low_stock_amount":"","sales_update_date":"2026-04-19T18:42:27","calc_backorders":null,"jetpack_sharing_enabled":true,"brands":[{"id":771,"name":"Candide","slug":"candide"}],"_links":{"self":[{"href":"https:\/\/bebebio.ma\/index.php\/wp-json\/wp\/v2\/product\/8387","targetHints":{"allow":["GET"]}}],"collection":[{"href":"https:\/\/bebebio.ma\/index.php\/wp-json\/wp\/v2\/product"}],"about":[{"href":"https:\/\/bebebio.ma\/index.php\/wp-json\/wp\/v2\/types\/product"}],"replies":[{"embeddable":true,"href":"https:\/\/bebebio.ma\/index.php\/wp-json\/wp\/v2\/comments?post=8387"}],"wp:featuredmedia":[{"embeddable":true,"href":"https:\/\/bebebio.ma\/index.php\/wp-json\/wp\/v2\/media\/8490"}],"wp:attachment":[{"href":"https:\/\/bebebio.ma\/index.php\/wp-json\/wp\/v2\/media?parent=8387"}],"wp:term":[{"taxonomy":"pwb-brand","embeddable":true,"href":"https:\/\/bebebio.ma\/index.php\/wp-json\/wp\/v2\/pwb-brand?post=8387"},{"taxonomy":"product_brand","embeddable":true,"href":"https:\/\/bebebio.ma\/index.php\/wp-json\/wp\/v2\/product_brand?post=8387"},{"taxonomy":"product_cat","embeddable":true,"href":"https:\/\/bebebio.ma\/index.php\/wp-json\/wp\/v2\/product_cat?post=8387"},{"taxonomy":"product_tag","embeddable":true,"href":"https:\/\/bebebio.ma\/index.php\/wp-json\/wp\/v2\/product_tag?post=8387"}],"curies":[{"name":"wp","href":"https:\/\/api.w.org\/{rel}","templated":true}]}}