{"id":8379,"date":"2024-08-06T21:44:55","date_gmt":"2024-08-06T19:44:55","guid":{"rendered":"https:\/\/bebebio.ma\/?post_type=product&#038;p=8379"},"modified":"2024-08-06T21:46:46","modified_gmt":"2024-08-06T19:46:46","slug":"candide-brassard-dallaitement-gris-chine-etoiles","status":"publish","type":"product","link":"https:\/\/bebebio.ma\/index.php\/product\/candide-brassard-dallaitement-gris-chine-etoiles\/","title":{"rendered":"Candide Brassard d&#8217;allaitement Gris chin\u00e9 \u00e9toiles"},"content":{"rendered":"<h4 style=\"text-align: center;\">Candide Brassard d&#8217;allaitement Gris chin\u00e9 \u00e9toiles<\/h4>\n<div class=\"product-details-gallery-and-information\">\n<div class=\"col-lg-5 product-information\">\n<div class=\"product-details\">\n<div class=\"product-short-description\">\n<p>Comme le conseille l&#8217;INPES (Institut National de Pr\u00e9vention et d&#8217;\u00c9ducation pour la Sant\u00e9) <strong>il est important de s&#8217;installer confortablement et sans appui douloureux lors de l&#8217;allaitement.<\/strong>\u00a0Pour un soutien stable et \u00e0 la bonne hauteur,\u00a0<strong>il est vivement recommand\u00e9 d&#8217;utiliser un coussin.<\/strong>Pour r\u00e9pondre \u00e0 cette probl\u00e9matique, Candide a d\u00e9velopp\u00e9 <a href=\"https:\/\/bebemaman.ma\/marque\/candide\/\" target=\"_blank\" rel=\"noopener\">Candide<\/a> Brassard d&#8217;allaitement Gris chin\u00e9 \u00e9toiles.<\/p>\n<p>Gr\u00e2ce \u00e0 sa\u00a0<strong>forme ergonomique<\/strong>, le brassard d&#8217;allaitement\u00a0<strong>facilite le moment du repas<\/strong>\u00a0(allaitement ou biberon) en offrant plus de\u00a0<strong>confort et de soutien<\/strong>\u00a0sous le coude du parent.<\/p>\n<ul>\n<li>Le design du brassard d&#8217;allaitement a \u00e9t\u00e9 con\u00e7u pour \u00e9pouser au mieux la t\u00eate de b\u00e9b\u00e9.<\/li>\n<li>Ce brassard est tr\u00e8s pratique pour une utilisation par la maman mais \u00e9galement par l&#8217;entourage.<\/li>\n<li>Il est peu encombrant ce qui facilite son transport.<\/li>\n<li>Tr\u00e8s facile \u00e0 enfiler il convient \u00e0 toutes les morphologies.<\/li>\n<li>Il est souple et confortable gr\u00e2ce \u00e0 son garnissage en ouate.<\/li>\n<li>Il est doux et extensible gr\u00e2ce \u00e0 la mati\u00e8re en jersey.<\/li>\n<\/ul>\n<p><strong>Ce brassard d&#8217;allaitement est issu du savoir-faire Fran\u00e7ais historique de Candide<\/strong>\u00a0et\u00a0<a href=\"https:\/\/bebemaman.ma\/produit\/alimentation-bebe\/allaitement\/coussin-dallaitement\/candide-brassard-dallaitement-jersey-etoiles-bleu-marine\/\" target=\"_blank\" rel=\"noopener\">existe aussi en bleu marine\/\u00e9toiles<\/a>.<\/p>\n<\/div>\n<\/div>\n<\/div>\n<\/div>\n<div class=\"revendeur\">\n<h4>Marque :<\/h4>\n<p><strong>Candide porte une attention toute particuli\u00e8re au confort et au bien-\u00eatre des b\u00e9b\u00e9s.<\/strong><\/p>\n<p>Cette gamme fait l&#8217;objet de recherches continues afin d&#8217;\u00eatre au plus proche des pr\u00e9occupations des jeunes parents qui recherchent avant tout confort, s\u00e9curit\u00e9 et bien-\u00eatre pour leur b\u00e9b\u00e9.<\/p>\n<p>Exclusivement d\u00e9di\u00e9s \u00e0 l\u2019univers de b\u00e9b\u00e9, \u00e0 son confort, \u00e0 celui des mamans et au bien-\u00eatre des parents, les produits Candide offrent l\u2019assurance d\u2019un savoir-faire exclusif alliant authenticit\u00e9, qualit\u00e9 et s\u00e9curit\u00e9.<\/p>\n<p>Aid\u00e9s des professionnels de la petite enfance, nous sommes \u00e0 l\u2019\u00e9coute permanente des parents, futurs parents et des tendances pour imaginer ce qu\u2019il y a de mieux et de plus beau pour accueillir b\u00e9b\u00e9.<\/p>\n<p>Bebemaman.ma, qui se veut comme toujours, au plus pr\u00e8s des b\u00e9b\u00e9s et de leurs parents, vous offre un large choix de produits\u00a0<strong>Candide Expert<\/strong>\u00a0afin de pouvoir satisfaire chaque besoins.<\/p>\n<\/div>\n","protected":false},"excerpt":{"rendered":"<p>Le brassard d&#8217;allaitement, facilement transportable, permet au parent de s&#8217;accouder confortablement lors de l&#8217;allaitement.<\/p>\n<p>Sa forme ergonomique maintient correctement la t\u00eate de b\u00e9b\u00e9.<\/p>\n<p style=\"text-align: right;\"><img decoding=\"async\" class=\"alignnone wp-image-1084\" src=\"https:\/\/bebemaman.ma\/wp-content\/uploads\/2020\/06\/logo-candide.jpg\" alt=\"\" width=\"102\" height=\"47\" \/><\/p>\n","protected":false},"featured_media":8474,"comment_status":"open","ping_status":"closed","template":"","meta":[],"pwb-brand":[771],"product_brand":[],"product_cat":[120,140],"product_tag":[],"class_list":{"0":"post-8379","1":"product","2":"type-product","3":"status-publish","4":"has-post-thumbnail","6":"pwb-brand-candide","7":"product_cat-allaitement","8":"product_cat-coussin-brassard-dallaitement","10":"first","11":"instock","12":"taxable","13":"shipping-taxable","14":"purchasable","15":"product-type-simple"},"supplier_id":null,"supplier_sku":"","barcode":null,"atum_controlled":true,"out_stock_date":null,"out_stock_threshold":null,"inheritable":false,"inbound_stock":0,"stock_on_hold":0,"sold_today":0,"sales_last_days":0,"reserved_stock":0,"customer_returns":0,"warehouse_damage":0,"lost_in_post":0,"other_logs":0,"out_stock_days":0,"lost_sales":0,"has_location":false,"update_date":"2026-04-18T12:47:14","atum_locations":[],"atum_stock_status":"instock","restock_status":false,"low_stock_amount":"","sales_update_date":"2026-04-18T12:47:14","calc_backorders":null,"jetpack_sharing_enabled":true,"brands":[{"id":771,"name":"Candide","slug":"candide"}],"_links":{"self":[{"href":"https:\/\/bebebio.ma\/index.php\/wp-json\/wp\/v2\/product\/8379","targetHints":{"allow":["GET"]}}],"collection":[{"href":"https:\/\/bebebio.ma\/index.php\/wp-json\/wp\/v2\/product"}],"about":[{"href":"https:\/\/bebebio.ma\/index.php\/wp-json\/wp\/v2\/types\/product"}],"replies":[{"embeddable":true,"href":"https:\/\/bebebio.ma\/index.php\/wp-json\/wp\/v2\/comments?post=8379"}],"wp:featuredmedia":[{"embeddable":true,"href":"https:\/\/bebebio.ma\/index.php\/wp-json\/wp\/v2\/media\/8474"}],"wp:attachment":[{"href":"https:\/\/bebebio.ma\/index.php\/wp-json\/wp\/v2\/media?parent=8379"}],"wp:term":[{"taxonomy":"pwb-brand","embeddable":true,"href":"https:\/\/bebebio.ma\/index.php\/wp-json\/wp\/v2\/pwb-brand?post=8379"},{"taxonomy":"product_brand","embeddable":true,"href":"https:\/\/bebebio.ma\/index.php\/wp-json\/wp\/v2\/product_brand?post=8379"},{"taxonomy":"product_cat","embeddable":true,"href":"https:\/\/bebebio.ma\/index.php\/wp-json\/wp\/v2\/product_cat?post=8379"},{"taxonomy":"product_tag","embeddable":true,"href":"https:\/\/bebebio.ma\/index.php\/wp-json\/wp\/v2\/product_tag?post=8379"}],"curies":[{"name":"wp","href":"https:\/\/api.w.org\/{rel}","templated":true}]}}