{"id":8355,"date":"2024-08-06T21:44:34","date_gmt":"2024-08-06T19:44:34","guid":{"rendered":"https:\/\/bebebio.ma\/?post_type=product&#038;p=8355"},"modified":"2024-08-06T21:46:25","modified_gmt":"2024-08-06T19:46:25","slug":"winfun-melody-gym-rouge-unisexe","status":"publish","type":"product","link":"https:\/\/bebebio.ma\/index.php\/product\/winfun-melody-gym-rouge-unisexe\/","title":{"rendered":"Winfun Melody Gym Rouge Unisexe"},"content":{"rendered":"<h4 class=\"desktop page-title product-details\">Portique musical d\u2019activit\u00e9s \u00ab grandis avec moi \u00bb<\/h4>\n<div class=\"product-details-list\">\n<ul>\n<li>Portique d\u2019activit\u00e9s pour b\u00e9b\u00e9 con\u00e7u pour les 3 stades du d\u00e9veloppement &#8211; couch\u00e9, assis et debout<\/li>\n<li>Centre d\u2019activit\u00e9s ludiques de luxe avec jouets suspendus d\u00e9tachables &#8211; hochet et jouets pour la dentition<\/li>\n<li>Un m\u00e9canisme color\u00e9 qui tourne et une pomme qu\u2019on feuillette jouent des m\u00e9lodies et l\u2019arc s\u2019illumine<\/li>\n<li>Appuyez sur l\u2019\u00e9toile et la lune pour entendre de courtes m\u00e9lodies<\/li>\n<li>Fen\u00eatre coulissante pour r\u00e9v\u00e9ler des surprises avec effets sonores loufoques<\/li>\n<li>Activit\u00e9s tactiles comprenant rouleau \u00ab sourire \u00bb, perles hochet et perles coulissantes des deux c\u00f4t\u00e9s<\/li>\n<li>Facilement convertible pour s\u2019adapter aux besoins de votre enfant<\/li>\n<li>Pieds et console d\u00e9tachables pour faciliter le transport et le rangement<\/li>\n<\/ul>\n<\/div>\n<p>3 piles AA incluses \u00a0 Lot : 4 pi\u00e8ces \/ Dimensions ext. : 3.42 pieds cubes<\/p>\n","protected":false},"excerpt":{"rendered":"<div class=\"product-details-list\">\n<p><img decoding=\"async\" class=\"alignnone wp-image-1702\" src=\"https:\/\/bebemaman.ma\/wp-content\/uploads\/2020\/07\/58d32ece02287.png\" alt=\"\" width=\"50\" height=\"50\" \/><img decoding=\"async\" class=\"alignnone wp-image-1698\" src=\"https:\/\/bebemaman.ma\/wp-content\/uploads\/2020\/07\/58d32eb3ea6e0.png\" alt=\"\" width=\"50\" height=\"50\" \/> \u00a0<img decoding=\"async\" class=\"alignnone wp-image-1700\" src=\"https:\/\/bebemaman.ma\/wp-content\/uploads\/2020\/07\/58d32ec19a73b.png\" alt=\"\" width=\"50\" height=\"50\" \/><img loading=\"lazy\" decoding=\"async\" class=\"alignnone wp-image-1699\" src=\"https:\/\/bebemaman.ma\/wp-content\/uploads\/2020\/07\/58d32ea6366bd.png\" alt=\"\" width=\"50\" height=\"50\" \/><\/p>\n<\/div>\n<p><img loading=\"lazy\" decoding=\"async\" class=\"alignnone wp-image-1704\" src=\"https:\/\/bebemaman.ma\/wp-content\/uploads\/2020\/07\/FireShot-Capture-016-Portique-musical-d\u2019activit\u00e9s-\u00ab-grandis-avec-moi-\u00bb-Product-winfun\u00ae_-www.winfun.com_-360x85.png\" alt=\"\" width=\"212\" height=\"50\" \/><\/p>\n<p style=\"text-align: right;\"><img loading=\"lazy\" decoding=\"async\" class=\"alignnone size-full wp-image-1629\" src=\"https:\/\/bebemaman.ma\/wp-content\/uploads\/2020\/07\/logo2x.png\" alt=\"\" width=\"134\" height=\"48\" \/><\/p>\n","protected":false},"featured_media":8451,"comment_status":"open","ping_status":"closed","template":"","meta":[],"pwb-brand":[781],"product_brand":[],"product_cat":[194,195,201],"product_tag":[],"class_list":{"0":"post-8355","1":"product","2":"type-product","3":"status-publish","4":"has-post-thumbnail","6":"pwb-brand-winfun","7":"product_cat-eveil-jouet","8":"product_cat-jouets-hochets","9":"product_cat-parc-de-jeu","11":"first","12":"instock","13":"taxable","14":"shipping-taxable","15":"purchasable","16":"product-type-simple"},"supplier_id":null,"supplier_sku":"","barcode":null,"atum_controlled":true,"out_stock_date":null,"out_stock_threshold":null,"inheritable":false,"inbound_stock":0,"stock_on_hold":0,"sold_today":0,"sales_last_days":0,"reserved_stock":0,"customer_returns":0,"warehouse_damage":0,"lost_in_post":0,"other_logs":0,"out_stock_days":0,"lost_sales":0,"has_location":false,"update_date":"2026-04-18T12:47:14","atum_locations":[],"atum_stock_status":"instock","restock_status":false,"low_stock_amount":"","sales_update_date":"2026-04-18T12:47:14","calc_backorders":null,"jetpack_sharing_enabled":true,"brands":[{"id":781,"name":"WINFUN","slug":"winfun"}],"_links":{"self":[{"href":"https:\/\/bebebio.ma\/index.php\/wp-json\/wp\/v2\/product\/8355","targetHints":{"allow":["GET"]}}],"collection":[{"href":"https:\/\/bebebio.ma\/index.php\/wp-json\/wp\/v2\/product"}],"about":[{"href":"https:\/\/bebebio.ma\/index.php\/wp-json\/wp\/v2\/types\/product"}],"replies":[{"embeddable":true,"href":"https:\/\/bebebio.ma\/index.php\/wp-json\/wp\/v2\/comments?post=8355"}],"wp:featuredmedia":[{"embeddable":true,"href":"https:\/\/bebebio.ma\/index.php\/wp-json\/wp\/v2\/media\/8451"}],"wp:attachment":[{"href":"https:\/\/bebebio.ma\/index.php\/wp-json\/wp\/v2\/media?parent=8355"}],"wp:term":[{"taxonomy":"pwb-brand","embeddable":true,"href":"https:\/\/bebebio.ma\/index.php\/wp-json\/wp\/v2\/pwb-brand?post=8355"},{"taxonomy":"product_brand","embeddable":true,"href":"https:\/\/bebebio.ma\/index.php\/wp-json\/wp\/v2\/product_brand?post=8355"},{"taxonomy":"product_cat","embeddable":true,"href":"https:\/\/bebebio.ma\/index.php\/wp-json\/wp\/v2\/product_cat?post=8355"},{"taxonomy":"product_tag","embeddable":true,"href":"https:\/\/bebebio.ma\/index.php\/wp-json\/wp\/v2\/product_tag?post=8355"}],"curies":[{"name":"wp","href":"https:\/\/api.w.org\/{rel}","templated":true}]}}