{"id":8263,"date":"2024-08-06T21:42:01","date_gmt":"2024-08-06T19:42:01","guid":{"rendered":"https:\/\/bebebio.ma\/?post_type=product&#038;p=8263"},"modified":"2024-08-06T21:45:33","modified_gmt":"2024-08-06T19:45:33","slug":"neutraderm-eau-nettoyante-douceur-3-en-1-200ml","status":"publish","type":"product","link":"https:\/\/bebebio.ma\/index.php\/product\/neutraderm-eau-nettoyante-douceur-3-en-1-200ml\/","title":{"rendered":"Neutraderm &#8211; Eau nettoyante douceur 3 en 1 &#8211; 200ml"},"content":{"rendered":"<p><strong>Neutraderm Baby Eau nettoyante douceur 3 en 1<\/strong>\u00a0est une eau qui permet de nettoyer tout en douceur\u00a0<strong>le corps, le visage et le si\u00e8ge<\/strong> des b\u00e9b\u00e9s. La peau de b\u00e9b\u00e9 est souvent tr\u00e8s fragile et son nettoyage quotidien peut la fragiliser davantage, c&#8217;est pourquoi l&#8217;eau nettoyante Neutraderm Baby est un produit d&#8217;hygi\u00e8ne id\u00e9al. En effet, elle permet de nettoyer en un seul geste la peau de b\u00e9b\u00e9 et ne n\u00e9cessite <strong>pas de rin\u00e7age.<\/strong><\/p>\n<p>L&#8217;eau nettoyante douceur 3 en 1 Baby <strong>respecte le microbiome cutan\u00e9<\/strong>. Le microbiome cutan\u00e9 est constitu\u00e9 de l&#8217;ensemble des micro-organismes naturellement pr\u00e9sents sur la peau, assurant une protection naturelle contre les agressions ext\u00e9rieures.\u00a0Avec l&#8217;<strong>eau nettoyante<\/strong> douceur 3 en 1, cette protection est pr\u00e9serv\u00e9e. L&#8217;eau nettoyante b\u00e9b\u00e9 Neutraderm int\u00e8gre l&#8217;Active Oligo Skin Complex qui est un actif naturel brevet\u00e9, issu de la mer d&#8217;Iroise, naturellement riche en min\u00e9raux et en oligo-\u00e9l\u00e9ments. En un seul geste, la peau de b\u00e9b\u00e9 est nettoy\u00e9e et apais\u00e9e.<\/p>\n<p>Sa\u00a0<strong>formule ultra-douce<\/strong>\u00a0ne colle pas et ne dess\u00e8che pas la peau de b\u00e9b\u00e9. Elle est id\u00e9ale pour\u00a0sa peau et notamment pour nettoyer son si\u00e8ge, r\u00e9guli\u00e8rement en contact avec les selles et l&#8217;urine.\u00a0L&#8217;eau nettoyante\u00a0douceur 3 en 1 \u00e9limine les impuret\u00e9s avec\u00a0<strong>un maximum d&#8217;efficacit\u00e9<\/strong>\u00a0tout en pr\u00e9servant la peau de b\u00e9b\u00e9. Elle laisse sa peau propre et douce.<\/p>\n<p>L&#8217;eau nettoyante\u00a0douceur 3 en 1 <strong>Neutraderm<\/strong> permet \u00e9galement de nettoyer les cheveux de votre tout petit.<\/p>\n<p><strong>Conditionnement :<\/strong>\u00a01 flacon de 200 ml ou 1 <a href=\"https:\/\/bebemaman.ma\/produit\/parabebemaman\/gamme-soin-bebe\/neutraderm\/neutraderm-baby-eau-nettoyante-douceur-3-en-1-1l\/\" target=\"_blank\" rel=\"noopener\">flacon pompe de 1L<\/a><\/p>\n<div class=\"ms-editor-squiggler\" style=\"color: initial;font: initial;background: initial;background-blend-mode: initial;border: initial;border-radius: initial;border-collapse: initial;caption-side: initial;clear: initial;columns: initial;column-fill: initial;gap: initial;column-rule: initial;column-span: initial;cursor: initial;filter: initial;flex: initial;flex-flow: initial;float: initial;height: 0px;letter-spacing: initial;margin: initial;max-height: initial;max-width: initial;min-height: initial;min-width: initial;object-fit: initial;object-position: initial;overflow: initial;padding: initial;text-align: initial;text-decoration: initial;text-indent: initial;text-transform: initial;vertical-align: initial;border-spacing: initial;width: initial\"><\/div>\n","protected":false},"excerpt":{"rendered":"<p>Neutraderm Baby Eau nettoyante douceur 3 en 1\u00a0est une eau qui permet de nettoyer tout en douceur\u00a0le corps, le visage et le si\u00e8ge\u00a0des b\u00e9b\u00e9s. La peau de b\u00e9b\u00e9 est souvent tr\u00e8s fragile et son nettoyage quotidien peut la fragiliser davantage, c&#8217;est pourquoi l&#8217;eau nettoyante Neutraderm est un produit d&#8217;hygi\u00e8ne id\u00e9al. En effet, elle permet de nettoyer en un seul geste la peau de b\u00e9b\u00e9 et ne n\u00e9cessite\u00a0pas de rin\u00e7age.<\/p>\n<p style=\"text-align: right\"><img decoding=\"async\" class=\"alignnone wp-image-1551\" src=\"https:\/\/bebemaman.ma\/wp-content\/uploads\/2020\/06\/a7362a3992d61c8626fcba89772a9169_1453218766.png\" alt=\"\" width=\"107\" height=\"36\" \/><\/p>\n<div class=\"ms-editor-squiggler\" style=\"color: initial;font: initial;background: initial;background-blend-mode: initial;border: initial;border-radius: initial;border-collapse: initial;caption-side: initial;clear: initial;columns: initial;column-fill: initial;gap: initial;column-rule: initial;column-span: initial;cursor: initial;filter: initial;flex: initial;flex-flow: initial;float: initial;height: 0px;letter-spacing: initial;margin: initial;max-height: initial;max-width: initial;min-height: initial;min-width: initial;object-fit: initial;object-position: initial;overflow: initial;padding: initial;text-align: initial;text-decoration: initial;text-indent: initial;text-transform: initial;vertical-align: initial;border-spacing: initial;width: initial\"><\/div>\n","protected":false},"featured_media":8390,"comment_status":"open","ping_status":"closed","template":"","meta":[],"pwb-brand":[780],"product_brand":[],"product_cat":[759,246,64,75,748],"product_tag":[188],"class_list":{"0":"post-8263","1":"product","2":"type-product","3":"status-publish","4":"has-post-thumbnail","6":"pwb-brand-neutraderm","7":"product_cat-lait-eau-nettoyante-soins","8":"product_cat-neutraderm-choix-par-gamme","9":"product_cat-para-bebe","10":"product_cat-promos","11":"product_cat-soins","12":"product_tag-neutraderm","14":"first","15":"instock","16":"sale","17":"taxable","18":"shipping-taxable","19":"purchasable","20":"product-type-simple"},"supplier_id":null,"supplier_sku":"","barcode":null,"atum_controlled":true,"out_stock_date":null,"out_stock_threshold":null,"inheritable":false,"inbound_stock":null,"stock_on_hold":0,"sold_today":0,"sales_last_days":0,"reserved_stock":null,"customer_returns":null,"warehouse_damage":null,"lost_in_post":null,"other_logs":null,"out_stock_days":0,"lost_sales":0,"has_location":null,"update_date":"2026-04-18T12:47:14","atum_locations":[],"atum_stock_status":"instock","restock_status":false,"low_stock_amount":"","sales_update_date":"2026-04-18T12:47:14","calc_backorders":null,"jetpack_sharing_enabled":true,"brands":[{"id":780,"name":"Neutraderm","slug":"neutraderm"}],"_links":{"self":[{"href":"https:\/\/bebebio.ma\/index.php\/wp-json\/wp\/v2\/product\/8263","targetHints":{"allow":["GET"]}}],"collection":[{"href":"https:\/\/bebebio.ma\/index.php\/wp-json\/wp\/v2\/product"}],"about":[{"href":"https:\/\/bebebio.ma\/index.php\/wp-json\/wp\/v2\/types\/product"}],"replies":[{"embeddable":true,"href":"https:\/\/bebebio.ma\/index.php\/wp-json\/wp\/v2\/comments?post=8263"}],"wp:featuredmedia":[{"embeddable":true,"href":"https:\/\/bebebio.ma\/index.php\/wp-json\/wp\/v2\/media\/8390"}],"wp:attachment":[{"href":"https:\/\/bebebio.ma\/index.php\/wp-json\/wp\/v2\/media?parent=8263"}],"wp:term":[{"taxonomy":"pwb-brand","embeddable":true,"href":"https:\/\/bebebio.ma\/index.php\/wp-json\/wp\/v2\/pwb-brand?post=8263"},{"taxonomy":"product_brand","embeddable":true,"href":"https:\/\/bebebio.ma\/index.php\/wp-json\/wp\/v2\/product_brand?post=8263"},{"taxonomy":"product_cat","embeddable":true,"href":"https:\/\/bebebio.ma\/index.php\/wp-json\/wp\/v2\/product_cat?post=8263"},{"taxonomy":"product_tag","embeddable":true,"href":"https:\/\/bebebio.ma\/index.php\/wp-json\/wp\/v2\/product_tag?post=8263"}],"curies":[{"name":"wp","href":"https:\/\/api.w.org\/{rel}","templated":true}]}}