{"id":8258,"date":"2024-08-06T21:42:01","date_gmt":"2024-08-06T19:42:01","guid":{"rendered":"https:\/\/bebebio.ma\/?post_type=product&#038;p=8258"},"modified":"2024-08-06T21:44:55","modified_gmt":"2024-08-06T19:44:55","slug":"babymoov-babybols-multiset-3x120ml-3x180ml-6x250ml-3-cuilleres","status":"publish","type":"product","link":"https:\/\/bebebio.ma\/index.php\/product\/babymoov-babybols-multiset-3x120ml-3x180ml-6x250ml-3-cuilleres\/","title":{"rendered":"Babymoov Babybols MultiSet (3x120ml + 3x180ml + 6x250ml + 3 cuill\u00e8res)"},"content":{"rendered":"<h4 style=\"text-align: center;\">Babymoov Babybols MultiSet (3x120ml + 3x180ml + 6x250ml + 3 cuill\u00e8res)<\/h4>\n<p><a href=\"https:\/\/bebemaman.ma\/marque\/babymoov\/\" target=\"_blank\" rel=\"noopener\">Babymoov<\/a> Babybols MultiSet (3x120ml + 3x180ml + 6x250ml + 3 cuill\u00e8res) est un kit de conservation complet, parfait pour les premiers repas de b\u00e9b\u00e9 dans le cadre de la diversification alimentaire. Il contient 3 babybols de 120 ml, 3 babybols de 180 ml, 6 babybols de 250 ml ainsi que 3 cuill\u00e8res souples premier repas.<\/p>\n<p>Les Babybols permettent de conserver, transporter et r\u00e9chauffer facilement les repas de b\u00e9b\u00e9. Ils conservent les aliments au r\u00e9frig\u00e9rateur et au cong\u00e9lateur. Ils permettent de transporter les repas de b\u00e9b\u00e9 gr\u00e2ce \u00e0 leur couvercle parfaitement herm\u00e9tique. Ils passent au micro-ondes, au lave-vaisselle et sont st\u00e9rilisables.<\/p>\n<p>Les Babybols se r\u00e9v\u00e8lent tr\u00e8s pratiques lors de la diversification alimentaire. Ce multi-set permet de pr\u00e9voir tous les repas de la semaine avec un dosage pr\u00e9cis gr\u00e2ce aux graduations. Pratique, leur couvercle inscriptible permet de noter le plat conserv\u00e9 !<\/p>\n<p><strong>Le kit de conservation comprend :<\/strong><br \/>\n&#8211; 3 babybols 120 ml<br \/>\n&#8211; 3 babybols 180 ml<br \/>\n&#8211; 6 babybols 250 ml<br \/>\n&#8211; 3 cuill\u00e8res souples<\/p>\n<h4>Caract\u00e9ristiques :<\/h4>\n<ul>\n<li>Pratique pour conserver et transporter les repas de b\u00e9b\u00e9<\/li>\n<li>Mati\u00e8re transparente et surface r\u00e9inscriptible pour noter le plat conserv\u00e9<\/li>\n<li>Couvercle viss\u00e9 pour une fermeture 100% herm\u00e9tique<\/li>\n<li>Bols gradu\u00e9s<\/li>\n<li>St\u00e9rilisable, passe au micro-ondes, cong\u00e9lateur et au lave-vaisselle<\/li>\n<li>Fabrication fran\u00e7aise<\/li>\n<li>Composition : polypropyl\u00e8ne<\/li>\n<\/ul>\n<h4>Marque :<\/h4>\n<p>Voil\u00e0 20 ans que\u00a0<strong>Babymoov<\/strong>\u00a0se distingue par l\u2019innovation et son go\u00fbt high-tech. Mondialement c\u00e9l\u00e8bre depuis Babyphone, la marque s\u00e9duit avec des accessoires d\u00e9di\u00e9s au confort des b\u00e9b\u00e9s mais aussi de la grossesse. Ceinture de sommeil soutenant le ventre de future maman ou transat b\u00e9b\u00e9 douillet comme un nid, le bien-\u00eatre naturel est au c\u0153ur du design. \u00c9galement fan de robotique,\u00a0<strong>Babymoov<\/strong>\u00a0simplifie l\u2019organisation des biberons et repas. Et avec son sac \u00e0 langer qui pense \u00e0 tout, voyager avec b\u00e9b\u00e9 est un jeu d\u2019enfant pour les parents.<\/p>\n<p>Plus qu\u2019une entreprise,\u00a0<strong>Babymoov<\/strong>\u00a0est une id\u00e9e: L\u2019id\u00e9e de vouloir\u00a0<strong>prendre soin des g\u00e9n\u00e9rations futures<\/strong>.<\/p>\n<p>En cr\u00e9ant des solutions et des produits pour les parents et leur b\u00e9b\u00e9, pour aujourd\u2019hui et pour demain. En facilitant et simplifiant leur quotidien, pour profiter de la vie de famille et en savourer chaque instant. Au-del\u00e0 de l\u2019intention, prendre soin des g\u00e9n\u00e9rations futures est devenu l\u2019ambition de cette marque. Elle guide chaque jour les actions men\u00e9es par leurs collaborateurs. Et tout cela, depuis le si\u00e8ge de leur groupe situ\u00e9 au pied des volcans d&#8217;Auvergne, \u00e0 Clermont-Ferrand.<\/p>\n<p><strong>Vous allez adorer le futur avec Babymoov !<\/strong><\/p>\n","protected":false},"excerpt":{"rendered":"<div class=\"std\"><strong>Conservez et r\u00e9chauffez parfaitement vos pr\u00e9parations pour b\u00e9b\u00e9 !<\/strong><\/div>\n<div class=\"extra-info\">\n<p style=\"text-align: right;\"><img decoding=\"async\" class=\"alignnone wp-image-1361\" src=\"https:\/\/bebemaman.ma\/wp-content\/uploads\/2020\/06\/900x900_babymoov_transparent-360x360.png\" alt=\"\" width=\"110\" height=\"110\" \/><\/p>\n<\/div>\n","protected":false},"featured_media":8370,"comment_status":"open","ping_status":"closed","template":"","meta":[],"pwb-brand":[768],"product_brand":[],"product_cat":[111,183,156],"product_tag":[],"class_list":{"0":"post-8258","1":"product","2":"type-product","3":"status-publish","4":"has-post-thumbnail","6":"pwb-brand-babymoov","7":"product_cat-alimentation","8":"product_cat-boites-de-conservation","9":"product_cat-repas","11":"first","12":"instock","13":"taxable","14":"shipping-taxable","15":"purchasable","16":"product-type-simple"},"supplier_id":null,"supplier_sku":"","barcode":null,"atum_controlled":true,"out_stock_date":null,"out_stock_threshold":null,"inheritable":false,"inbound_stock":null,"stock_on_hold":0,"sold_today":0,"sales_last_days":0,"reserved_stock":null,"customer_returns":null,"warehouse_damage":null,"lost_in_post":null,"other_logs":null,"out_stock_days":0,"lost_sales":0,"has_location":null,"update_date":"2026-04-14T10:47:37","atum_locations":[],"atum_stock_status":"instock","restock_status":false,"low_stock_amount":"","sales_update_date":"2026-04-14T10:47:37","calc_backorders":null,"jetpack_sharing_enabled":true,"brands":[{"id":768,"name":"Babymoov","slug":"babymoov"}],"_links":{"self":[{"href":"https:\/\/bebebio.ma\/index.php\/wp-json\/wp\/v2\/product\/8258","targetHints":{"allow":["GET"]}}],"collection":[{"href":"https:\/\/bebebio.ma\/index.php\/wp-json\/wp\/v2\/product"}],"about":[{"href":"https:\/\/bebebio.ma\/index.php\/wp-json\/wp\/v2\/types\/product"}],"replies":[{"embeddable":true,"href":"https:\/\/bebebio.ma\/index.php\/wp-json\/wp\/v2\/comments?post=8258"}],"wp:featuredmedia":[{"embeddable":true,"href":"https:\/\/bebebio.ma\/index.php\/wp-json\/wp\/v2\/media\/8370"}],"wp:attachment":[{"href":"https:\/\/bebebio.ma\/index.php\/wp-json\/wp\/v2\/media?parent=8258"}],"wp:term":[{"taxonomy":"pwb-brand","embeddable":true,"href":"https:\/\/bebebio.ma\/index.php\/wp-json\/wp\/v2\/pwb-brand?post=8258"},{"taxonomy":"product_brand","embeddable":true,"href":"https:\/\/bebebio.ma\/index.php\/wp-json\/wp\/v2\/product_brand?post=8258"},{"taxonomy":"product_cat","embeddable":true,"href":"https:\/\/bebebio.ma\/index.php\/wp-json\/wp\/v2\/product_cat?post=8258"},{"taxonomy":"product_tag","embeddable":true,"href":"https:\/\/bebebio.ma\/index.php\/wp-json\/wp\/v2\/product_tag?post=8258"}],"curies":[{"name":"wp","href":"https:\/\/api.w.org\/{rel}","templated":true}]}}