{"id":8237,"date":"2024-08-06T21:41:32","date_gmt":"2024-08-06T19:41:32","guid":{"rendered":"https:\/\/bebebio.ma\/?post_type=product&#038;p=8237"},"modified":"2024-08-06T21:44:39","modified_gmt":"2024-08-06T19:44:39","slug":"badabulle-seche-biberon-egouttoir","status":"publish","type":"product","link":"https:\/\/bebebio.ma\/index.php\/product\/badabulle-seche-biberon-egouttoir\/","title":{"rendered":"Badabulle S\u00e8che Biberon Egouttoir"},"content":{"rendered":"<p style=\"text-align: center\"><strong><a href=\"https:\/\/bebemaman.ma\/marque\/badabulle\/\" target=\"_blank\" rel=\"noopener\">BADABULLE <\/a>Seche Biberon Egouttoir<\/strong><\/p>\n<p>D\u00e9couvrez le<strong>\u00a0s\u00e8che biberons<\/strong>\u00a0et accessoires de la marque\u00a0<a href=\"https:\/\/bebemaman.ma\/marque\/badabulle\/\" target=\"_blank\" rel=\"noopener\"><strong>Badabulle<\/strong><\/a>. Id\u00e9la pour faire s\u00e8cher tous les biberons et les accessoires de votre enfant.<\/p>\n<h4>Quels sont les points forts du produit ?<\/h4>\n<ul>\n<li>Permet de faire s\u00e9cher les biberons de fa\u00e7on hygi\u00e8nique<\/li>\n<li>Peut contenir jusqu&#8217;\u00e0 6 biberons \u00e0 col large, t\u00e9tines, anneaux de dentition et joints d&#8217;\u00e9tanch\u00e9it\u00e9<\/li>\n<li>Grande capacit\u00e9<\/li>\n<\/ul>\n<h4>Quelles sont les caract\u00e9ristiques de <a href=\"https:\/\/bebemaman.ma\/marque\/badabulle\/\" target=\"_blank\" rel=\"noopener\">BADABULLE<\/a> Seche Biberon Egouttoir?<\/h4>\n<p>Ce s\u00e8che biberons est tr\u00e8s pratique et ne prend que peu de place sur le plan de travail. Il vous permet de faire s\u00e8cher jusqu&#8217;\u00e0 6 biberons et accessoires de biberons en m\u00eame temps. Pour toujours plus d&#8217;hygi\u00e8ne, l&#8217;\u00e9gouttoir passe au lave vaisselle.<\/p>\n<h4>Quelles sont les sp\u00e9cificit\u00e9s du produit ?<\/h4>\n<p>Mati\u00e8re : plastique<br \/>\nPasse au lave vaisselle<\/p>\n<h4>La marque :<\/h4>\n<p><a href=\"https:\/\/bebemaman.ma\/marque\/badabulle\/\" target=\"_blank\" rel=\"noopener\"><strong>Badabulle<\/strong> <\/a>sait que dans la vraie vie, l\u2019arriv\u00e9e d\u20191 (2,3 ou 4\u2026) b\u00e9b\u00e9(s) chamboule tout. Depuis 10 ans, nous d\u00e9veloppons des produits qui simplifient vraiment votre quotidien ! Pour y arriver, <a href=\"https:\/\/bebemaman.ma\/marque\/badabulle\/\" target=\"_blank\" rel=\"noopener\"><strong>Badabulle<\/strong> <\/a>est au c\u0153ur des familles. Nous cr\u00e9ons les collections de demain avec vous, les parents, lors des ateliers \u00ab dr\u00f4lement fut\u00e9s \u00bb ! Entre inqui\u00e9tude, fatigue et admiration de votre Bout\u2019choux, sans tabou, on se dit tout ! Gr\u00e2ce \u00e0 cette collaboration, les produits <a href=\"https:\/\/bebemaman.ma\/marque\/badabulle\/\" target=\"_blank\" rel=\"noopener\"><strong>Badabulle<\/strong> <\/a>sont dr\u00f4lement pratiques, terriblement astucieux et 100% color\u00e9s. Parce que vous nous avez confi\u00e9 vos secrets, vos pr\u00e9occupations, nous savons qu\u2019avant toute chose nous devons vous garantir qualit\u00e9 et fiabilit\u00e9. Que ce soit pour le Repas, le Bain, la Sortie, le Confort ou la S\u00e9curit\u00e9, tous les produits <strong>Badabulle<\/strong> sont garantis \u00e0 vie. Mais ne c\u00e9dons pas \u00e0 la morosit\u00e9 ! Nous voulons de la couleur, du peps et de l\u2019audace. L\u2019engagement de <strong>Badabulle<\/strong> : vous permettre de VOUS FAIRE PLAISIR en toute confiance SANS VOUS RUINER.<\/p>\n","protected":false},"excerpt":{"rendered":"<h3 class=\"product-name\">SECHE BIBERON EGOUTTOIR<\/h3>\n<div id=\"short_description_block\">\n<div id=\"short_description_content\" class=\"rte align_justify\">\n<p class=\"h1\">Design et pratique !<\/p>\n<div class=\"product-name\">\n<p style=\"text-align: right\"><img decoding=\"async\" class=\"alignnone wp-image-1378\" src=\"https:\/\/bebemaman.ma\/wp-content\/uploads\/2020\/06\/dababulle-logo-360x117.png\" alt=\"\" width=\"105\" height=\"34\" \/><\/p>\n<\/div>\n<\/div>\n<\/div>\n<div class=\"ms-editor-squiggler\" style=\"color: initial;font: initial;writing-mode: initial;aspect-ratio: initial;background: initial;background-blend-mode: initial;border: initial;border-radius: initial;border-collapse: initial;box-shadow: initial;caption-side: initial;clear: initial;columns: initial;column-fill: initial;gap: initial;column-rule: initial;column-span: initial;cursor: initial;filter: initial;flex: initial;flex-flow: initial;float: initial;height: 0px;letter-spacing: initial;margin: initial;max-height: initial;max-width: initial;min-height: initial;min-width: initial;object-fit: initial;object-position: initial;overflow: initial;padding: initial;position: initial;text-align: initial;text-decoration: initial;text-indent: initial;text-transform: initial;vertical-align: initial;border-spacing: initial;width: initial;z-index: initial\"><\/div>\n","protected":false},"featured_media":8360,"comment_status":"closed","ping_status":"closed","template":"","meta":[],"pwb-brand":[776],"product_brand":[],"product_cat":[111,350],"product_tag":[],"class_list":{"0":"post-8237","1":"product","2":"type-product","3":"status-publish","4":"has-post-thumbnail","6":"pwb-brand-badabulle","7":"product_cat-alimentation","8":"product_cat-egoutte-biberon-biberons-alimentation","10":"first","11":"instock","12":"taxable","13":"shipping-taxable","14":"purchasable","15":"product-type-simple"},"supplier_id":null,"supplier_sku":"","barcode":null,"atum_controlled":true,"out_stock_date":null,"out_stock_threshold":null,"inheritable":false,"inbound_stock":null,"stock_on_hold":0,"sold_today":0,"sales_last_days":0,"reserved_stock":null,"customer_returns":null,"warehouse_damage":null,"lost_in_post":null,"other_logs":null,"out_stock_days":0,"lost_sales":0,"has_location":null,"update_date":"2026-04-19T18:42:27","atum_locations":[],"atum_stock_status":"instock","restock_status":false,"low_stock_amount":"","sales_update_date":"2026-04-19T18:42:27","calc_backorders":null,"jetpack_sharing_enabled":true,"brands":[{"id":776,"name":"Badabulle","slug":"badabulle"}],"_links":{"self":[{"href":"https:\/\/bebebio.ma\/index.php\/wp-json\/wp\/v2\/product\/8237","targetHints":{"allow":["GET"]}}],"collection":[{"href":"https:\/\/bebebio.ma\/index.php\/wp-json\/wp\/v2\/product"}],"about":[{"href":"https:\/\/bebebio.ma\/index.php\/wp-json\/wp\/v2\/types\/product"}],"replies":[{"embeddable":true,"href":"https:\/\/bebebio.ma\/index.php\/wp-json\/wp\/v2\/comments?post=8237"}],"wp:featuredmedia":[{"embeddable":true,"href":"https:\/\/bebebio.ma\/index.php\/wp-json\/wp\/v2\/media\/8360"}],"wp:attachment":[{"href":"https:\/\/bebebio.ma\/index.php\/wp-json\/wp\/v2\/media?parent=8237"}],"wp:term":[{"taxonomy":"pwb-brand","embeddable":true,"href":"https:\/\/bebebio.ma\/index.php\/wp-json\/wp\/v2\/pwb-brand?post=8237"},{"taxonomy":"product_brand","embeddable":true,"href":"https:\/\/bebebio.ma\/index.php\/wp-json\/wp\/v2\/product_brand?post=8237"},{"taxonomy":"product_cat","embeddable":true,"href":"https:\/\/bebebio.ma\/index.php\/wp-json\/wp\/v2\/product_cat?post=8237"},{"taxonomy":"product_tag","embeddable":true,"href":"https:\/\/bebebio.ma\/index.php\/wp-json\/wp\/v2\/product_tag?post=8237"}],"curies":[{"name":"wp","href":"https:\/\/api.w.org\/{rel}","templated":true}]}}