{"id":8213,"date":"2024-08-06T21:41:09","date_gmt":"2024-08-06T19:41:09","guid":{"rendered":"https:\/\/bebebio.ma\/?post_type=product&#038;p=8213"},"modified":"2024-08-06T21:44:22","modified_gmt":"2024-08-06T19:44:22","slug":"badabulle-sac-a-langer-boho-gris","status":"publish","type":"product","link":"https:\/\/bebebio.ma\/index.php\/product\/badabulle-sac-a-langer-boho-gris\/","title":{"rendered":"Badabulle Sac \u00e0 langer Boho Gris"},"content":{"rendered":"<h4 style=\"text-align: center;\"><a href=\"https:\/\/bebemaman.ma\/marque\/badabulle\/\" target=\"_blank\" rel=\"noopener\">Badabulle<\/a> Sac \u00e0 langer Boho Gris<\/h4>\n<h4>Pour les promenades en famille<\/h4>\n<p>Badabulle Sac \u00e0 langer Boho Gris est id\u00e9al pour vous accompagner lors de vos promenades avec b\u00e9b\u00e9. Avec son ouverture double zip, le <strong>sac Boho<\/strong>\u00a0s&#8217;ouvre d&#8217;une seule main.<\/p>\n<p>Cette grande ouverture vous permet de voir l&#8217;ensemble du contenu du sac d&#8217;un seul coup d&#8217;\u0153il, super pratique quand on a b\u00e9b\u00e9 dans les bras ! Bien organis\u00e9es dans la poche avant ou dans les rangements int\u00e9rieurs, les affaires de b\u00e9b\u00e9 sont toujours \u00e0 port\u00e9e<\/p>\n<ul>\n<li>Ouverture large et pratique avec double zip<\/li>\n<li>Grande poche int\u00e9rieure avec de multiples rangements<\/li>\n<li>Poche ext\u00e9rieure tr\u00e8s facile d\u2019acc\u00e8s avec de multiples rangements<\/li>\n<li>Housse isotherme pour tous types de biberons ou bouteille de 50cl<\/li>\n<li>Plan \u00e0 langer facile \u00e0 nettoyer<\/li>\n<\/ul>\n<h4><strong>Badabulle, une marque du groupe Babymoov<\/strong><\/h4>\n<p>La marque fait partie du groupe fran\u00e7ais Babymoov.<\/p>\n<p>Elle propose aux parents des produits innovants, \u00e9volutifs et pratiques.<\/p>\n<p>Badabulle fait appel \u00e0 l\u2019exp\u00e9rience des parents pour concevoir ses produits. Ils sont m\u00eame int\u00e9gr\u00e9s aux processus de cr\u00e9ation pour \u00eatre au plus pr\u00e8s de la r\u00e9alit\u00e9.<\/p>\n<p>Badabulle dispose de 6 gammes diff\u00e9rentes : le repas, le confort, le bain, Disney, les sorties et la s\u00e9curit\u00e9.<\/p>\n<section class=\"col-xx-12 listingHeader\">\n<div class=\"row\">\n<div class=\"col-xx-12 listingHeaderContent pb1 pt1 tac\">\n<div class=\"container\">\n<div class=\"moreTxt_70 lg md sm xs xx fzrem11 lh12\">Badabulle sait que dans la vraie vie, l\u2019arriv\u00e9e d\u20191 (2,3 ou 4\u2026) b\u00e9b\u00e9(s) chamboule tout. Depuis 10 ans, nous d\u00e9veloppons des produits qui simplifient vraiment votre quotidien ! Pour y arriver, Badabulle est au c\u0153ur des familles. Nous cr\u00e9ons les collections de demain avec vous, les parents, lors des ateliers \u00ab dr\u00f4lement fut\u00e9s \u00bb ! Entre inqui\u00e9tude, fatigue et admiration de votre Bout\u2019choux, sans tabou, on se dit tout ! Gr\u00e2ce \u00e0 cette collaboration, les produits Badabulle sont dr\u00f4lement pratiques, terriblement astucieux et 100% color\u00e9s. Parce que vous nous avez confi\u00e9 vos secrets, vos pr\u00e9occupations, nous savons qu\u2019avant toute chose nous devons vous garantir qualit\u00e9 et fiabilit\u00e9. Que ce soit pour le Repas, le Bain, la Sortie, le Confort ou la S\u00e9curit\u00e9, tous les produits Badabulle sont garantis \u00e0 vie. Mais ne c\u00e9dons pas \u00e0 la morosit\u00e9 ! Nous voulons de la couleur, du pepset de l\u2019audace. L\u2019engagement de Badabulle : vous permettre de VOUS FAIRE PLAISIR en toute confiance SANS VOUS RUINER.<\/div>\n<\/div>\n<\/div>\n<\/div>\n<\/section>\n<section id=\"listing\" class=\"col-xx-12 listing scrollContainer p0-sm-max\" data-numb-result=\"91\">\n<div class=\"row\">\n<aside class=\"container\">\n<div class=\"row filtersWrapper cd-panel--from-left js-cd-panel-main\">\n<section id=\"filters\" class=\"col-xx-12 filters p0\">\n<div class=\"cd-panel__container\">\n<div class=\"col-xx-12 cd-panel__content\">\n<div class=\"row collapsableUniq\">\n<div class=\"filtersContent\">\n<div id=\"filter_offer\" class=\"filterWrapper\">\n<div class=\"posr w100\">\n<aside class=\"filter collapsable off filterStd collapsableOk\">\n<div class=\"filterTt\"><\/div>\n<\/aside>\n<\/div>\n<\/div>\n<\/div>\n<\/div>\n<\/div>\n<\/div>\n<\/section>\n<\/div>\n<\/aside>\n<\/div>\n<\/section>\n","protected":false},"excerpt":{"rendered":"<h4>Complet et ultra-pratique<\/h4>\n<div id=\"short_description_block\">\n<div id=\"short_description_content\" class=\"rte align_justify\">\n<p class=\"pdp-description-title\">Moderne et bien pens\u00e9, le sac Boho BADABULLE est id\u00e9al pour vous accompagner lors de vos promenades avec b\u00e9b\u00e9.<\/p>\n<p style=\"text-align: right;\"><img decoding=\"async\" class=\"alignnone wp-image-1378\" src=\"https:\/\/bebemaman.ma\/wp-content\/uploads\/2020\/06\/dababulle-logo-360x117.png\" alt=\"\" width=\"105\" height=\"34\" \/><\/p>\n<\/div>\n<\/div>\n<div class=\"ms-editor-squiggler\" style=\"color: initial; font: initial; background: initial; background-blend-mode: initial; border: initial; border-radius: initial; border-collapse: initial; caption-side: initial; clear: initial; columns: initial; column-fill: initial; column-rule: initial; column-span: initial; cursor: initial; flex: initial; flex-flow: initial; float: initial; height: 0px; letter-spacing: initial; margin: initial; max-height: initial; max-width: initial; min-height: initial; min-width: initial; object-position: initial; overflow: initial; padding: initial; text-align: initial; text-decoration: initial; text-indent: initial; text-transform: initial; vertical-align: initial; border-spacing: initial; width: initial;\"><\/div>\n","protected":false},"featured_media":8331,"comment_status":"closed","ping_status":"closed","template":"","meta":[],"pwb-brand":[776],"product_brand":[],"product_cat":[165,177],"product_tag":[],"class_list":{"0":"post-8213","1":"product","2":"type-product","3":"status-publish","4":"has-post-thumbnail","6":"pwb-brand-badabulle","7":"product_cat-promenade","8":"product_cat-sac-a-langer","10":"first","11":"instock","12":"taxable","13":"shipping-taxable","14":"purchasable","15":"product-type-simple"},"supplier_id":null,"supplier_sku":"","barcode":null,"atum_controlled":true,"out_stock_date":null,"out_stock_threshold":null,"inheritable":false,"inbound_stock":null,"stock_on_hold":0,"sold_today":0,"sales_last_days":0,"reserved_stock":null,"customer_returns":null,"warehouse_damage":null,"lost_in_post":null,"other_logs":null,"out_stock_days":0,"lost_sales":0,"has_location":null,"update_date":"2026-04-18T12:47:13","atum_locations":[],"atum_stock_status":"instock","restock_status":false,"low_stock_amount":"","sales_update_date":"2026-04-18T12:47:13","calc_backorders":null,"jetpack_sharing_enabled":true,"brands":[{"id":776,"name":"Badabulle","slug":"badabulle"}],"_links":{"self":[{"href":"https:\/\/bebebio.ma\/index.php\/wp-json\/wp\/v2\/product\/8213","targetHints":{"allow":["GET"]}}],"collection":[{"href":"https:\/\/bebebio.ma\/index.php\/wp-json\/wp\/v2\/product"}],"about":[{"href":"https:\/\/bebebio.ma\/index.php\/wp-json\/wp\/v2\/types\/product"}],"replies":[{"embeddable":true,"href":"https:\/\/bebebio.ma\/index.php\/wp-json\/wp\/v2\/comments?post=8213"}],"wp:featuredmedia":[{"embeddable":true,"href":"https:\/\/bebebio.ma\/index.php\/wp-json\/wp\/v2\/media\/8331"}],"wp:attachment":[{"href":"https:\/\/bebebio.ma\/index.php\/wp-json\/wp\/v2\/media?parent=8213"}],"wp:term":[{"taxonomy":"pwb-brand","embeddable":true,"href":"https:\/\/bebebio.ma\/index.php\/wp-json\/wp\/v2\/pwb-brand?post=8213"},{"taxonomy":"product_brand","embeddable":true,"href":"https:\/\/bebebio.ma\/index.php\/wp-json\/wp\/v2\/product_brand?post=8213"},{"taxonomy":"product_cat","embeddable":true,"href":"https:\/\/bebebio.ma\/index.php\/wp-json\/wp\/v2\/product_cat?post=8213"},{"taxonomy":"product_tag","embeddable":true,"href":"https:\/\/bebebio.ma\/index.php\/wp-json\/wp\/v2\/product_tag?post=8213"}],"curies":[{"name":"wp","href":"https:\/\/api.w.org\/{rel}","templated":true}]}}