{"id":8191,"date":"2024-08-06T21:40:40","date_gmt":"2024-08-06T19:40:40","guid":{"rendered":"https:\/\/bebebio.ma\/?post_type=product&#038;p=8191"},"modified":"2024-08-06T21:44:08","modified_gmt":"2024-08-06T19:44:08","slug":"uriage-bebe-1er-soin-peri-oral-30ml","status":"publish","type":"product","link":"https:\/\/bebebio.ma\/index.php\/product\/uriage-bebe-1er-soin-peri-oral-30ml\/","title":{"rendered":"Uriage B\u00e9b\u00e9 1er Soin P\u00e9ri-Oral 30ml"},"content":{"rendered":"<p style=\"text-align: center;\"><strong>Uriage B\u00e9b\u00e9 1er Soin P\u00e9ri-Oral 30ml<\/strong><\/p>\n<p><strong>Uriage<\/strong> B\u00e9b\u00e9 1er Soin P\u00e9ri-Oral 30ml est un soin sp\u00e9cial b\u00e9b\u00e9s con\u00e7u pour agir sur le contour de la bouche irrit\u00e9, fragilis\u00e9 (usage de t\u00e9tine, succion du pouce &#8230;).<br \/>\nSa formule au complexe naturel [Eau thermale d&#8217;Uriage + Edelweiss Bio] associ\u00e9e aux propri\u00e9t\u00e9s du TLR2-Regul brevet\u00e9 apaise les petites irritations, favorise la diminution des rougeurs et prot\u00e8ge durablement la peau d\u00e9licate de b\u00e9b\u00e9. Riche en cuivre et en zinc, elle purifie, r\u00e9pare et redonne confort et souplesse \u00e0 la peau.<\/p>\n<h4>Description :<\/h4>\n<p>DES LA 1\u00e8re APPLICATION : 82%* des rougeurs diminu\u00e9es et irritations apais\u00e9es<\/p>\n<p>PEAU HYDRATEE, DOUCE ET SOUPLE : 100%* de satisfaction<\/p>\n<p>PEAU REPAREE &amp; PURIFIEE : 95% &amp; 96%* de satisfaction<\/p>\n<p>*Test d\u2019usage sous contr\u00f4le p\u00e9diatrique\u2013 22 nourrissons et enfants d\u2019\u00e2ge moyen : 2 ans (de 4 mois \u00e0 4 ans) 2 application\/jour pendant 14 jours \u2013 % de satisfaction des parents<\/p>\n<p>94% d\u2019ingr\u00e9dients d\u2019origine naturelle<\/p>\n<p>Complexe [Eau Thermale d\u2019Uriage + Edelweiss bio]<\/p>\n<p>Sans parfum<\/p>\n<p>Test\u00e9 sous contr\u00f4le p\u00e9diatrique<\/p>\n<p>Haute tol\u00e9rance<\/p>\n<p>Fabriqu\u00e9 en France.<\/p>\n<div class=\"titre_zone_desc bloc_depliable_zone_click\">\n<div>\n<h4>Conseils d&#8217;utilisation :<\/h4>\n<\/div>\n<\/div>\n<div class=\"content_zone_desc bloc_depliable_cnt tabcontent cnt_deplie\">\n<div>\n<div id=\"type_info_prio_6_1\">\n<p>Appliquer 2 \u00e0 3 fois par jour sur une peau propre et s\u00e8che.<\/p>\n<\/div>\n<div class=\"description_indication\"><span class=\"bold\">Indication<\/span>\u00a0:\u00a0<span id=\"type_info_prio_6_2_1\">Irritations du contour de la bouche, d\u00e8s la naissance.<\/span><\/div>\n<div><\/div>\n<div><a href=\"https:\/\/bebemaman.ma\/\" target=\"_blank\" rel=\"noopener\"><strong>Bebemaman.ma<\/strong><\/a>, qui se veut comme toujours, au plus pr\u00e8s des b\u00e9b\u00e9s et de leurs parents, vous offre un large choix de produits <a href=\"https:\/\/bebemaman.ma\/marque\/uriage\/\" target=\"_blank\" rel=\"noopener\"><strong>Uriage b\u00e9b\u00e9<\/strong><\/a> afin de pouvoir satisfaire chaque besoins.<\/div>\n<\/div>\n<\/div>\n","protected":false},"excerpt":{"rendered":"<p>Le 1er Soin P\u00e9ri-Oral enrichi en Eau Thermale d\u2019Uriage associ\u00e9e au complexe brevet\u00e9 TLR2-Regul apaise les irritations et calme les rougeurs du contour de la bouche.<img decoding=\"async\" class=\"alignright wp-image-1390\" src=\"https:\/\/bebemaman.ma\/wp-content\/uploads\/2020\/06\/uriage-bebe-636x273-1-360x155.png\" alt=\"Logo Uriage - bebemaman.ma\" width=\"114\" height=\"49\" \/><\/p>\n<div class=\"ms-editor-squiggler\" style=\"color: initial; font: initial; font-feature-settings: initial; font-kerning: initial; font-optical-sizing: initial; font-variation-settings: initial; forced-color-adjust: initial; text-orientation: initial; text-rendering: initial; -webkit-font-smoothing: initial; -webkit-locale: initial; -webkit-text-orientation: initial; -webkit-writing-mode: initial; writing-mode: initial; zoom: initial; place-content: initial; place-items: initial; place-self: initial; alignment-baseline: initial; animation: initial; appearance: initial; aspect-ratio: initial; backdrop-filter: initial; backface-visibility: initial; background: initial; background-blend-mode: initial; baseline-shift: initial; block-size: initial; border-block: initial; border: initial; border-radius: initial; border-collapse: initial; border-end-end-radius: initial; border-end-start-radius: initial; border-inline: initial; border-start-end-radius: initial; border-start-start-radius: initial; inset: initial; box-shadow: initial; box-sizing: initial; break-after: initial; break-before: initial; break-inside: initial; buffered-rendering: initial; caption-side: initial; caret-color: initial; clear: initial; clip: initial; clip-path: initial; clip-rule: initial; color-interpolation: initial; color-interpolation-filters: initial; color-rendering: initial; color-scheme: initial; columns: initial; column-fill: initial; gap: initial; column-rule: initial; column-span: initial; contain: initial; contain-intrinsic-size: initial; content: initial; content-visibility: initial; counter-increment: initial; counter-reset: initial; counter-set: initial; cursor: initial; cx: initial; cy: initial; d: initial; display: block; dominant-baseline: initial; empty-cells: initial; fill: initial; fill-opacity: initial; fill-rule: initial; filter: initial; flex: initial; flex-flow: initial; float: initial; flood-color: initial; flood-opacity: initial; grid: initial; grid-area: initial; height: 0px; hyphens: initial; image-orientation: initial; image-rendering: initial; inline-size: initial; inset-block: initial; inset-inline: initial; isolation: initial; letter-spacing: initial; lighting-color: initial; line-break: initial; list-style: initial; margin-block: initial; margin: initial; margin-inline: initial; marker: initial; mask: initial; mask-type: initial; max-block-size: initial; max-height: initial; max-inline-size: initial; max-width: initial; min-block-size: initial; min-height: initial; min-inline-size: initial; min-width: initial; mix-blend-mode: initial; object-fit: initial; object-position: initial; offset: initial; opacity: initial; order: initial; origin-trial-test-property: initial; orphans: initial; outline: initial; outline-offset: initial; overflow-anchor: initial; overflow-wrap: initial; overflow: initial; overscroll-behavior-block: initial; overscroll-behavior-inline: initial; overscroll-behavior: initial; padding-block: initial; padding: initial; padding-inline: initial; page: initial; page-orientation: initial; paint-order: initial; perspective: initial; perspective-origin: initial; pointer-events: initial; position: initial; quotes: initial; r: initial; resize: initial; ruby-position: initial; rx: initial; ry: initial; scroll-behavior: initial; scroll-margin-block: initial; scroll-margin: initial; scroll-margin-inline: initial; scroll-padding-block: initial; scroll-padding: initial; scroll-padding-inline: initial; scroll-snap-align: initial; scroll-snap-stop: initial; scroll-snap-type: initial; shape-image-threshold: initial; shape-margin: initial; shape-outside: initial; shape-rendering: initial; size: initial; speak: initial; stop-color: initial; stop-opacity: initial; stroke: initial; stroke-dasharray: initial; stroke-dashoffset: initial; stroke-linecap: initial; stroke-linejoin: initial; stroke-miterlimit: initial; stroke-opacity: initial; stroke-width: initial; tab-size: initial; table-layout: initial; text-align: initial; text-align-last: initial; text-anchor: initial; text-combine-upright: initial; text-decoration: initial; text-decoration-skip-ink: initial; text-indent: initial; text-overflow: initial; text-shadow: initial; text-size-adjust: initial; text-transform: initial; text-underline-offset: initial; text-underline-position: initial; touch-action: initial; transform: initial; transform-box: initial; transform-origin: initial; transform-style: initial; transition: initial; user-select: initial; vector-effect: initial; vertical-align: initial; visibility: initial; -webkit-app-region: initial; border-spacing: initial; -webkit-border-image: initial; -webkit-box-align: initial; -webkit-box-decoration-break: initial; -webkit-box-direction: initial; -webkit-box-flex: initial; -webkit-box-ordinal-group: initial; -webkit-box-orient: initial; -webkit-box-pack: initial; -webkit-box-reflect: initial; -webkit-highlight: initial; -webkit-hyphenate-character: initial; -webkit-line-break: initial; -webkit-line-clamp: initial; -webkit-mask-box-image: initial; -webkit-mask: initial; -webkit-mask-composite: initial; -webkit-perspective-origin-x: initial; -webkit-perspective-origin-y: initial; -webkit-print-color-adjust: initial; -webkit-rtl-ordering: initial; -webkit-ruby-position: initial; -webkit-tap-highlight-color: initial; -webkit-text-combine: initial; -webkit-text-decorations-in-effect: initial; -webkit-text-emphasis: initial; -webkit-text-emphasis-position: initial; -webkit-text-fill-color: initial; -webkit-text-security: initial; -webkit-text-stroke: initial; -webkit-transform-origin-x: initial; -webkit-transform-origin-y: initial; -webkit-transform-origin-z: initial; -webkit-user-drag: initial; -webkit-user-modify: initial; white-space: initial; widows: initial; width: initial; will-change: initial; word-break: initial; word-spacing: initial; x: initial; y: initial; z-index: initial;\"><\/div>\n","protected":false},"featured_media":8317,"comment_status":"open","ping_status":"closed","template":"","meta":[],"pwb-brand":[777],"product_brand":[],"product_cat":[753,64,748,179],"product_tag":[],"class_list":{"0":"post-8191","1":"product","2":"type-product","3":"status-publish","4":"has-post-thumbnail","6":"pwb-brand-uriage","7":"product_cat-creme-hydratante-soins","8":"product_cat-para-bebe","9":"product_cat-soins","10":"product_cat-uriage","12":"first","13":"instock","14":"taxable","15":"shipping-taxable","16":"purchasable","17":"product-type-simple"},"supplier_id":null,"supplier_sku":"","barcode":null,"atum_controlled":true,"out_stock_date":null,"out_stock_threshold":null,"inheritable":false,"inbound_stock":null,"stock_on_hold":0,"sold_today":0,"sales_last_days":0,"reserved_stock":null,"customer_returns":null,"warehouse_damage":null,"lost_in_post":null,"other_logs":null,"out_stock_days":0,"lost_sales":0,"has_location":null,"update_date":"2026-04-17T12:13:47","atum_locations":[],"atum_stock_status":"instock","restock_status":false,"low_stock_amount":"","sales_update_date":"2026-04-17T12:13:47","calc_backorders":null,"jetpack_sharing_enabled":true,"brands":[{"id":777,"name":"Uriage","slug":"uriage"}],"_links":{"self":[{"href":"https:\/\/bebebio.ma\/index.php\/wp-json\/wp\/v2\/product\/8191","targetHints":{"allow":["GET"]}}],"collection":[{"href":"https:\/\/bebebio.ma\/index.php\/wp-json\/wp\/v2\/product"}],"about":[{"href":"https:\/\/bebebio.ma\/index.php\/wp-json\/wp\/v2\/types\/product"}],"replies":[{"embeddable":true,"href":"https:\/\/bebebio.ma\/index.php\/wp-json\/wp\/v2\/comments?post=8191"}],"wp:featuredmedia":[{"embeddable":true,"href":"https:\/\/bebebio.ma\/index.php\/wp-json\/wp\/v2\/media\/8317"}],"wp:attachment":[{"href":"https:\/\/bebebio.ma\/index.php\/wp-json\/wp\/v2\/media?parent=8191"}],"wp:term":[{"taxonomy":"pwb-brand","embeddable":true,"href":"https:\/\/bebebio.ma\/index.php\/wp-json\/wp\/v2\/pwb-brand?post=8191"},{"taxonomy":"product_brand","embeddable":true,"href":"https:\/\/bebebio.ma\/index.php\/wp-json\/wp\/v2\/product_brand?post=8191"},{"taxonomy":"product_cat","embeddable":true,"href":"https:\/\/bebebio.ma\/index.php\/wp-json\/wp\/v2\/product_cat?post=8191"},{"taxonomy":"product_tag","embeddable":true,"href":"https:\/\/bebebio.ma\/index.php\/wp-json\/wp\/v2\/product_tag?post=8191"}],"curies":[{"name":"wp","href":"https:\/\/api.w.org\/{rel}","templated":true}]}}