{"id":8189,"date":"2024-08-06T21:40:40","date_gmt":"2024-08-06T19:40:40","guid":{"rendered":"https:\/\/bebebio.ma\/?post_type=product&#038;p=8189"},"modified":"2024-08-06T21:44:01","modified_gmt":"2024-08-06T19:44:01","slug":"babymoov-nutribaby-classic-cherry","status":"publish","type":"product","link":"https:\/\/bebebio.ma\/index.php\/product\/babymoov-nutribaby-classic-cherry\/","title":{"rendered":"Babymoov &#8211; Nutribaby classic Cherry"},"content":{"rendered":"<h4 style=\"text-align: center;\">BABYMOOV &#8211; Nutribaby classic Cherry<\/h4>\n<div>Le\u00a0\u00a0<a href=\"https:\/\/bebemaman.ma\/etiquette-produit\/robot-cuiseur\/\" target=\"_blank\" rel=\"noopener\">mixeur cuiseur<\/a> BABYMOOV &#8211; Nutribaby classic Cherry est l&#8217;appareil indispensable\u00a0\u00a0de la premi\u00e8re t\u00e9t\u00e9e jusqu&#8217;\u00e0 la diversification alimentaire de votre b\u00e9b\u00e9.<br \/>\nLe repas est un moment cl\u00e9 pour b\u00e9b\u00e9 et instaure une\u00a0\u00a0relation fusionnelle avec votre bout de chou. Ce produit est con\u00e7u pour vous\u00a0simplifier la pr\u00e9paration du repas; et en faire un instant de complicit\u00e9 et de bonheur.<\/div>\n<div>D\u00e8s la naissance; il permet la\u00a0\u00a0st\u00e9rilisation\u00a0et le\u00a0\u00a0chauffage des biberons\u00a0lorsque b\u00e9b\u00e9 boit exclusivement du lait; puis il devient votre assistant pour\u00a0\u00a0r\u00e9chauffer les petits pots\u00a0et pr\u00e9parer de d\u00e9licieuses recettes de\u00a0\u00a0compotes\u00a0ou de\u00a0\u00a0pur\u00e9es\u00a0pour b\u00e9b\u00e9.<\/div>\n<div><\/div>\n<div>5 en 1 :<\/div>\n<div>Nutribaby est un appareil 5 en 1 ! Il cuit \u00e0 la vapeur; mixe; chauffe les biberons et les petits pots; st\u00e9rilise et d\u00e9cong\u00e8le.<\/div>\n<div>&#8211;\u00a0\u00a0cuiseur vapeur\u00a0: ce mode de cuisson\u00a0\u00a0pr\u00e9serve les nutriments et les saveurs\u00a0en faisant cuire le juste temps. Il est \u00e9quip\u00e9 de\u00a0\u00a02 paniers vapeur\u00a0pour s\u00e9parer les aliments et les cuire ind\u00e9pendamment. Id\u00e9al pour\u00a0\u00a0pr\u00e9parer un repas complet\u00a0! De plus; les\u00a0\u00a0plateaux sont amovibles\u00a0pour moduler la capacit\u00e9 de cuisson. Vous pouvez aussi cuire des \u0153ufs.<\/div>\n<div>\u00c0 la fin du cycle; une\u00a0\u00a0alarme visuelle et sonore\u00a0vous pr\u00e9vient que la cuisson est termin\u00e9e.<\/div>\n<div>&#8211;\u00a0\u00a0mixeur\u00a0: une fois la cuisson vapeur effectu\u00e9e; vous devez mixer les ingr\u00e9dients (laissez-les reposer quelques instants avant de proc\u00e9der au mixage). Pour cela; transvasez les aliments cuits dans le bol de mixage \u00e0 l\u2019aide la spatule fournie; puis exercer une\u00a0\u00a0pression sur le haut du bol\u00a0(possibilit\u00e9 d&#8217;ajouter facilement du liquide ou des aliments dans le bol gr\u00e2ce \u00e0 l&#8217;ouverture sur le dessus).<\/div>\n<div>&#8211;\u00a0\u00a0chauffe biberon et petits pots\u00a0: l&#8217;appareil r\u00e9chauffe tous les\u00a0\u00a0petits pots et jusqu&#8217;\u00e0 3 biberons\u00a0(venant du r\u00e9frig\u00e9rateur ou \u00e0 temp\u00e9rature ambiante).<\/div>\n<div>&#8211;\u00a0\u00a0st\u00e9rilisateur\u00a0: jusqu&#8217;\u00e0 3 biberons.<\/div>\n<div>&#8211;\u00a0\u00a0d\u00e9cong\u00e9lation.<\/div>\n<div><\/div>\n<div>Grande capacit\u00e9 :<\/div>\n<div>La grande capacit\u00e9 du Nutribaby vous permet de\u00a0\u00a0pr\u00e9parer les repas en avance et en grande quantit\u00e9\u00a0: id\u00e9al pour les jumeaux ou pour plusieurs enfants d&#8217;\u00e2ges rapproch\u00e9s !<\/div>\n<div>Vous b\u00e9n\u00e9ficiez de\u00a0\u00a02 compartiments (possibilit\u00e9 de cuire et mixer en m\u00eame temps) : cuisson-vapeur de 1500 ml\u00a0et\u00a0\u00a0bol de mixage de 600 ml.<\/div>\n<div><\/div>\n<div>Ecran LCD :<\/div>\n<div>L&#8217;\u00e9cran LCD du robot vous facilite son utilisation et rend l&#8217;\u00a0interface plus conviviale\u00a0pour choisir les fonctions et le temps de cuisson; la s\u00e9lection du temps de chauffe ou de la capacit\u00e9 du biberon; la s\u00e9lection de la fonction; le lancement ou l&#8217;arr\u00eat du cycle.<\/div>\n<div><\/div>\n<div>Praticit\u00e9 :<\/div>\n<div>Le mixage s&#8217;effectue par une\u00a0\u00a0simple pression sur le haut du bol\u00a0ce qui permet d&#8217;ajouter du liquide ou aliments lors de la pr\u00e9paration en cours.<\/div>\n<div>Il est dot\u00e9 d&#8217;un\u00a0\u00a0arr\u00eat automatique\u00a0et d&#8217;une\u00a0\u00a0m\u00e9morisation du dernier temps de cuisson.<\/div>\n<div>Surface soft touch pour l&#8217;ext\u00e9rieur de la poign\u00e9e; granit\u00e9 pour l&#8217;int\u00e9rieur et satin\u00e9e pour les spatules et plateaux.<\/div>\n<div><\/div>\n<div>Nettoyage :<\/div>\n<div>Les paniers cuisson; les plateaux amovibles; le r\u00e9cup\u00e9rateur de jus de cuisson; les couvercles; la spatule et le bol de mixage sont compatibles lave-vaisselle.<\/div>\n<div>Accessibilit\u00e9 au r\u00e9servoir d&#8217;eau facilit\u00e9 pour un nettoyage plus simple.<\/div>\n<div><\/div>\n<div>Mat\u00e9riaux :<\/div>\n<div>PP et Tritan (\u00a0garantis sans Bisph\u00e9nol A\u00a0et sans phtalates)<\/div>\n<div><\/div>\n<div>Accessoire :<\/div>\n<div>Il est fourni avec avec un\u00a0\u00a0r\u00e9cup\u00e9rateur de jus de cuisson et une spatule.<\/div>\n<div><\/div>\n<div>Conseils :<\/div>\n<div>Pour \u00e9viter tous risques de br\u00fblure; toujours s\u2019assurer de la temp\u00e9rature de la nourriture avant de la donner \u00e0 votre b\u00e9b\u00e9.<\/div>\n<div>Pour un biberon; bien agiter ce dernier pour m\u00e9langer le lait et versez une goutte sur l\u2019int\u00e9rieur du poignet pour v\u00e9rifier sa temp\u00e9rature.<\/div>\n","protected":false},"excerpt":{"rendered":"<p>Ref\u00a0<span id=\"bbm_product_reference\">A001114<\/span><\/p>\n<div class=\"std\">Robot multifonctions pour cuisiner des repas plus SAINS et VARIES pour votre b\u00e9b\u00e9 et toute la famille.<\/div>\n<div class=\"extra-info\">\n<ul>\n<li>5 fonctions d\u00e8s la naissance : cuit \u00e0 la vapeur, mixe, r\u00e9chauffe tous types de biberons et petits pots, st\u00e9rilise (jusqu&#8217;\u00e0 3 biberons, tire-lait, accessoires) et d\u00e9cong\u00e8le<\/li>\n<li>Tr\u00e8s grande capacit\u00e9 : 1 500 ml en cuisson (2 paniers modulables) et 600 ml en mixage<\/li>\n<li>Minuterie et arr\u00eat automatique : pour une cuisson parfaite de chaque aliment, \u00e0 la minute pr\u00e8s<\/li>\n<li>Plus de 400 id\u00e9es recettes pour b\u00e9b\u00e9 et toute la famille !<\/li>\n<li>GARANTIE A VIE automatique si achat sur site Babymoov<\/li>\n<\/ul>\n<p style=\"text-align: right;\"><img decoding=\"async\" class=\"alignnone wp-image-1361\" src=\"https:\/\/bebemaman.ma\/wp-content\/uploads\/2020\/06\/900x900_babymoov_transparent-360x360.png\" alt=\"\" width=\"110\" height=\"110\" \/><\/p>\n<\/div>\n","protected":false},"featured_media":8308,"comment_status":"open","ping_status":"closed","template":"","meta":[],"pwb-brand":[768],"product_brand":[],"product_cat":[111,171],"product_tag":[175,176],"class_list":{"0":"post-8189","1":"product","2":"type-product","3":"status-publish","4":"has-post-thumbnail","6":"pwb-brand-babymoov","7":"product_cat-alimentation","8":"product_cat-robot-cuiseur-bebe-babycook","9":"product_tag-babymoov","10":"product_tag-robot-cuiseur","12":"first","13":"instock","14":"taxable","15":"shipping-taxable","16":"purchasable","17":"product-type-simple"},"supplier_id":null,"supplier_sku":"","barcode":null,"atum_controlled":true,"out_stock_date":null,"out_stock_threshold":null,"inheritable":false,"inbound_stock":null,"stock_on_hold":0,"sold_today":0,"sales_last_days":0,"reserved_stock":null,"customer_returns":null,"warehouse_damage":null,"lost_in_post":null,"other_logs":null,"out_stock_days":0,"lost_sales":0,"has_location":null,"update_date":"2026-04-17T12:13:47","atum_locations":[],"atum_stock_status":"instock","restock_status":false,"low_stock_amount":"","sales_update_date":"2026-04-17T12:13:47","calc_backorders":null,"jetpack_sharing_enabled":true,"brands":[{"id":768,"name":"Babymoov","slug":"babymoov"}],"_links":{"self":[{"href":"https:\/\/bebebio.ma\/index.php\/wp-json\/wp\/v2\/product\/8189","targetHints":{"allow":["GET"]}}],"collection":[{"href":"https:\/\/bebebio.ma\/index.php\/wp-json\/wp\/v2\/product"}],"about":[{"href":"https:\/\/bebebio.ma\/index.php\/wp-json\/wp\/v2\/types\/product"}],"replies":[{"embeddable":true,"href":"https:\/\/bebebio.ma\/index.php\/wp-json\/wp\/v2\/comments?post=8189"}],"wp:featuredmedia":[{"embeddable":true,"href":"https:\/\/bebebio.ma\/index.php\/wp-json\/wp\/v2\/media\/8308"}],"wp:attachment":[{"href":"https:\/\/bebebio.ma\/index.php\/wp-json\/wp\/v2\/media?parent=8189"}],"wp:term":[{"taxonomy":"pwb-brand","embeddable":true,"href":"https:\/\/bebebio.ma\/index.php\/wp-json\/wp\/v2\/pwb-brand?post=8189"},{"taxonomy":"product_brand","embeddable":true,"href":"https:\/\/bebebio.ma\/index.php\/wp-json\/wp\/v2\/product_brand?post=8189"},{"taxonomy":"product_cat","embeddable":true,"href":"https:\/\/bebebio.ma\/index.php\/wp-json\/wp\/v2\/product_cat?post=8189"},{"taxonomy":"product_tag","embeddable":true,"href":"https:\/\/bebebio.ma\/index.php\/wp-json\/wp\/v2\/product_tag?post=8189"}],"curies":[{"name":"wp","href":"https:\/\/api.w.org\/{rel}","templated":true}]}}