{"id":8174,"date":"2024-08-06T21:40:18","date_gmt":"2024-08-06T19:40:18","guid":{"rendered":"https:\/\/bebebio.ma\/?post_type=product&#038;p=8174"},"modified":"2024-08-06T21:42:10","modified_gmt":"2024-08-06T19:42:10","slug":"beaba-sterilisateur-vapeur-electrique-2en1-sterilexpress-gris","status":"publish","type":"product","link":"https:\/\/bebebio.ma\/index.php\/product\/beaba-sterilisateur-vapeur-electrique-2en1-sterilexpress-gris\/","title":{"rendered":"Beaba St\u00e9rilisateur vapeur \u00e9lectrique 2en1 St\u00e9ril&#8217;express gris"},"content":{"rendered":"<h4 style=\"text-align: center;\"><a href=\"https:\/\/bebemaman.ma\/marque\/beaba\/\" target=\"_blank\" rel=\"noopener\">Beaba<\/a> St\u00e9rilisateur vapeur \u00e9lectrique 2en1 St\u00e9ril&#8217;express gris<\/h4>\n<p>Beaba St\u00e9rilisateur vapeur \u00e9lectrique 2en1 St\u00e9ril&#8217;express gris Ultra-rapide : St\u00e9rilisation en 6 minutes.<\/p>\n<p>2 espaces autonomes : Solution modulable en fonction de la capacit\u00e9 n\u00e9cessaire.<\/p>\n<ul>\n<li>Mode maxi : Jusqu\u2019\u00e0 9 biberons cols \u00e9troits et 6 cols larges.<\/li>\n<li>Mode mini : Id\u00e9al pour st\u00e9riliser les petits accessoires.<\/li>\n<li>Haut pouvoir de st\u00e9rilisation : \u00c9limine 99,9% des bact\u00e9ries (salmonelle, ent\u00e9robact\u00e9rie, listeria).<\/li>\n<li>Arr\u00eat automatique en fin de cycle : Fonctionne en toute autonomie.<\/li>\n<li>Cordon \u00e9lectrique amovible : Rangement facilit\u00e9.<\/li>\n<\/ul>\n<h4>Accessoires<\/h4>\n<p>Livr\u00e9 avec un verre doseur et une pince \u00e0 biberon.<\/p>\n<h4>Entretien<\/h4>\n<ul>\n<li>Nettoyer le corps de l\u2019appareil avec un chiffon humide doux.<\/li>\n<li>Ne jamais plonger l\u2019appareil dans l\u2019eau.<\/li>\n<li>Enlever le porte biberons du st\u00e9rilisateur et le laver dans de l\u2019eau chaude savonneuse.<\/li>\n<li>Enlever tout d\u00e9p\u00f4t restant avec un chiffon doux et sec.<\/li>\n<li>D\u00e9tartrage p\u00e9riodique de la cuve avec produit d\u2019entretien B\u00c9ABA.<\/li>\n<\/ul>\n<h4>La marque<\/h4>\n<p>Depuis sa cr\u00e9ation en 1989, la marque fran\u00e7aise\u00a0<strong>Beaba<\/strong> a pour mission\u00a0d\u2019\u00eatre au plus proche des parents, de les accompagner et de faciliter les instants les plus pr\u00e9cieux partag\u00e9s avec b\u00e9b\u00e9 ! Innovants, design, malins et super astucieux, tous nos produits sont con\u00e7us pour faciliter la vie des jeunes parents avec style et une bonne dose de fun. La gamme compl\u00e8te de produits couvre l\u2019ensemble des besoins des b\u00e9b\u00e9s, du nouveau-n\u00e9 \u00e0 l\u2019enfant en bas \u00e2ge. A chaque probl\u00e8me, sa solution Beaba.<\/p>\n","protected":false},"excerpt":{"rendered":"<h4>St\u00e9rilisateur \u00e9lectrique vapeur 2 en 1.<\/h4>\n<p>Ultra-rapide : St\u00e9rilisation en 6 minutes.<\/p>\n<p style=\"text-align: right;\"><img decoding=\"async\" class=\"alignnone wp-image-1296\" src=\"https:\/\/bebemaman.ma\/wp-content\/uploads\/2020\/06\/beaba-v17-logo-15435837421.png\" alt=\"\" width=\"114\" height=\"33\" \/><\/p>\n","protected":false},"featured_media":8273,"comment_status":"open","ping_status":"closed","template":"","meta":[],"pwb-brand":[775],"product_brand":[],"product_cat":[111,162],"product_tag":[],"class_list":{"0":"post-8174","1":"product","2":"type-product","3":"status-publish","4":"has-post-thumbnail","6":"pwb-brand-beaba","7":"product_cat-alimentation","8":"product_cat-sterilisateur-biberon","10":"first","11":"instock","12":"taxable","13":"shipping-taxable","14":"purchasable","15":"product-type-simple"},"supplier_id":null,"supplier_sku":"","barcode":null,"atum_controlled":true,"out_stock_date":null,"out_stock_threshold":null,"inheritable":false,"inbound_stock":null,"stock_on_hold":0,"sold_today":0,"sales_last_days":0,"reserved_stock":null,"customer_returns":null,"warehouse_damage":null,"lost_in_post":null,"other_logs":null,"out_stock_days":0,"lost_sales":0,"has_location":null,"update_date":"2026-04-19T18:42:27","atum_locations":[],"atum_stock_status":"instock","restock_status":false,"low_stock_amount":"","sales_update_date":"2026-04-19T18:42:27","calc_backorders":null,"jetpack_sharing_enabled":true,"brands":[{"id":775,"name":"Beaba","slug":"beaba"}],"_links":{"self":[{"href":"https:\/\/bebebio.ma\/index.php\/wp-json\/wp\/v2\/product\/8174","targetHints":{"allow":["GET"]}}],"collection":[{"href":"https:\/\/bebebio.ma\/index.php\/wp-json\/wp\/v2\/product"}],"about":[{"href":"https:\/\/bebebio.ma\/index.php\/wp-json\/wp\/v2\/types\/product"}],"replies":[{"embeddable":true,"href":"https:\/\/bebebio.ma\/index.php\/wp-json\/wp\/v2\/comments?post=8174"}],"wp:featuredmedia":[{"embeddable":true,"href":"https:\/\/bebebio.ma\/index.php\/wp-json\/wp\/v2\/media\/8273"}],"wp:attachment":[{"href":"https:\/\/bebebio.ma\/index.php\/wp-json\/wp\/v2\/media?parent=8174"}],"wp:term":[{"taxonomy":"pwb-brand","embeddable":true,"href":"https:\/\/bebebio.ma\/index.php\/wp-json\/wp\/v2\/pwb-brand?post=8174"},{"taxonomy":"product_brand","embeddable":true,"href":"https:\/\/bebebio.ma\/index.php\/wp-json\/wp\/v2\/product_brand?post=8174"},{"taxonomy":"product_cat","embeddable":true,"href":"https:\/\/bebebio.ma\/index.php\/wp-json\/wp\/v2\/product_cat?post=8174"},{"taxonomy":"product_tag","embeddable":true,"href":"https:\/\/bebebio.ma\/index.php\/wp-json\/wp\/v2\/product_tag?post=8174"}],"curies":[{"name":"wp","href":"https:\/\/api.w.org\/{rel}","templated":true}]}}