{"id":8173,"date":"2024-08-06T21:40:18","date_gmt":"2024-08-06T19:40:18","guid":{"rendered":"https:\/\/bebebio.ma\/?post_type=product&#038;p=8173"},"modified":"2024-08-06T21:42:07","modified_gmt":"2024-08-06T19:42:07","slug":"beaba-babycook-duo-gris","status":"publish","type":"product","link":"https:\/\/bebebio.ma\/index.php\/product\/beaba-babycook-duo-gris\/","title":{"rendered":"Beaba Babycook Duo Gris"},"content":{"rendered":"<h4 style=\"text-align: center;\"><a href=\"https:\/\/bebemaman.ma\/marque\/beaba\/\" target=\"_blank\" rel=\"noopener\">Beaba<\/a> Babycook Duo Gris<\/h4>\n<p>D\u00e9couvrez Beaba Babycook Duo Gris il\u00a0conviendra parfaitement aux parents press\u00e9s et exigeants qui souhaitent\u00a0<strong>pr\u00e9parer rapidement plusieurs<\/strong>\u00a0repas \u00e9quilibr\u00e9s et remplis de saveurs \u00e0 leur enfant. En\u00a0<strong>15 min chrono<\/strong>, vous aurez de d\u00e9licieux petits pots de l\u00e9gumes ou de fruits, id\u00e9al pour commencer la\u00a0<strong>diversification alimentaire<\/strong>\u00a0de b\u00e9b\u00e9. Diff\u00e9rentes textures (morceau, moulin\u00e9, velout\u00e9) peuvent \u00eatre obtenues gr\u00e2ce \u00e0 la\u00a0<strong>lame \u00e0 effet cyclone<\/strong>\u00a0(mixage par impulsion).\u00a0N&#8217;attendez plus pour r\u00e9aliser de d\u00e9licieuses recettes pour b\u00e9b\u00e9 ! Vous avez la possibilit\u00e9 de compl\u00e9ter votre robot b\u00e9b\u00e9 avec le compartiment \u00e0 p\u00e2tes et \u00e0 riz, id\u00e9al lorsque votre petit bout grandit.<\/p>\n<h4>Quels sont les points forts du produit ?<\/h4>\n<ul>\n<li>Cuit \u00e0 la vapeur, mixe, d\u00e9cong\u00e8le, r\u00e9chauffe<\/li>\n<li>2 bols ind\u00e9pendants : pour cuire simultan\u00e9ment 2 pr\u00e9parations et pr\u00e9server les saveurs et odeurs de chacune d\u2019entre elles<\/li>\n<li>Signal sonore et lumineux qui indique la fin de la cuisson<\/li>\n<li>Syst\u00e8me unique Easy Clip qui permet d&#8217;ouvrir et de fermer le robot d&#8217;une seule main<\/li>\n<li>Nettoyage facile<\/li>\n<li>Indicateur de d\u00e9tartrage<\/li>\n<\/ul>\n<h4>Quelles sont les caract\u00e9ristiques du robot multifonctions double pour b\u00e9b\u00e9 B\u00e9aba?<\/h4>\n<p>Ce Babycook\u00a0<strong>multifonction<\/strong>\u00a0peut \u00e0 la fois mixer, r\u00e9chauffer, cuire \u00e0 la vapeur et m\u00eame d\u00e9congeler les petits pots ! Sa contenance XXL (2200 ml) va convaincre les parents les plus exigeants: pour pr\u00e9parer des quantit\u00e9s plus importantes en un tour de main. Cela vous permettra de faire d\u00e9couvrir \u00e0 b\u00e9b\u00e9 la diversit\u00e9 des aliments. Le\u00a0<strong>syst\u00e8me Easy Clip<\/strong>\u00a0int\u00e9gr\u00e9 vous permettra d&#8217;ouvrir et ferme le robot avec une seule main. Lorsque la cuisson est finie, le robot le signale avec un bip et un\u00a0<strong>t\u00e9moin lumineux<\/strong>. Pratique, le cordon \u00e9lectrique est amovible pour<strong>\u00a0faciliter le rangement<\/strong>\u00a0dans le placard de la cuisine.<\/p>\n<h4>Quelles sont les sp\u00e9cificit\u00e9s du Babycook duo dark grey B\u00e9aba ?<\/h4>\n<p>Dimensions du robot : 24 x 18 x 24 cm<br \/>\nCapacit\u00e9 du bol : 1100 ml<br \/>\nColoris :\u00a0 Grey<br \/>\nNettoyage \u00e0 la main ou au lave-vaisselle<br \/>\nRange spatules \u00e0 l&#8217;arri\u00e8re de l&#8217;appareil<br \/>\nSans BPA<\/p>\n<p style=\"text-align: right;\">\n","protected":false},"excerpt":{"rendered":"<p>l\u00a0conviendra parfaitement aux parents press\u00e9s et exigeants qui souhaitent\u00a0<strong>pr\u00e9parer rapidement plusieurs<\/strong>\u00a0repas \u00e9quilibr\u00e9s et remplis de saveurs \u00e0 leur enfant. En\u00a0<strong>15 min chrono<\/strong>, vous aurez de d\u00e9licieux petits pots de l\u00e9gumes ou de fruits, id\u00e9al pour commencer la\u00a0<strong>diversification alimentaire<\/strong>\u00a0de b\u00e9b\u00e9. Diff\u00e9rentes textures (morceau, moulin\u00e9, velout\u00e9) peuvent \u00eatre obtenues gr\u00e2ce \u00e0 la\u00a0<strong>lame \u00e0 effet cyclone.<\/strong><\/p>\n<p style=\"text-align: right;\"><img decoding=\"async\" class=\"alignnone wp-image-1296\" src=\"https:\/\/bebemaman.ma\/wp-content\/uploads\/2020\/06\/beaba-v17-logo-15435837421.png\" alt=\"\" width=\"117\" height=\"34\" \/><\/p>\n","protected":false},"featured_media":8266,"comment_status":"open","ping_status":"closed","template":"","meta":[],"pwb-brand":[775],"product_brand":[],"product_cat":[156,171],"product_tag":[173],"class_list":{"0":"post-8173","1":"product","2":"type-product","3":"status-publish","4":"has-post-thumbnail","6":"pwb-brand-beaba","7":"product_cat-repas","8":"product_cat-robot-cuiseur-bebe-babycook","9":"product_tag-beaba","11":"first","12":"instock","13":"taxable","14":"shipping-taxable","15":"purchasable","16":"product-type-simple"},"supplier_id":null,"supplier_sku":"","barcode":null,"atum_controlled":true,"out_stock_date":null,"out_stock_threshold":null,"inheritable":false,"inbound_stock":null,"stock_on_hold":0,"sold_today":0,"sales_last_days":0,"reserved_stock":null,"customer_returns":null,"warehouse_damage":null,"lost_in_post":null,"other_logs":null,"out_stock_days":0,"lost_sales":0,"has_location":null,"update_date":"2026-04-14T10:47:38","atum_locations":[],"atum_stock_status":"instock","restock_status":false,"low_stock_amount":"","sales_update_date":"2026-04-14T10:47:38","calc_backorders":null,"jetpack_sharing_enabled":true,"brands":[{"id":775,"name":"Beaba","slug":"beaba"}],"_links":{"self":[{"href":"https:\/\/bebebio.ma\/index.php\/wp-json\/wp\/v2\/product\/8173","targetHints":{"allow":["GET"]}}],"collection":[{"href":"https:\/\/bebebio.ma\/index.php\/wp-json\/wp\/v2\/product"}],"about":[{"href":"https:\/\/bebebio.ma\/index.php\/wp-json\/wp\/v2\/types\/product"}],"replies":[{"embeddable":true,"href":"https:\/\/bebebio.ma\/index.php\/wp-json\/wp\/v2\/comments?post=8173"}],"wp:featuredmedia":[{"embeddable":true,"href":"https:\/\/bebebio.ma\/index.php\/wp-json\/wp\/v2\/media\/8266"}],"wp:attachment":[{"href":"https:\/\/bebebio.ma\/index.php\/wp-json\/wp\/v2\/media?parent=8173"}],"wp:term":[{"taxonomy":"pwb-brand","embeddable":true,"href":"https:\/\/bebebio.ma\/index.php\/wp-json\/wp\/v2\/pwb-brand?post=8173"},{"taxonomy":"product_brand","embeddable":true,"href":"https:\/\/bebebio.ma\/index.php\/wp-json\/wp\/v2\/product_brand?post=8173"},{"taxonomy":"product_cat","embeddable":true,"href":"https:\/\/bebebio.ma\/index.php\/wp-json\/wp\/v2\/product_cat?post=8173"},{"taxonomy":"product_tag","embeddable":true,"href":"https:\/\/bebebio.ma\/index.php\/wp-json\/wp\/v2\/product_tag?post=8173"}],"curies":[{"name":"wp","href":"https:\/\/api.w.org\/{rel}","templated":true}]}}