{"id":8128,"date":"2024-08-06T21:38:41","date_gmt":"2024-08-06T19:38:41","guid":{"rendered":"https:\/\/bebebio.ma\/?post_type=product&#038;p=8128"},"modified":"2024-08-06T21:41:16","modified_gmt":"2024-08-06T19:41:16","slug":"miniland-sterilisateur-6-biberons","status":"publish","type":"product","link":"https:\/\/bebebio.ma\/index.php\/product\/miniland-sterilisateur-6-biberons\/","title":{"rendered":"Miniland St\u00e9rilisateur 6 biberons"},"content":{"rendered":"<h4 style=\"text-align: center;\"><strong><a href=\"https:\/\/bebemaman.ma\/marque\/miniland\/\" target=\"_blank\" rel=\"noopener\">Miniland<\/a> <\/strong>St\u00e9rilisateur 6 biberons<\/h4>\n<p><strong><a href=\"https:\/\/bebemaman.ma\/marque\/miniland\/\" target=\"_blank\" rel=\"noopener\">Miniland<\/a> <\/strong>St\u00e9rilisateur 6 biberons la fa\u00e7on la plus efficace et naturelle de st\u00e9riliser est la vapeur. avec steamy, il ne sera pas n\u00e9cessaire d&#8217;introduire des substances chimiques pour la st\u00e9rilisation. avec steamy tous les accessoires et les biberons de votre b\u00e9b\u00e9 seront propres et prets pur une nouvelle utilisation en seulement 6 minutes. steamy possede une grande cloche de st\u00e9rilisation et un organisateur qui le dote d&#8217;une grande capacit\u00e9. il peut recevoir jusqu&#8217;a 6 biberons avec leurs t\u00e9tines.<\/p>\n<h4>St\u00e9rilisation efficace<\/h4>\n<p>La fa\u00e7on la plus efficace et la plus naturelle de st\u00e9riliser est la vapeur.\u00a0Avec la vapeur, il n\u2019est pas n\u00e9cessaire d\u2019inclure une substance chimique pour la st\u00e9rilisation.<\/p>\n<h4>Biberons et accessoires rapidement st\u00e9rilis\u00e9s<\/h4>\n<p>Avec Steamy, tous les accessoires et biberons seront propres et pr\u00eats pour une nouvelle utilisation en seulement 6 minutes.<\/p>\n<p>Capacit\u00e9 de st\u00e9rilisation \u00e9lev\u00e9e<\/p>\n<p>steamy a un espace de st\u00e9rilisation spacieux et un organisateur qui lui conf\u00e8re une grande capacit\u00e9, pouvant accueillir jusqu\u2019\u00e0 six biberons avec leurs mamelons.<\/p>\n<h4>St\u00e9rilise tous types d\u2019accessoires<\/h4>\n<p>Il peut \u00e9galement st\u00e9riliser des ustensiles de taille moyenne tels que des tire-lait ou de petits accessoires, qui peuvent tous \u00eatre plac\u00e9s dans un compartiment sp\u00e9cial.<\/p>\n<p>Toujours savoir combien de temps de st\u00e9rilisation reste<\/p>\n<p>Avec les parents torrides, vous pouvez toujours savoir quand la st\u00e9rilisation se terminera gr\u00e2ce \u00e0 son affichage.\u00a0De plus, \u00e9tant donn\u00e9 que le dispositif conserve un int\u00e9rieur st\u00e9rile pendant trois heures apr\u00e8s la fin du processus, l\u2019affichage indiquera la dur\u00e9e pendant laquelle le contenu \u00e0 l\u2019int\u00e9rieur restera st\u00e9rile.<\/p>\n<h4>Facile \u00e0 ranger et \u00e0 nettoyer<\/h4>\n<p>Il est livr\u00e9 avec un range-c\u00e2bles pratique dans la base.\u00a0De plus, tous les accessoires sont conserv\u00e9s \u00e0 l\u2019int\u00e9rieur de l\u2019espace de st\u00e9rilisation et peuvent \u00eatre lav\u00e9s au lave-vaisselle.<\/p>\n<p>Avertissements visuels et sonores et s\u00e9curit\u00e9 maximale<\/p>\n<p>Un avertissement visuel et sonore indique quand la st\u00e9rilisation est termin\u00e9e ou quand l\u2019eau est \u00e9puis\u00e9e, s\u2019\u00e9teignant automatiquement.<\/p>\n<h4>Marque :<\/h4>\n<p><strong><a href=\"https:\/\/bebemaman.ma\/marque\/miniland\/\" target=\"_blank\" rel=\"noopener\">Miniland<\/a> <\/strong>est une <strong>marque espagnole<\/strong>\u00a0de produits de pu\u00e9riculture. Elle propose une vari\u00e9t\u00e9 d&#8217;\u00a0<strong>\u00e9coutes-b\u00e9b\u00e9<\/strong>, de\u00a0<strong>st\u00e9rilisateurs<\/strong>, de\u00a0<strong>purificateurs d&#8217;air<\/strong>, de\u00a0<strong>robots<\/strong>\u00a0de cuisine pour b\u00e9b\u00e9, de produits de soins&#8230; Miniland propose \u00e9galement une gamme de jouets pour divertir et \u00e9veiller b\u00e9b\u00e9.<\/p>\n<p>Tous ses produits de haute technologie permettent aux parents et aux b\u00e9b\u00e9s de vivre dans des environnements sains. L&#8217;objectif de\u00a0<strong>Miniland Baby<\/strong>\u00a0est d&#8217;apporter des produits de pu\u00e9riculture\u00a0<strong>s\u00e9curis\u00e9s<\/strong>,\u00a0<strong>pratiques<\/strong>\u00a0et qui apportent du\u00a0<strong>bien-\u00eatre<\/strong>\u00a0pour toute la famille.<\/p>\n<p>R\u00e9guli\u00e8rement la marque innove dans de nouvelles conceptions pour les produits de s\u00e9curit\u00e9 comme la\u00a0<strong>surveillance b\u00e9b\u00e9 vid\u00e9o<\/strong>, l&#8217;alimentaire avec des robots de cuisine b\u00e9b\u00e9 multifonctions&#8230;. De nombreux contr\u00f4les sont r\u00e9alis\u00e9s sur tous les produits dans le domaine des mat\u00e9riaux utilis\u00e9s et la s\u00e9curit\u00e9 des appareils \u00e9lectroniques.<\/p>\n<p><strong>Miniland<\/strong>\u00a0propose un maximum de produits au niveau international en \u00e9coutant les attentes de parents de cultures vari\u00e9es. La marque a lanc\u00e9 une nouvelle application\u00a0<strong>eMyBaby.com<\/strong>\u00a0qui permet de suivre l&#8217;\u00e9volution de b\u00e9b\u00e9 sur tablettes, ordinateurs, smartphones et surveiller b\u00e9b\u00e9 de n&#8217;importe quelle connexion internet.<\/p>\n<p><strong>Miniland Baby<\/strong>\u00a0s&#8217;attache particuli\u00e8re \u00e0\u00a0<strong>la communication, la collaboration et la proximit\u00e9 avec les clients.<\/strong><\/p>\n<p>Chez\u00a0<strong><a href=\"https:\/\/www.bebemaman.ma\/\" target=\"_blank\" rel=\"noopener\">bebemaman.ma<\/a><\/strong>, nous vous offrons une \u00e9quipe d\u00e9vou\u00e9e de sp\u00e9cialistes pr\u00eats \u00e0 r\u00e9pondre \u00e0 toutes vos pr\u00e9occupations, que ce soit en magasin \u00e0 Casablanca ou en ligne via nos r\u00e9seaux sociaux sur\u00a0<a href=\"https:\/\/www.facebook.com\/BebeMaman.ma\" target=\"_blank\" rel=\"noopener\"><strong>Facebook<\/strong>\u00a0<\/a>et\u00a0<a href=\"https:\/\/www.instagram.com\/bebemaman.ma\" target=\"_blank\" rel=\"noopener\"><strong>Instagram<\/strong>\u00a0<\/a>ainsi que notre site web\u00a0<a href=\"https:\/\/www.bebemaman.ma\/\" target=\"_blank\" rel=\"noopener\"><strong>bebemaman.ma<\/strong><\/a>.<\/p>\n","protected":false},"excerpt":{"rendered":"<p>Il st\u00e9rilise jusqu\u2019\u00e0 6 bouteilles naturellement. Avec un temps de st\u00e9rilisation de seulement 6 minutes, Steamy st\u00e9rilise jusqu\u2019\u00e0 6 biberons et accessoires efficacement et naturellement en utilisant de la vapeur, sans ajouter de substance chimique. <img decoding=\"async\" class=\"wp-image-1137 alignright\" src=\"https:\/\/bebemaman.ma\/wp-content\/uploads\/2020\/06\/logo_miniland_bambinou.com_.png\" alt=\"\" width=\"105\" height=\"100\" \/><\/p>\n<p style=\"text-align: right;\">\n","protected":false},"featured_media":8218,"comment_status":"open","ping_status":"closed","template":"","meta":[],"pwb-brand":[773],"product_brand":[],"product_cat":[111,162],"product_tag":[159,164],"class_list":{"0":"post-8128","1":"product","2":"type-product","3":"status-publish","4":"has-post-thumbnail","6":"pwb-brand-miniland","7":"product_cat-alimentation","8":"product_cat-sterilisateur-biberon","9":"product_tag-miniland","10":"product_tag-sterilisateur","12":"first","13":"instock","14":"sale","15":"taxable","16":"shipping-taxable","17":"purchasable","18":"product-type-simple"},"supplier_id":null,"supplier_sku":"","barcode":null,"atum_controlled":true,"out_stock_date":null,"out_stock_threshold":null,"inheritable":false,"inbound_stock":null,"stock_on_hold":0,"sold_today":0,"sales_last_days":0,"reserved_stock":null,"customer_returns":null,"warehouse_damage":null,"lost_in_post":null,"other_logs":null,"out_stock_days":0,"lost_sales":0,"has_location":null,"update_date":"2026-04-19T18:42:27","atum_locations":[],"atum_stock_status":"instock","restock_status":false,"low_stock_amount":"","sales_update_date":"2026-04-19T18:42:27","calc_backorders":null,"jetpack_sharing_enabled":true,"brands":[{"id":773,"name":"Miniland","slug":"miniland"}],"_links":{"self":[{"href":"https:\/\/bebebio.ma\/index.php\/wp-json\/wp\/v2\/product\/8128","targetHints":{"allow":["GET"]}}],"collection":[{"href":"https:\/\/bebebio.ma\/index.php\/wp-json\/wp\/v2\/product"}],"about":[{"href":"https:\/\/bebebio.ma\/index.php\/wp-json\/wp\/v2\/types\/product"}],"replies":[{"embeddable":true,"href":"https:\/\/bebebio.ma\/index.php\/wp-json\/wp\/v2\/comments?post=8128"}],"wp:featuredmedia":[{"embeddable":true,"href":"https:\/\/bebebio.ma\/index.php\/wp-json\/wp\/v2\/media\/8218"}],"wp:attachment":[{"href":"https:\/\/bebebio.ma\/index.php\/wp-json\/wp\/v2\/media?parent=8128"}],"wp:term":[{"taxonomy":"pwb-brand","embeddable":true,"href":"https:\/\/bebebio.ma\/index.php\/wp-json\/wp\/v2\/pwb-brand?post=8128"},{"taxonomy":"product_brand","embeddable":true,"href":"https:\/\/bebebio.ma\/index.php\/wp-json\/wp\/v2\/product_brand?post=8128"},{"taxonomy":"product_cat","embeddable":true,"href":"https:\/\/bebebio.ma\/index.php\/wp-json\/wp\/v2\/product_cat?post=8128"},{"taxonomy":"product_tag","embeddable":true,"href":"https:\/\/bebebio.ma\/index.php\/wp-json\/wp\/v2\/product_tag?post=8128"}],"curies":[{"name":"wp","href":"https:\/\/api.w.org\/{rel}","templated":true}]}}