{"id":8127,"date":"2024-08-06T21:38:41","date_gmt":"2024-08-06T19:38:41","guid":{"rendered":"https:\/\/bebebio.ma\/?post_type=product&#038;p=8127"},"modified":"2024-08-06T21:41:13","modified_gmt":"2024-08-06T19:41:13","slug":"miniland-sterilisateur-chauffe-biberons","status":"publish","type":"product","link":"https:\/\/bebebio.ma\/index.php\/product\/miniland-sterilisateur-chauffe-biberons\/","title":{"rendered":"Miniland Sterilisateur + Chauffe Biberons"},"content":{"rendered":"<h4 style=\"text-align: center;\"><strong><a href=\"https:\/\/bebemaman.ma\/marque\/miniland\/\" target=\"_blank\" rel=\"noopener\">Miniland<\/a> <\/strong>Sterilisateur + Chauffe Biberons<\/h4>\n<p><strong><a href=\"https:\/\/bebemaman.ma\/marque\/miniland\/\" target=\"_blank\" rel=\"noopener\">Miniland<\/a> <\/strong>Sterilisateur + Chauffe Biberons avec possibilit\u00e9 de voir le temps restant et d\u2019\u00eatre alert\u00e9 quand le biberon est pr\u00eat.<\/p>\n<p><strong>Chauffe-biberon et st\u00e9rilisateur \u00e0 vapeur 2 en 1<\/strong><br \/>\nAvec le mod\u00e8le Warmy Digy Plus vous pourrez \u00e0 la fois chauffer un biberon et ses accessoires en quelques minutes et les st\u00e9riliser \u00e0 la fin des repas tout aussi rapidement.<\/p>\n<p><strong>Chauffage des petits pots et biberons de mani\u00e8re naturelle<\/strong><br \/>\nL&#8217;appareil produit de la vapeur d&#8217;eau bouillante pour chauffer efficacement les biberons de lait et les petits pots de bouillie pour atteindre la temp\u00e9rature optimale pour l&#8217;enfant. Cela pr\u00e9sente de nombreux avantages par rapport \u00e0 d&#8217;autres processus de chauffage comme au micro-ondes.<\/p>\n<p><strong>Id\u00e9al pour r\u00e9chauffer des biberons de lait maternel<\/strong><br \/>\nGr\u00e2ce au chauffage r\u00e9gulier et lent calqu\u00e9 sur la temp\u00e9rature du lait maternel dans le corps de Maman le lait maternel chauff\u00e9 dans cet appareil ne perd en rien de ses qualit\u00e9s nutritives et de ses vitamines. Cela rappelle l&#8217;allaitement \u00e0 l&#8217;enfant.<\/p>\n<p><strong>R\u00e9glage de la temp\u00e9rature id\u00e9ale pour b\u00e9b\u00e9<\/strong><br \/>\nComme chaque enfant est unique le chauffe-biberon permet de r\u00e9gler le temps de chauffe pour obtenir un biberon \u00e0 la temp\u00e9rature optimale pour b\u00e9b\u00e9.<\/p>\n<p><strong>T\u00e9moins sonores et visuels pour s\u00e9curit\u00e9 maximale<\/strong><br \/>\nDes t\u00e9moins visuels et sonores indiquent la fin du chauffage ou un faible niveau d&#8217;eau de l&#8217;appareil. Auto-extinction en cas de faible niveau d&#8217;eau.<\/p>\n<p><strong>Caract\u00e9ristiques :<\/strong><\/p>\n<ul>\n<li>Pour r\u00e9chauffer des biberons et petits pots<\/li>\n<li>St\u00e9rilisateur \u00e0 vapeur<\/li>\n<li>Affichage du temps de chauffe<\/li>\n<li>Param\u00e9trage de la temp\u00e9rature d\u00e9sir\u00e9e<\/li>\n<li>Param\u00e9trage \u00e0 l&#8217;aide de 3 touches<\/li>\n<li>Auto-extinction<\/li>\n<li>Toutes pi\u00e8ces nettoyables avec une \u00e9ponge humide ou au lave-vaisselle. Base de l&#8217;appareil \u00e0 entretenir avec une \u00e9ponge humide<\/li>\n<\/ul>\n<p>Chez\u00a0<strong><a href=\"https:\/\/www.bebemaman.ma\/\" target=\"_blank\" rel=\"noopener\">bebemaman.ma<\/a><\/strong>, nous vous offrons une \u00e9quipe d\u00e9vou\u00e9e de sp\u00e9cialistes pr\u00eats \u00e0 r\u00e9pondre \u00e0 toutes vos pr\u00e9occupations, que ce soit en magasin \u00e0 Casablanca ou en ligne via nos r\u00e9seaux sociaux sur\u00a0<a href=\"https:\/\/www.facebook.com\/BebeMaman.ma\" target=\"_blank\" rel=\"noopener\"><strong>Facebook<\/strong>\u00a0<\/a>et\u00a0<a href=\"https:\/\/www.instagram.com\/bebemaman.ma\" target=\"_blank\" rel=\"noopener\"><strong>Instagram<\/strong>\u00a0<\/a>ainsi que notre site web\u00a0<a href=\"https:\/\/www.bebemaman.ma\/\" target=\"_blank\" rel=\"noopener\"><strong>bebemaman.ma<\/strong><\/a>.<\/p>\n","protected":false},"excerpt":{"rendered":"<p>Chauffe biberon et st\u00e9rilisateur avec possibilit\u00e9 de voir le temps restant et d\u2019\u00eatre alert\u00e9 quand le biberon est pr\u00eat.<\/p>\n<p>Temp\u00e9rature r\u00e9glable aux besoins du b\u00e9b\u00e9. Alertes visuelles et sonores, et s\u00e9curit\u00e9 maximale.<\/p>\n<p style=\"text-align: right;\"><a href=\"https:\/\/bebemaman.ma\/wp-content\/uploads\/2020\/06\/logo_miniland_bambinou.com_-e1617621539523.png\"><img decoding=\"async\" class=\"alignnone wp-image-1137\" src=\"https:\/\/bebemaman.ma\/wp-content\/uploads\/2020\/06\/logo_miniland_bambinou.com_-e1617621539523.png\" alt=\"\" width=\"87\" height=\"43\" \/><\/a><\/p>\n","protected":false},"featured_media":8214,"comment_status":"open","ping_status":"closed","template":"","meta":[],"pwb-brand":[773],"product_brand":[],"product_cat":[119,111,75,162],"product_tag":[163,159,164],"class_list":{"0":"post-8127","1":"product","2":"type-product","3":"status-publish","4":"has-post-thumbnail","6":"pwb-brand-miniland","7":"product_cat-chauffe-biberon","8":"product_cat-alimentation","9":"product_cat-promos","10":"product_cat-sterilisateur-biberon","11":"product_tag-chauffe-biberon","12":"product_tag-miniland","13":"product_tag-sterilisateur","15":"first","16":"instock","17":"sale","18":"taxable","19":"shipping-taxable","20":"purchasable","21":"product-type-simple"},"supplier_id":null,"supplier_sku":"","barcode":null,"atum_controlled":true,"out_stock_date":null,"out_stock_threshold":null,"inheritable":false,"inbound_stock":null,"stock_on_hold":0,"sold_today":0,"sales_last_days":0,"reserved_stock":null,"customer_returns":null,"warehouse_damage":null,"lost_in_post":null,"other_logs":null,"out_stock_days":0,"lost_sales":0,"has_location":null,"update_date":"2026-04-20T21:23:24","atum_locations":[],"atum_stock_status":"instock","restock_status":false,"low_stock_amount":"","sales_update_date":"2026-04-20T21:23:24","calc_backorders":null,"jetpack_sharing_enabled":true,"brands":[{"id":773,"name":"Miniland","slug":"miniland"}],"_links":{"self":[{"href":"https:\/\/bebebio.ma\/index.php\/wp-json\/wp\/v2\/product\/8127","targetHints":{"allow":["GET"]}}],"collection":[{"href":"https:\/\/bebebio.ma\/index.php\/wp-json\/wp\/v2\/product"}],"about":[{"href":"https:\/\/bebebio.ma\/index.php\/wp-json\/wp\/v2\/types\/product"}],"replies":[{"embeddable":true,"href":"https:\/\/bebebio.ma\/index.php\/wp-json\/wp\/v2\/comments?post=8127"}],"wp:featuredmedia":[{"embeddable":true,"href":"https:\/\/bebebio.ma\/index.php\/wp-json\/wp\/v2\/media\/8214"}],"wp:attachment":[{"href":"https:\/\/bebebio.ma\/index.php\/wp-json\/wp\/v2\/media?parent=8127"}],"wp:term":[{"taxonomy":"pwb-brand","embeddable":true,"href":"https:\/\/bebebio.ma\/index.php\/wp-json\/wp\/v2\/pwb-brand?post=8127"},{"taxonomy":"product_brand","embeddable":true,"href":"https:\/\/bebebio.ma\/index.php\/wp-json\/wp\/v2\/product_brand?post=8127"},{"taxonomy":"product_cat","embeddable":true,"href":"https:\/\/bebebio.ma\/index.php\/wp-json\/wp\/v2\/product_cat?post=8127"},{"taxonomy":"product_tag","embeddable":true,"href":"https:\/\/bebebio.ma\/index.php\/wp-json\/wp\/v2\/product_tag?post=8127"}],"curies":[{"name":"wp","href":"https:\/\/api.w.org\/{rel}","templated":true}]}}