{"id":8125,"date":"2024-08-06T21:38:41","date_gmt":"2024-08-06T19:38:41","guid":{"rendered":"https:\/\/bebebio.ma\/?post_type=product&#038;p=8125"},"modified":"2024-08-06T21:40:55","modified_gmt":"2024-08-06T19:40:55","slug":"miniland-coffret-repas-leo-en-bamboo-bio","status":"publish","type":"product","link":"https:\/\/bebebio.ma\/index.php\/product\/miniland-coffret-repas-leo-en-bamboo-bio\/","title":{"rendered":"Miniland Coffret repas Leo en Bamboo Bio"},"content":{"rendered":"<h4 class=\"pdp-description-title\" style=\"text-align: center;\">Miniland Coffret repas LEO en Bambo Bio<\/h4>\n<p class=\"fpMb\"><a href=\"https:\/\/bebemaman.ma\/marque\/miniland\/\" target=\"_blank\" rel=\"noopener\">Miniland<\/a> Coffret repas Leo en Bambo Bio une vaisselle compl\u00e8te avec des motifs originaux pour faire du repas un moment de diversion. les plus petits aimeront avoir leur propre assiette, bol et tasse avec leur personnage pr\u00e9f\u00e9r\u00e9. le set de 5 pi\u00e8ces est compos\u00e9 d\u2019une assiette plate pour les repas solides, d\u2019un bol id\u00e9al pour la pur\u00e9e, d\u2019une fourchette et d\u2019une cuill\u00e8re id\u00e9ales pour les premiers repas du b\u00e9b\u00e9 et d\u2019une tasse pour apprendre \u00e0 boire avec des anses pratiques, une paille et un syst\u00e8me de fermeture anti-gouttes.<\/p>\n<p><strong>Pour le plaisir du repas des plus petits !<\/strong><br \/>\nLe kit de vaisselle enfant complet aux adorables motifs offre du plaisir aux petits pendant leurs repas. Les enfants seront ravis d&#8217;avoir leur propre assiette, bol et tasse d\u00e9cor\u00e9s de leur animal pr\u00e9f\u00e9r\u00e9.<\/p>\n<p><strong>Un kit de vaisselle complet<\/strong><br \/>\nLe kit de 5 couverts comprend une assiette plate pour de la nourriture plus consistante, un bol pour de la bouillie, une fourchette et une cuill\u00e8re de taille id\u00e9ale pour les premiers repas autonomes d&#8217;un enfant et une tasse anti-fuite \u00e0 2 anses faciles \u00e0 saisir et une paille.<\/p>\n<p><strong>Pour apprendre \u00e0 manger tout seul<\/strong><br \/>\nLa fourchette et la cuill\u00e8re pr\u00e9sentent des tailles r\u00e9duites pour faciliter la prise de repas autonome des enfants. La petite tasse est le choix parfait pour les premi\u00e8res boissons autonomes de b\u00e9b\u00e9, facile \u00e0 saisir par ses anses l\u00e9g\u00e8res.<\/p>\n<p><strong>Composants naturels<\/strong><br \/>\nLe kit de vaisselle enfant est compos\u00e9 de fibres de bambou, un composant l\u00e9ger et ultra-r\u00e9sistant. Ainsi les plus petits seront sensibilis\u00e9s au respect de l&#8217;environnement et \u00e0 maintenir leur espace propre et en bon \u00e9tat.<\/p>\n<p><strong>Lavage au lave-vaisselle<\/strong><br \/>\nToutes les pi\u00e8ces de ce kit vaisselle enfant sont lavables au lave-vaisselle et conservent leurs coloris d&#8217;origine apr\u00e8s lavage.<\/p>\n<h4>Marque :<\/h4>\n<p><strong>Miniland\u00a0<\/strong>est une\u00a0<strong>marque espagnole<\/strong>\u00a0de produits de pu\u00e9riculture. Elle propose une vari\u00e9t\u00e9 d&#8217;\u00a0<strong>\u00e9coutes-b\u00e9b\u00e9<\/strong>, de\u00a0<strong>st\u00e9rilisateurs<\/strong>, de\u00a0<strong>purificateurs d&#8217;air<\/strong>, de\u00a0<strong>robots<\/strong>\u00a0de cuisine pour b\u00e9b\u00e9, de produits de soins&#8230; Miniland propose \u00e9galement une gamme de jouets pour divertir et \u00e9veiller b\u00e9b\u00e9.<\/p>\n<p>Tous ses produits de haute technologie permettent aux parents et aux b\u00e9b\u00e9s de vivre dans des environnements sains. L&#8217;objectif de\u00a0<strong>Miniland Baby<\/strong>\u00a0est d&#8217;apporter des produits de pu\u00e9riculture\u00a0<strong>s\u00e9curis\u00e9s<\/strong>,\u00a0<strong>pratiques<\/strong>\u00a0et qui apportent du\u00a0<strong>bien-\u00eatre<\/strong>\u00a0pour toute la famille.<\/p>\n<p>R\u00e9guli\u00e8rement la marque innove dans de nouvelles conceptions pour les produits de s\u00e9curit\u00e9 comme la\u00a0<strong>surveillance b\u00e9b\u00e9 vid\u00e9o<\/strong>, l&#8217;alimentaire avec des robots de cuisine b\u00e9b\u00e9 multifonctions&#8230;. De nombreux contr\u00f4les sont r\u00e9alis\u00e9s sur tous les produits dans le domaine des mat\u00e9riaux utilis\u00e9s et la s\u00e9curit\u00e9 des appareils \u00e9lectroniques.<\/p>\n<p><strong>Miniland<\/strong>\u00a0propose un maximum de produits au niveau international en \u00e9coutant les attentes de parents de cultures vari\u00e9es. La marque a lanc\u00e9 une nouvelle application\u00a0<strong>eMyBaby.com<\/strong>\u00a0qui permet de suivre l&#8217;\u00e9volution de b\u00e9b\u00e9 sur tablettes, ordinateurs, smartphones et surveiller b\u00e9b\u00e9 de n&#8217;importe quelle connexion internet.<\/p>\n<p><strong>Miniland Baby<\/strong>\u00a0s&#8217;attache particuli\u00e8re \u00e0\u00a0<strong>la communication, la collaboration et la proximit\u00e9 avec les clients.<\/strong><\/p>\n<div><\/div>\n","protected":false},"excerpt":{"rendered":"<p><strong>Du plaisir pour les petits!<\/strong><br \/>\nVaisselle compl\u00e8te avec des motifs joyeux pour faire du repas un moment amusant. Les petits adoreront avoir leur propre assiette, bol et tasse avec leur savane pr\u00e9f\u00e9r\u00e9e.<\/p>\n","protected":false},"featured_media":8197,"comment_status":"open","ping_status":"closed","template":"","meta":[],"pwb-brand":[773],"product_brand":[],"product_cat":[111,157,156],"product_tag":[],"class_list":{"0":"post-8125","1":"product","2":"type-product","3":"status-publish","4":"has-post-thumbnail","6":"pwb-brand-miniland","7":"product_cat-alimentation","8":"product_cat-coffrets-repas","9":"product_cat-repas","11":"first","12":"instock","13":"taxable","14":"shipping-taxable","15":"purchasable","16":"product-type-simple"},"supplier_id":null,"supplier_sku":"","barcode":null,"atum_controlled":true,"out_stock_date":null,"out_stock_threshold":null,"inheritable":false,"inbound_stock":null,"stock_on_hold":0,"sold_today":0,"sales_last_days":0,"reserved_stock":null,"customer_returns":null,"warehouse_damage":null,"lost_in_post":null,"other_logs":null,"out_stock_days":0,"lost_sales":0,"has_location":null,"update_date":"2026-04-18T12:47:15","atum_locations":[],"atum_stock_status":"instock","restock_status":false,"low_stock_amount":"","sales_update_date":"2026-04-18T12:47:15","calc_backorders":null,"jetpack_sharing_enabled":true,"brands":[{"id":773,"name":"Miniland","slug":"miniland"}],"_links":{"self":[{"href":"https:\/\/bebebio.ma\/index.php\/wp-json\/wp\/v2\/product\/8125","targetHints":{"allow":["GET"]}}],"collection":[{"href":"https:\/\/bebebio.ma\/index.php\/wp-json\/wp\/v2\/product"}],"about":[{"href":"https:\/\/bebebio.ma\/index.php\/wp-json\/wp\/v2\/types\/product"}],"replies":[{"embeddable":true,"href":"https:\/\/bebebio.ma\/index.php\/wp-json\/wp\/v2\/comments?post=8125"}],"wp:featuredmedia":[{"embeddable":true,"href":"https:\/\/bebebio.ma\/index.php\/wp-json\/wp\/v2\/media\/8197"}],"wp:attachment":[{"href":"https:\/\/bebebio.ma\/index.php\/wp-json\/wp\/v2\/media?parent=8125"}],"wp:term":[{"taxonomy":"pwb-brand","embeddable":true,"href":"https:\/\/bebebio.ma\/index.php\/wp-json\/wp\/v2\/pwb-brand?post=8125"},{"taxonomy":"product_brand","embeddable":true,"href":"https:\/\/bebebio.ma\/index.php\/wp-json\/wp\/v2\/product_brand?post=8125"},{"taxonomy":"product_cat","embeddable":true,"href":"https:\/\/bebebio.ma\/index.php\/wp-json\/wp\/v2\/product_cat?post=8125"},{"taxonomy":"product_tag","embeddable":true,"href":"https:\/\/bebebio.ma\/index.php\/wp-json\/wp\/v2\/product_tag?post=8125"}],"curies":[{"name":"wp","href":"https:\/\/api.w.org\/{rel}","templated":true}]}}