{"id":8065,"date":"2024-08-06T21:37:54","date_gmt":"2024-08-06T19:37:54","guid":{"rendered":"https:\/\/bebebio.ma\/?post_type=product&#038;p=8065"},"modified":"2024-08-06T21:40:34","modified_gmt":"2024-08-06T19:40:34","slug":"bioderma-abcderm-cold-cream-creme-corps-200ml","status":"publish","type":"product","link":"https:\/\/bebebio.ma\/index.php\/product\/bioderma-abcderm-cold-cream-creme-corps-200ml\/","title":{"rendered":"Bioderma ABCDerm Cold Cream Cr\u00e8me corps 200ml"},"content":{"rendered":"<h4 style=\"text-align: center\">Bioderma ABCDerm &#8211; Cold Cream Cr\u00e8me corps 200ml<\/h4>\n<p><a href=\"https:\/\/bebemaman.ma\/product-brands\/bioderma-abcderm\/\" target=\"_blank\" rel=\"noopener\">Bioderma<\/a> ABCDerm &#8211; Cold Cream Cr\u00e8me corps 200ml a \u00e9t\u00e9 sp\u00e9cialement con\u00e7u pour <strong>pr\u00e9server la peau d\u00e9licate du b\u00e9b\u00e9<\/strong>\u00a0ou de l\u2019enfant contre les\u00a0<strong>agressions du vent ou du froid<\/strong>.<\/p>\n<p>Ce soin convient aux\u00a0<strong>peaux normales \u00e0 s\u00e8ches ou vuln\u00e9rables<\/strong>\u00a0\u00e0 cause des conditions climatiques et il a \u00e9t\u00e9 \u00e9labor\u00e9 avec des ingr\u00e9dients qui lui conf\u00e8rent une haute tol\u00e9rance.<\/p>\n<p>Sa formule enrichie avec de la\u00a0<strong>cire d\u2019abeille<\/strong>\u00a0et de l\u2019<strong>huile d&#8217;amande douce<\/strong>\u00a0naturellement riches en vitamine A et en Om\u00e9ga 6, d\u00e9tient des vertus hyper hydratantes et assouplissantes en faveur des jolis minois fragiles et infiniment tendres dont toutes les mamans ont \u00e0 c\u0153ur de prendre le plus grand soin.<\/p>\n<p>Ce Cold cream ABCDerm, dot\u00e9 d\u2019une\u00a0<strong>texture fluide et l\u00e9g\u00e8re<\/strong>\u00a0et agr\u00e9ment\u00e9 d\u2019une douce note parfum\u00e9e, nourrit intens\u00e9ment la peau de b\u00e9b\u00e9 d\u00e8s sa naissance et permet de lutter efficacement contre l&#8217;ass\u00e8chement cutan\u00e9 et les sensations d\u00e9sagr\u00e9ables de tiraillements qui s\u2019ensuivent.<\/p>\n<p>Il agit de fa\u00e7on\u00a0<strong>pr\u00e9ventive<\/strong>\u00a0et<strong>\u00a0curative<\/strong>\u00a0sur l\u2019\u00e9piderme et le\u00a0<strong>prot\u00e8ge durablement<\/strong>.<\/p>\n<p>Ainsi, une application r\u00e9guli\u00e8re de\u00a0<strong>Cold cream ABCDerm<\/strong>\u00a0de Bioderma sur\u00a0la peau de votre enfant apr\u00e8s la toilette, lui garantira une\u00a0<strong>protection\u00a0<\/strong>journali\u00e8re pour affronter les intemp\u00e9ries et conserver son adorable teint velout\u00e9.<\/p>\n<p>Fond\u00e9 par Jean-No\u00ebl Thorel dans les ann\u00e9es 70,<strong>\u00a0Bioderma<\/strong>\u00a0met au point des soins dermatologiques et contribue depuis toujours \u00e0 faire \u00e9voluer le d\u00e9veloppement de la dermatologie \u00e0 travers le monde.<\/p>\n<h4><strong>Conditionnement :<\/strong> 1 tube de 200 ml.<\/h4>\n<h4>Marque :<\/h4>\n<p>D\u00e8s la naissance, la peau d\u00e9licate du b\u00e9b\u00e9 est naturellement expos\u00e9e \u00e0 toutes les agressions ext\u00e9rieures de son nouvel environnement.<\/p>\n<p>La solution BIODERMA : ABCDerm, une gamme experte de la peau du b\u00e9b\u00e9 dont tous les produits sont formul\u00e9s selon l\u2019Engagement Dermatologique ABCDerm, garantissant ainsi leur Haute S\u00e9curit\u00e9 et leur Haute tol\u00e9rance pour b\u00e9b\u00e9.<br \/>\nElle offre aussi bien des produits pour prendre soin de la peau de b\u00e9b\u00e9 au quotidien (gel moussant, hydratant visage et corps, huile de soin\u2026) que des produits pour prendre en charge les probl\u00e8mes de peau occasionnels de b\u00e9b\u00e9 (cr\u00e8me de change, soin pour les \u00e9ruptions sur le visage, soin pour les croutes de lait..).<br \/>\nTous les produits indispensables pour prendre soin de la peau des tout-petits.<\/p>\n<div class=\"ms-editor-squiggler\" style=\"color: initial;font: initial;writing-mode: initial;aspect-ratio: initial;background: initial;background-blend-mode: initial;border: initial;border-radius: initial;border-collapse: initial;box-shadow: initial;caption-side: initial;clear: initial;columns: initial;column-fill: initial;gap: initial;column-rule: initial;column-span: initial;cursor: initial;filter: initial;flex: initial;flex-flow: initial;float: initial;height: 0px;letter-spacing: initial;margin: initial;max-height: initial;max-width: initial;min-height: initial;min-width: initial;object-fit: initial;object-position: initial;overflow: initial;padding: initial;position: initial;text-align: initial;text-decoration: initial;text-indent: initial;text-transform: initial;vertical-align: initial;border-spacing: initial;width: initial;z-index: initial\"><\/div>\n","protected":false},"excerpt":{"rendered":"<p>ce soin protecteur \u00e0 base d&#8217;actifs dermatologiques riches en acides gras essentiels contribue \u00e0 r\u00e9tablir la fonction barri\u00e8re \u00e9pidermique alt\u00e9r\u00e9e des peaux s\u00e8ches et aide \u00e0 mieux retenir l&#8217;eau dans la peau.<\/p>\n<p style=\"text-align: right\"><img decoding=\"async\" class=\"alignnone wp-image-1093\" src=\"https:\/\/bebemaman.ma\/wp-content\/uploads\/2020\/06\/bioderma-360x72.png\" alt=\"\" width=\"125\" height=\"25\" \/><\/p>\n<div class=\"ms-editor-squiggler\" style=\"color: initial;font: initial;writing-mode: initial;aspect-ratio: initial;background: initial;background-blend-mode: initial;border: initial;border-radius: initial;border-collapse: initial;box-shadow: initial;caption-side: initial;clear: initial;columns: initial;column-fill: initial;gap: initial;column-rule: initial;column-span: initial;cursor: initial;filter: initial;flex: initial;flex-flow: initial;float: initial;height: 0px;letter-spacing: initial;margin: initial;max-height: initial;max-width: initial;min-height: initial;min-width: initial;object-fit: initial;object-position: initial;overflow: initial;padding: initial;position: initial;text-align: initial;text-decoration: initial;text-indent: initial;text-transform: initial;vertical-align: initial;border-spacing: initial;width: initial;z-index: initial\"><\/div>\n","protected":false},"featured_media":8182,"comment_status":"open","ping_status":"closed","template":"","meta":[],"pwb-brand":[772],"product_brand":[],"product_cat":[143,760,64,748],"product_tag":[146,147],"class_list":{"0":"post-8065","1":"product","2":"type-product","3":"status-publish","4":"has-post-thumbnail","6":"pwb-brand-bioderma","7":"product_cat-bioderma-abcderm","8":"product_cat-lait-corporel-soins","9":"product_cat-para-bebe","10":"product_cat-soins","11":"product_tag-abcderm","12":"product_tag-bioderma","14":"first","15":"outofstock","16":"sale","17":"taxable","18":"shipping-taxable","19":"purchasable","20":"product-type-simple"},"supplier_id":null,"supplier_sku":"","barcode":null,"atum_controlled":true,"out_stock_date":null,"out_stock_threshold":null,"inheritable":false,"inbound_stock":null,"stock_on_hold":0,"sold_today":0,"sales_last_days":0,"reserved_stock":null,"customer_returns":null,"warehouse_damage":null,"lost_in_post":null,"other_logs":null,"out_stock_days":0,"lost_sales":0,"has_location":null,"update_date":"2026-04-18T12:47:15","atum_locations":[],"atum_stock_status":"outofstock","restock_status":false,"low_stock_amount":"","sales_update_date":"2026-04-18T12:47:15","calc_backorders":null,"jetpack_sharing_enabled":true,"brands":[{"id":772,"name":"Bioderma","slug":"bioderma"}],"_links":{"self":[{"href":"https:\/\/bebebio.ma\/index.php\/wp-json\/wp\/v2\/product\/8065","targetHints":{"allow":["GET"]}}],"collection":[{"href":"https:\/\/bebebio.ma\/index.php\/wp-json\/wp\/v2\/product"}],"about":[{"href":"https:\/\/bebebio.ma\/index.php\/wp-json\/wp\/v2\/types\/product"}],"replies":[{"embeddable":true,"href":"https:\/\/bebebio.ma\/index.php\/wp-json\/wp\/v2\/comments?post=8065"}],"wp:featuredmedia":[{"embeddable":true,"href":"https:\/\/bebebio.ma\/index.php\/wp-json\/wp\/v2\/media\/8182"}],"wp:attachment":[{"href":"https:\/\/bebebio.ma\/index.php\/wp-json\/wp\/v2\/media?parent=8065"}],"wp:term":[{"taxonomy":"pwb-brand","embeddable":true,"href":"https:\/\/bebebio.ma\/index.php\/wp-json\/wp\/v2\/pwb-brand?post=8065"},{"taxonomy":"product_brand","embeddable":true,"href":"https:\/\/bebebio.ma\/index.php\/wp-json\/wp\/v2\/product_brand?post=8065"},{"taxonomy":"product_cat","embeddable":true,"href":"https:\/\/bebebio.ma\/index.php\/wp-json\/wp\/v2\/product_cat?post=8065"},{"taxonomy":"product_tag","embeddable":true,"href":"https:\/\/bebebio.ma\/index.php\/wp-json\/wp\/v2\/product_tag?post=8065"}],"curies":[{"name":"wp","href":"https:\/\/api.w.org\/{rel}","templated":true}]}}