{"id":8011,"date":"2024-08-06T21:36:40","date_gmt":"2024-08-06T19:36:40","guid":{"rendered":"https:\/\/bebebio.ma\/?post_type=product&#038;p=8011"},"modified":"2024-08-06T21:38:15","modified_gmt":"2024-08-06T19:38:15","slug":"philips-avent-chauffe-biberon-electrique-rapide","status":"publish","type":"product","link":"https:\/\/bebebio.ma\/index.php\/product\/philips-avent-chauffe-biberon-electrique-rapide\/","title":{"rendered":"Philips Avent Chauffe biberon \u00e9lectrique rapide"},"content":{"rendered":"<h4 style=\"text-align: center\">Avent Chauffe-biberon \u00e9lectrique rapide<\/h4>\n<p class=\"ft06\"><a href=\"https:\/\/bebemaman.ma\/marque\/philips-avent\/\" target=\"_blank\" rel=\"noopener\">Avent Chauffe biberon \u00e9lectrique rapide<\/a>\u00a0 r\u00e9chauffe vos biberons rapidement et uniform\u00e9ment et s&#8217;int\u00e8gre parfaitement \u00e0 votre cuisine.<\/p>\n<p><strong>Id\u00e9al pour r\u00e9chauffer votre lait maternel\u00a0<\/strong><\/p>\n<p class=\"ft06\">Le lait maternel est important pour votre b\u00e9b\u00e9, ce chauffe-biberon garantit un chauffage doux et uniforme en seulement 3 minutes*. Il pr\u00e9serve la qualit\u00e9 de votre lait et sa fonction de d\u00e9cong\u00e9lation est tr\u00e8s pratique : d\u00e9congelez votre lait en douceur et en toute s\u00e9curit\u00e9 dans le chauffe-biberon tout en passant du temps avec votre b\u00e9b\u00e9. Plus pratique qu&#8217;une d\u00e9cong\u00e9lation sous l&#8217;eau du robinet, plus rapide qu&#8217;une d\u00e9cong\u00e9lation au r\u00e9frig\u00e9rateur et avant tout plus s\u00fbr qu&#8217;une d\u00e9cong\u00e9lation au micro-ondes.<\/p>\n<p><strong>R\u00e9chauffage pratique<\/strong><\/p>\n<ul class=\"normal\">\n<li>R\u00e9chauffe \u00e9galement la nourriture pour b\u00e9b\u00e9s ou le lait en poudre.<\/li>\n<li>Fonctionnement simple<\/li>\n<li>Compatibilit\u00e9 avec la gamme Philips AVENT<\/li>\n<li>Un bouton unique pour allumer le chauffe-biberon et s\u00e9lectionner le r\u00e9glage ad\u00e9quat<\/li>\n<li>Tous les biberons et pots de conservation de nourriture pour b\u00e9b\u00e9s Philips AVENT sont compatibles avec ce chauffe-biberon.L&#8217;emballage du chauffe-biberon comprend un tableau d&#8217;indications de r\u00e9chauffage d\u00e9tachable qui peut \u00eatre conserv\u00e9 pr\u00e8s de l&#8217;appareil pour avoir le bon temps de r\u00e9chauffage toujours \u00e0 port\u00e9e de main.* Pour 150 ml de lait (ou moins) \u00e0 une temp\u00e9rature de 20 \u00b0C dans un biberon Philips AVENT Classic\/Natural de 260 ml.<\/li>\n<\/ul>\n","protected":false},"excerpt":{"rendered":"<p><strong>Le plus rapide des chauffe-biberons \u00e9lectriques &#8211;\u00a0<\/strong><strong>Chauffe le lait rapidement et uniform\u00e9ment<\/strong><\/p>\n<p>Lorsque le temps vous manque, le chauffe-biberon Philips Avent chauffe votre lait rapidement et uniform\u00e9ment, en \u00e0 peine 3 minutes.<\/p>\n<p>Facile \u00e0 utiliser, il est dot\u00e9 d&#8217;un r\u00e9glage de d\u00e9cong\u00e9lation pratique et peut \u00e9galement servir \u00e0 chauffer les petits pots de b\u00e9b\u00e9.<\/p>\n<p style=\"text-align: right\"><img decoding=\"async\" class=\"alignnone wp-image-561\" src=\"https:\/\/bebemaman.ma\/wp-content\/uploads\/2020\/06\/langfr-280px-Philips_AVENT_logo.svg.png\" alt=\"LOGO philips avent - bebemaman.ma\" width=\"95\" height=\"46\" \/><\/p>\n","protected":false},"featured_media":8090,"comment_status":"open","ping_status":"closed","template":"","meta":[],"pwb-brand":[764,765],"product_brand":[],"product_cat":[119,111,75],"product_tag":[],"class_list":{"0":"post-8011","1":"product","2":"type-product","3":"status-publish","4":"has-post-thumbnail","6":"pwb-brand-avent","7":"pwb-brand-philips-avent","8":"product_cat-chauffe-biberon","9":"product_cat-alimentation","10":"product_cat-promos","12":"first","13":"instock","14":"sale","15":"taxable","16":"shipping-taxable","17":"purchasable","18":"product-type-simple"},"supplier_id":null,"supplier_sku":"","barcode":null,"atum_controlled":true,"out_stock_date":null,"out_stock_threshold":null,"inheritable":false,"inbound_stock":null,"stock_on_hold":0,"sold_today":0,"sales_last_days":0,"reserved_stock":null,"customer_returns":null,"warehouse_damage":null,"lost_in_post":null,"other_logs":null,"out_stock_days":0,"lost_sales":0,"has_location":null,"update_date":"2026-04-16T11:45:56","atum_locations":[],"atum_stock_status":"instock","restock_status":false,"low_stock_amount":"","sales_update_date":"2026-04-16T11:45:56","calc_backorders":null,"jetpack_sharing_enabled":true,"brands":[{"id":764,"name":"Avent","slug":"avent"},{"id":765,"name":"Philips Avent","slug":"philips-avent"}],"_links":{"self":[{"href":"https:\/\/bebebio.ma\/index.php\/wp-json\/wp\/v2\/product\/8011","targetHints":{"allow":["GET"]}}],"collection":[{"href":"https:\/\/bebebio.ma\/index.php\/wp-json\/wp\/v2\/product"}],"about":[{"href":"https:\/\/bebebio.ma\/index.php\/wp-json\/wp\/v2\/types\/product"}],"replies":[{"embeddable":true,"href":"https:\/\/bebebio.ma\/index.php\/wp-json\/wp\/v2\/comments?post=8011"}],"wp:featuredmedia":[{"embeddable":true,"href":"https:\/\/bebebio.ma\/index.php\/wp-json\/wp\/v2\/media\/8090"}],"wp:attachment":[{"href":"https:\/\/bebebio.ma\/index.php\/wp-json\/wp\/v2\/media?parent=8011"}],"wp:term":[{"taxonomy":"pwb-brand","embeddable":true,"href":"https:\/\/bebebio.ma\/index.php\/wp-json\/wp\/v2\/pwb-brand?post=8011"},{"taxonomy":"product_brand","embeddable":true,"href":"https:\/\/bebebio.ma\/index.php\/wp-json\/wp\/v2\/product_brand?post=8011"},{"taxonomy":"product_cat","embeddable":true,"href":"https:\/\/bebebio.ma\/index.php\/wp-json\/wp\/v2\/product_cat?post=8011"},{"taxonomy":"product_tag","embeddable":true,"href":"https:\/\/bebebio.ma\/index.php\/wp-json\/wp\/v2\/product_tag?post=8011"}],"curies":[{"name":"wp","href":"https:\/\/api.w.org\/{rel}","templated":true}]}}