{"id":8010,"date":"2024-08-06T21:36:40","date_gmt":"2024-08-06T19:36:40","guid":{"rendered":"https:\/\/bebebio.ma\/?post_type=product&#038;p=8010"},"modified":"2024-08-06T21:38:22","modified_gmt":"2024-08-06T19:38:22","slug":"avent-biberon-natural-verre-240-ml","status":"publish","type":"product","link":"https:\/\/bebebio.ma\/index.php\/product\/avent-biberon-natural-verre-240-ml\/","title":{"rendered":"Avent Biberon Natural verre 240 ml"},"content":{"rendered":"<h3 style=\"text-align: center;\"><span style=\"color: #000000;\">Avent Biberon Natural verre 240 ml<\/span><\/h3>\n<h4>R\u00e9sistant \u00e0 la chaleur<\/h4>\n<p>Le biberon en verre Natural r\u00e9siste \u00e0 la chaleur et aux chocs thermiques. Vous pouvez donc le placer au r\u00e9frig\u00e9rateur, le chauffer et le st\u00e9riliser.<\/p>\n<h4>Alv\u00e9oles de confort uniques pour une t\u00e9tine tr\u00e8s douce et souple<\/h4>\n<p>Les alv\u00e9oles de la t\u00e9tine renforcent sa douceur et sa souplesse, sans pour autant que la t\u00e9tine ne s&#8217;\u00e9crase. Votre b\u00e9b\u00e9 profite ainsi d&#8217;une t\u00e9t\u00e9e plus confortable.<\/p>\n<h4>Syst\u00e8me anti-coliques perfectionn\u00e9 avec double valve innovante<\/h4>\n<p>Le syst\u00e8me innovant de double valve diminue les coliques et l&#8217;inconfort en faisant rentrer l&#8217;air dans le biberon, et non dans l&#8217;estomac de b\u00e9b\u00e9.<\/p>\n<h4>Forme ergonomique pour un confort maximal<\/h4>\n<p>Gr\u00e2ce \u00e0 sa forme unique, ce biberon est facile \u00e0 tenir quel que soit le sens, pour un maximum de confort.<\/p>\n<h4>Facile \u00e0 utiliser et \u00e0 nettoyer, simple et rapide \u00e0 assembler<\/h4>\n<p>Le large goulot du biberon facilite le remplissage et le nettoyage. Le biberon ne comporte que quelques pi\u00e8ces pour un assemblage simple et rapide.<\/p>\n<ul>\n<li>Facile \u00e0 assembler<\/li>\n<li>Facile \u00e0 nettoyer<\/li>\n<li>Prise en main facile<\/li>\n<li>Compatible avec le lave-vaisselle et le micro-ondes<\/li>\n<\/ul>\n<h4 class=\"p-heading-03 p-feature-title\">Verre de qualit\u00e9 pharmaceutique<\/h4>\n<p class=\"p-heading-03 p-feature-title\">Enti\u00e8rement recyclable, verre borosilicat\u00e9 de qualit\u00e9 sup\u00e9rieure garantissant une qualit\u00e9 et une puret\u00e9 in\u00e9gal\u00e9es.<\/p>\n<h4>Compatible avec la gamme Philips Avent<\/h4>\n<p>Le biberon Natural Philips Avent est compatible avec toute la gamme Philips Avent, \u00e0 l&#8217;exception des biberons et poign\u00e9es de tasse Classic. Nous vous conseillons d&#8217;utiliser uniquement les biberons Natural avec les t\u00e9tines Natural.<\/p>\n<h4>Disponible en diff\u00e9rentes tailles (120 ml et 240 ml)<\/h4>\n<p><a href=\"https:\/\/www.philips.fr\/c-p\/SCF690_17\/avent-biberons-natural-biberon-natural\" target=\"_blank\" rel=\"noopener\">Biberon Natural Plastique 125 ml \u2013 Avent<\/a><\/p>\n<p><a href=\"https:\/\/bebemaman.ma\/produit\/alimentation-bebe\/biberons\/biberons-en-verre\/biberon-natural-2-0-verre-120ml\/\" target=\"_blank\" rel=\"noopener\">Avent Biberon Natural verre 120 ml<\/a><\/p>\n","protected":false},"excerpt":{"rendered":"<p>Le biberon Natural 2.0 en verre est dot\u00e9 d&#8217;une t\u00e9tine ultra-douce dont les caract\u00e9ristiques se rapprochent plus de celles du sein. Cette large t\u00e9tine imitant la forme du sein pr\u00e9sente un design flexible en spirale et des alv\u00e9oles de confort pour permettre une t\u00e9t\u00e9e naturelle et faciliter l&#8217;alternance entre sein et biberon.<\/p>\n<p><a href=\"https:\/\/bebemaman.ma\/wp-content\/uploads\/2020\/06\/langfr-280px-Philips_AVENT_logo.svg.png\"><img decoding=\"async\" class=\" wp-image-561\" src=\"https:\/\/bebemaman.ma\/wp-content\/uploads\/2020\/06\/langfr-280px-Philips_AVENT_logo.svg.png\" alt=\"\" width=\"105\" height=\"51\" \/><\/a><\/p>\n","protected":false},"featured_media":8100,"comment_status":"open","ping_status":"closed","template":"","meta":[],"pwb-brand":[764,765],"product_brand":[],"product_cat":[111,296],"product_tag":[116,117],"class_list":{"0":"post-8010","1":"product","2":"type-product","3":"status-publish","4":"has-post-thumbnail","6":"pwb-brand-avent","7":"pwb-brand-philips-avent","8":"product_cat-alimentation","9":"product_cat-biberons-en-verre-biberons-alimentation","10":"product_tag-avent","11":"product_tag-biberon","13":"first","14":"instock","15":"sale","16":"taxable","17":"shipping-taxable","18":"purchasable","19":"product-type-simple"},"supplier_id":null,"supplier_sku":"","barcode":null,"atum_controlled":true,"out_stock_date":null,"out_stock_threshold":null,"inheritable":false,"inbound_stock":null,"stock_on_hold":0,"sold_today":0,"sales_last_days":0,"reserved_stock":null,"customer_returns":null,"warehouse_damage":null,"lost_in_post":null,"other_logs":null,"out_stock_days":0,"lost_sales":0,"has_location":null,"update_date":"2026-04-22T02:32:09","atum_locations":[],"atum_stock_status":"instock","restock_status":false,"low_stock_amount":"","sales_update_date":"2026-04-22T02:32:09","calc_backorders":null,"jetpack_sharing_enabled":true,"brands":[{"id":764,"name":"Avent","slug":"avent"},{"id":765,"name":"Philips Avent","slug":"philips-avent"}],"_links":{"self":[{"href":"https:\/\/bebebio.ma\/index.php\/wp-json\/wp\/v2\/product\/8010","targetHints":{"allow":["GET"]}}],"collection":[{"href":"https:\/\/bebebio.ma\/index.php\/wp-json\/wp\/v2\/product"}],"about":[{"href":"https:\/\/bebebio.ma\/index.php\/wp-json\/wp\/v2\/types\/product"}],"replies":[{"embeddable":true,"href":"https:\/\/bebebio.ma\/index.php\/wp-json\/wp\/v2\/comments?post=8010"}],"wp:featuredmedia":[{"embeddable":true,"href":"https:\/\/bebebio.ma\/index.php\/wp-json\/wp\/v2\/media\/8100"}],"wp:attachment":[{"href":"https:\/\/bebebio.ma\/index.php\/wp-json\/wp\/v2\/media?parent=8010"}],"wp:term":[{"taxonomy":"pwb-brand","embeddable":true,"href":"https:\/\/bebebio.ma\/index.php\/wp-json\/wp\/v2\/pwb-brand?post=8010"},{"taxonomy":"product_brand","embeddable":true,"href":"https:\/\/bebebio.ma\/index.php\/wp-json\/wp\/v2\/product_brand?post=8010"},{"taxonomy":"product_cat","embeddable":true,"href":"https:\/\/bebebio.ma\/index.php\/wp-json\/wp\/v2\/product_cat?post=8010"},{"taxonomy":"product_tag","embeddable":true,"href":"https:\/\/bebebio.ma\/index.php\/wp-json\/wp\/v2\/product_tag?post=8010"}],"curies":[{"name":"wp","href":"https:\/\/api.w.org\/{rel}","templated":true}]}}