{"id":8006,"date":"2024-08-06T21:36:40","date_gmt":"2024-08-06T19:36:40","guid":{"rendered":"https:\/\/bebebio.ma\/?post_type=product&#038;p=8006"},"modified":"2024-08-06T21:38:09","modified_gmt":"2024-08-06T19:38:09","slug":"philips-avent-pack-biberons-natural","status":"publish","type":"product","link":"https:\/\/bebebio.ma\/index.php\/product\/philips-avent-pack-biberons-natural\/","title":{"rendered":"Philips Avent Pack biberons Natural"},"content":{"rendered":"<p style=\"text-align: center;\"><strong>Philips Avent Pack biberons Natural<\/strong><\/p>\n<p><strong>Nouvelle gamme Natural 2.0 !<\/strong><\/p>\n<ul>\n<li>une nouvelle texture de la t\u00e9tine<\/li>\n<li>une compressibilit\u00e9 avanc\u00e9e de la t\u00e9tine<\/li>\n<li>une flexibilit\u00e9 et une souplesse am\u00e9lior\u00e9es<\/li>\n<li>un bout plus arrondi et \u00e9largi<\/li>\n<\/ul>\n<p><strong>T\u00e9t\u00e9e naturelle gr\u00e2ce \u00e0 une large t\u00e9tine imitant la forme du sein<\/strong><\/p>\n<p>La large t\u00e9tine imitant la forme du sein permet une t\u00e9t\u00e9e naturelle similaire \u00e0 l&#8217;allaitement au sein, ce qui facilite l&#8217;alternance sein\/biberon pour votre b\u00e9b\u00e9.<\/p>\n<p><strong>T\u00e9tine ultra-douce con\u00e7ue pour reproduire la sensation du sein<\/strong><\/p>\n<p>La t\u00e9tine pr\u00e9sente une texture ultra-douce con\u00e7ue pour reproduire la sensation du sein.<\/p>\n<p><strong>Design flexible en spirale associ\u00e9 \u00e0 des alv\u00e9oles de confort<\/strong><\/p>\n<p>Le design flexible en spirale est associ\u00e9 \u00e0 nos alv\u00e9oles de confort uniques afin d&#8217;obtenir une t\u00e9tine souple qui ne s&#8217;\u00e9crase pas, pour une t\u00e9t\u00e9e plus naturelle.<\/p>\n<p><strong>Valve anti-coliques con\u00e7ue pour r\u00e9duire le risque de coliques et d&#8217;inconfort<\/strong><br \/>\nValve anti-coliques con\u00e7ue pour \u00e9viter que l&#8217;air n&#8217;entre dans l&#8217;estomac de votre b\u00e9b\u00e9, ce qui permet de r\u00e9duire le risque de coliques et d&#8217;inconfort.<\/p>\n<p><strong>Forme ergonomique pour un confort maximal<\/strong><\/p>\n<p>Gr\u00e2ce \u00e0 sa forme unique, ce biberon est facile \u00e0 tenir quel qu&#8217;en soit le sens, pour un maximum de confort, m\u00eame dans les petites mains de votre enfant.<\/p>\n<p><strong>Compatible avec la gamme Natural Philips Avent<\/strong><\/p>\n<p>M\u00e9langez et utilisez selon vos besoins les pi\u00e8ces de tire-lait, biberons et tasses pour cr\u00e9er votre produit id\u00e9al !<\/p>\n<p><strong>Facile \u00e0 utiliser et \u00e0 nettoyer, simple et rapide \u00e0 assembler<\/strong><\/p>\n<p>Le large goulot du biberon facilite le remplissage et le nettoyage. Le biberon ne comporte que quelques pi\u00e8ces pour un assemblage simple et rapide.<\/p>\n<p><strong>Sucette orthodontique<\/strong><br \/>\nCette sucette souple et orthodontique respecte la croissance du palais, des dents et des gencives de votre b\u00e9b\u00e9. Toutes nos sucettes sont en silicone sans go\u00fbt et sans odeur.<\/p>\n<p><strong>T\u00eate de brosse \u00e0 bout recourb\u00e9 pour un nettoyage facilit\u00e9<\/strong><br \/>\nBrosse \u00e0 bout recourb\u00e9 et extr\u00e9mit\u00e9 de manche moul\u00e9e pour un nettoyage m\u00e9ticuleux de tous types de biberons \u00e0 col large, t\u00e9tines et autres accessoires d&#8217;allaitement.<\/p>\n<p><strong>T\u00e9tines offrant diff\u00e9rents d\u00e9bits<\/strong><\/p>\n<p>La gamme Natural Philips Avent offre diff\u00e9rents niveaux de flexibilit\u00e9 et des d\u00e9bits progressivement plus \u00e9lev\u00e9s, afin de s&#8217;adapter \u00e0 chaque \u00e9tape du d\u00e9veloppement de votre b\u00e9b\u00e9.<\/p>\n<p>Philips Avent Pack biberons Natural<\/p>\n","protected":false},"excerpt":{"rendered":"<p>Un kit pratique comprenant :<img decoding=\"async\" class=\"wp-image-561 alignright\" src=\"https:\/\/bebemaman.ma\/wp-content\/uploads\/2020\/06\/langfr-280px-Philips_AVENT_logo.svg.png\" alt=\"\" width=\"98\" height=\"48\" \/><\/p>\n<ul>\n<li>4 biberons Natural (2 x 125 ml et 2 x 260 ml)<\/li>\n<li>un goupillon pour biberon et t\u00e9tine<\/li>\n<li>une sucette transparente 0-6 mois.<\/li>\n<\/ul>\n<div class=\"ms-editor-squiggler\" style=\"color: initial; font: initial; background: initial; background-blend-mode: initial; border: initial; border-radius: initial; border-collapse: initial; caption-side: initial; clear: initial; columns: initial; column-fill: initial; column-rule: initial; column-span: initial; cursor: initial; filter: initial; flex: initial; flex-flow: initial; float: initial; height: 0px; letter-spacing: initial; margin: initial; max-height: initial; max-width: initial; min-height: initial; min-width: initial; object-position: initial; overflow: initial; padding: initial; text-align: initial; text-decoration: initial; text-indent: initial; text-transform: initial; vertical-align: initial; border-spacing: initial; width: initial;\"><\/div>\n","protected":false},"featured_media":8081,"comment_status":"open","ping_status":"closed","template":"","meta":[],"pwb-brand":[764,765],"product_brand":[],"product_cat":[111,113,169,75],"product_tag":[116,117,118],"class_list":{"0":"post-8006","1":"product","2":"type-product","3":"status-publish","4":"has-post-thumbnail","6":"pwb-brand-avent","7":"pwb-brand-philips-avent","8":"product_cat-alimentation","9":"product_cat-biberons-en-plastique","10":"product_cat-coffret-nouveau-ne-biberons","11":"product_cat-promos","12":"product_tag-avent","13":"product_tag-biberon","14":"product_tag-pack","16":"first","17":"instock","18":"sale","19":"taxable","20":"shipping-taxable","21":"purchasable","22":"product-type-simple"},"supplier_id":null,"supplier_sku":"","barcode":null,"atum_controlled":true,"out_stock_date":null,"out_stock_threshold":null,"inheritable":false,"inbound_stock":null,"stock_on_hold":0,"sold_today":0,"sales_last_days":0,"reserved_stock":null,"customer_returns":null,"warehouse_damage":null,"lost_in_post":null,"other_logs":null,"out_stock_days":0,"lost_sales":0,"has_location":null,"update_date":"2026-04-18T12:47:15","atum_locations":[],"atum_stock_status":"instock","restock_status":false,"low_stock_amount":"","sales_update_date":"2026-04-18T12:47:15","calc_backorders":null,"jetpack_sharing_enabled":true,"brands":[{"id":764,"name":"Avent","slug":"avent"},{"id":765,"name":"Philips Avent","slug":"philips-avent"}],"_links":{"self":[{"href":"https:\/\/bebebio.ma\/index.php\/wp-json\/wp\/v2\/product\/8006","targetHints":{"allow":["GET"]}}],"collection":[{"href":"https:\/\/bebebio.ma\/index.php\/wp-json\/wp\/v2\/product"}],"about":[{"href":"https:\/\/bebebio.ma\/index.php\/wp-json\/wp\/v2\/types\/product"}],"replies":[{"embeddable":true,"href":"https:\/\/bebebio.ma\/index.php\/wp-json\/wp\/v2\/comments?post=8006"}],"wp:featuredmedia":[{"embeddable":true,"href":"https:\/\/bebebio.ma\/index.php\/wp-json\/wp\/v2\/media\/8081"}],"wp:attachment":[{"href":"https:\/\/bebebio.ma\/index.php\/wp-json\/wp\/v2\/media?parent=8006"}],"wp:term":[{"taxonomy":"pwb-brand","embeddable":true,"href":"https:\/\/bebebio.ma\/index.php\/wp-json\/wp\/v2\/pwb-brand?post=8006"},{"taxonomy":"product_brand","embeddable":true,"href":"https:\/\/bebebio.ma\/index.php\/wp-json\/wp\/v2\/product_brand?post=8006"},{"taxonomy":"product_cat","embeddable":true,"href":"https:\/\/bebebio.ma\/index.php\/wp-json\/wp\/v2\/product_cat?post=8006"},{"taxonomy":"product_tag","embeddable":true,"href":"https:\/\/bebebio.ma\/index.php\/wp-json\/wp\/v2\/product_tag?post=8006"}],"curies":[{"name":"wp","href":"https:\/\/api.w.org\/{rel}","templated":true}]}}