{"id":7992,"date":"2024-08-06T21:36:39","date_gmt":"2024-08-06T19:36:39","guid":{"rendered":"https:\/\/bebebio.ma\/?post_type=product&#038;p=7992"},"modified":"2024-08-06T21:37:23","modified_gmt":"2024-08-06T19:37:23","slug":"mustela-lait-de-toilette-sans-rincage-500ml","status":"publish","type":"product","link":"https:\/\/bebebio.ma\/index.php\/product\/mustela-lait-de-toilette-sans-rincage-500ml\/","title":{"rendered":"Mustela Lait de Toilette sans rin\u00e7age 500ml"},"content":{"rendered":"<p style=\"text-align: center\"><strong><a href=\"https:\/\/bebemaman.ma\/marque\/mustela\/\" target=\"_blank\" rel=\"noopener\">Mustela<\/a> Lait de Toilette sans rin\u00e7age 500ml<\/strong><\/p>\n<p>Mustela Lait de Toilette 500ml est un soin con\u00e7u pour les b\u00e9b\u00e9s d\u00e8s la naissance et les enfants afin de pratiquer la toilette quotidienne du visage, des mains et du si\u00e8ge. Il va enlever les impuret\u00e9s et les salet\u00e9s tout en douceur. Il est indiqu\u00e9 pour le soin des <strong>peaux normales.<\/strong><\/p>\n<p>Enrichi en\u00a0<strong>pers\u00e9ose d&#8217;avocat Bio<\/strong>, actif naturel brevet\u00e9 par les laboratoires Mustela, il participe au d\u00e9veloppement du r\u00f4le de barri\u00e8re de la peau en renfor\u00e7ant la production de prot\u00e9ines et de lipides. Il prot\u00e8ge \u00e9galement les cellules cutan\u00e9es des agressions.<br \/>\nL&#8217;huile nourrissante d&#8217;origine naturelle et issue du tournesol contribue \u00e0<strong>\u00a0hydrater la peau<\/strong>\u00a0tout en prot\u00e9geant son film hydrolipidique. Il adoucit et<strong>\u00a0assouplit l&#8217;\u00e9piderme.<\/strong><\/p>\n<p>Ce lait de toilette minimise les risques d&#8217;allergie et se compose \u00e0\u00a0<strong>98% d&#8217;ingr\u00e9dients d&#8217;origine naturelle<\/strong>\u00a0lui garantissant une grande tol\u00e9rance cutan\u00e9e, m\u00eame les plus sensibles en \u00e9vitant toute r\u00e9action allergique.\u00a0Sa texture onctueuse, associ\u00e9e \u00e0 un parfum d\u00e9licat, apporte un r\u00e9el confort \u00e0 la peau tout en la rendant douce.<\/p>\n<p>Ce<strong>\u00a0lait de toilette Mustela<\/strong>\u00a0<strong>B\u00e9b\u00e9<\/strong> se pr\u00e9sente sous deux formats, un petit mod\u00e8le pour vous accompagner lors de vos d\u00e9placements et un plus grand pour le domicile.<\/p>\n<p>Avec son<strong> flacon pompe pratique<\/strong> et <strong>ergonomique<\/strong>, Mustela Lait de Toilette 500ml est facile \u00e0 utiliser et permet un dosage pr\u00e9cis. Il laisse la peau de votre b\u00e9b\u00e9 fra\u00eeche, <strong>apais\u00e9e et d\u00e9licatement parfum\u00e9e apr\u00e8s chaque utilisation<\/strong>. Son efficacit\u00e9 est <strong>cliniquement prouv\u00e9e<\/strong>, sa formule est hypoallerg\u00e9nique, et il est test\u00e9 sous contr\u00f4le dermatologique et p\u00e9diatrique pour assurer la s\u00e9curit\u00e9 et le bien-\u00eatre de votre enfant.<\/p>\n<p>Le Lait de Toilette Mustela est \u00e9galement respectueux de l&#8217;environnement. Sa formule biod\u00e9gradable contribue \u00e0 la pr\u00e9servation de l&#8217;environnement et de la biodiversit\u00e9. Il est \u00e9galement <strong>sans paraben, sans phtalates, et sans ph\u00e9noxy\u00e9thanol, substances souvent critiqu\u00e9es pour leur potentiel impact sur la sant\u00e9.<\/strong><\/p>\n<p>Outre le lait de toilette, la gamme <strong>Mustela B\u00e9b\u00e9<\/strong> propose \u00e9galement d&#8217;autres produits de soin comme <strong>les lingettes dermo-apaisantes<\/strong>, <strong>le<\/strong> <strong>liniment<\/strong>, <strong>la cr\u00e8me pour le change<\/strong>, <strong>le gel lavant doux<\/strong> ou encore <strong>le shampooing doux<\/strong>. Ces produits compl\u00e9mentaires vous permettent de prendre soin de la peau de votre b\u00e9b\u00e9 \u00e0 chaque moment de la journ\u00e9e.<\/p>\n<p>L&#8217;achat du Lait de Toilette Mustela sur le site <strong>bebemaman.ma<\/strong> est un choix judicieux pour toutes les mamans qui souhaitent offrir le meilleur \u00e0 leur b\u00e9b\u00e9. Le service de livraison rapide et fiable assure que votre commande arrive chez vous en un rien de temps, que vous soyez au quartier Bourgogne de Casablanca ou ailleurs au Maroc. Si vous pr\u00e9f\u00e9rez acheter en magasin, le magasin bebemaman \u00e0 Casablanca vous accueille avec un personnel comp\u00e9tent et \u00e0 l&#8217;\u00e9coute pour vous conseiller et vous aider \u00e0 faire le meilleur choix pour votre enfant.<\/p>\n<p>En r\u00e9sum\u00e9, Mustela Lait de Toilette 500ml est<strong> un produit incontournable pour la toilette de votre b\u00e9b\u00e9<\/strong>. Il offre une solution douce, efficace et respectueuse de la peau et de l&#8217;environnement, faisant de chaque moment de la toilette un moment de douceur et de plaisir.<\/p>\n<p><strong>Caract\u00e9ristiques<\/strong>\u00a0:<\/p>\n<ul>\n<li>Test\u00e9 sous contr\u00f4le dermatologique et p\u00e9diatrique<\/li>\n<li>98% d&#8217;ingr\u00e9dients d&#8217;origine naturelle<\/li>\n<li>D\u00e8s la naissance<\/li>\n<li>Fabriqu\u00e9 en France<\/li>\n<li>Avocat issu de culture Bio<\/li>\n<\/ul>\n<p>Nettoyer avec un coton le visage et \/ ou le si\u00e8ge.<\/p>\n<div class=\"ms-editor-squiggler\" style=\"color: initial;font: initial;background: initial;background-blend-mode: initial;border: initial;border-radius: initial;border-collapse: initial;caption-side: initial;clear: initial;columns: initial;column-fill: initial;column-rule: initial;column-span: initial;cursor: initial;flex: initial;flex-flow: initial;float: initial;height: 0px;letter-spacing: initial;margin: initial;max-height: initial;max-width: initial;min-height: initial;min-width: initial;object-position: initial;overflow: initial;padding: initial;text-align: initial;text-decoration: initial;text-indent: initial;text-transform: initial;vertical-align: initial;border-spacing: initial;width: initial\"><\/div>\n","protected":false},"excerpt":{"rendered":"<p class=\"h5 mb-4\"><span style=\"font-size: 16px\">Pour assurer une protection cutan\u00e9e maximale \u00e0 votre enfant, vous avez besoin d&#8217;une lotion qui respecte avant tout la stabilit\u00e9 de la peau de votre enfant. Le tissu cutan\u00e9 des b\u00e9b\u00e9s est l&#8217;un des plus d\u00e9licats du corps humain et n\u00e9cessite donc une attention particuli\u00e8re lors de l&#8217;hygi\u00e8ne quotidienne.<\/span><\/p>\n<div id=\"content-description\" class=\"content\">\n<p><strong>*Formulation libre de parab\u00e8nes et d&#8217;alcool.<img decoding=\"async\" class=\"alignright wp-image-745\" src=\"https:\/\/bebemaman.ma\/wp-content\/uploads\/2020\/06\/e6cc03813607d1f761f88e9cb80ed1ca_1417260876-360x196.png\" alt=\"Mustela Logo - bebemaman.ma\" width=\"75\" height=\"41\" \/><\/strong><\/p>\n<\/div>\n<p style=\"text-align: right\">\n","protected":false},"featured_media":8039,"comment_status":"closed","ping_status":"closed","template":"","meta":[],"pwb-brand":[761],"product_brand":[],"product_cat":[759,89,64,748],"product_tag":[],"class_list":{"0":"post-7992","1":"product","2":"type-product","3":"status-publish","4":"has-post-thumbnail","6":"pwb-brand-mustela","7":"product_cat-lait-eau-nettoyante-soins","8":"product_cat-mustela","9":"product_cat-para-bebe","10":"product_cat-soins","12":"first","13":"instock","14":"sale","15":"taxable","16":"shipping-taxable","17":"purchasable","18":"product-type-simple"},"supplier_id":null,"supplier_sku":"","barcode":null,"atum_controlled":true,"out_stock_date":null,"out_stock_threshold":null,"inheritable":false,"inbound_stock":null,"stock_on_hold":0,"sold_today":0,"sales_last_days":0,"reserved_stock":null,"customer_returns":null,"warehouse_damage":null,"lost_in_post":null,"other_logs":null,"out_stock_days":0,"lost_sales":0,"has_location":null,"update_date":"2026-04-05T07:08:20","atum_locations":[],"atum_stock_status":"instock","restock_status":false,"low_stock_amount":"","sales_update_date":"2026-04-05T07:08:20","calc_backorders":null,"jetpack_sharing_enabled":true,"brands":[{"id":761,"name":"Mustela","slug":"mustela"}],"_links":{"self":[{"href":"https:\/\/bebebio.ma\/index.php\/wp-json\/wp\/v2\/product\/7992","targetHints":{"allow":["GET"]}}],"collection":[{"href":"https:\/\/bebebio.ma\/index.php\/wp-json\/wp\/v2\/product"}],"about":[{"href":"https:\/\/bebebio.ma\/index.php\/wp-json\/wp\/v2\/types\/product"}],"replies":[{"embeddable":true,"href":"https:\/\/bebebio.ma\/index.php\/wp-json\/wp\/v2\/comments?post=7992"}],"wp:featuredmedia":[{"embeddable":true,"href":"https:\/\/bebebio.ma\/index.php\/wp-json\/wp\/v2\/media\/8039"}],"wp:attachment":[{"href":"https:\/\/bebebio.ma\/index.php\/wp-json\/wp\/v2\/media?parent=7992"}],"wp:term":[{"taxonomy":"pwb-brand","embeddable":true,"href":"https:\/\/bebebio.ma\/index.php\/wp-json\/wp\/v2\/pwb-brand?post=7992"},{"taxonomy":"product_brand","embeddable":true,"href":"https:\/\/bebebio.ma\/index.php\/wp-json\/wp\/v2\/product_brand?post=7992"},{"taxonomy":"product_cat","embeddable":true,"href":"https:\/\/bebebio.ma\/index.php\/wp-json\/wp\/v2\/product_cat?post=7992"},{"taxonomy":"product_tag","embeddable":true,"href":"https:\/\/bebebio.ma\/index.php\/wp-json\/wp\/v2\/product_tag?post=7992"}],"curies":[{"name":"wp","href":"https:\/\/api.w.org\/{rel}","templated":true}]}}