{"id":7985,"date":"2024-08-06T21:36:38","date_gmt":"2024-08-06T19:36:38","guid":{"rendered":"https:\/\/bebebio.ma\/?post_type=product&#038;p=7985"},"modified":"2024-08-06T21:37:08","modified_gmt":"2024-08-06T19:37:08","slug":"mustela-musti-eau-de-soin-parfumee-50ml","status":"publish","type":"product","link":"https:\/\/bebebio.ma\/index.php\/product\/mustela-musti-eau-de-soin-parfumee-50ml\/","title":{"rendered":"Mustela Musti eau de soin parfum\u00e9e 50ml"},"content":{"rendered":"<h4 style=\"text-align: center\">Mustela Musti eau de soin parfum\u00e9e 50ml<\/h4>\n<p><strong><a href=\"https:\/\/bebemaman.ma\/marque\/mustela\/\" target=\"_blank\" rel=\"noopener\">Mustela<\/a> Musti eau de soin parfum\u00e9e 50ml<\/strong>\u00a0est un des produits phares de la marque\u00a0<a href=\"https:\/\/bebemaman.ma\/marque\/mustela\/\" target=\"_blank\" rel=\"noopener\"><strong>Mustela<\/strong><\/a>. Elle permet de\u00a0<strong>parfumer<\/strong>\u00a0d\u00e9licatement et en toute s\u00e9curit\u00e9 la peau, les cheveux et les v\u00eatements des tout-petits. Cette\u00a0<strong>eau de soin<\/strong>\u00a0peut \u00eatre utilis\u00e9e chaque jour et garantit une\u00a0<strong>haute tol\u00e9rance<\/strong>\u00a0pour les b\u00e9b\u00e9s sortis de n\u00e9onatologie.<\/p>\n<p>L\u2019<strong>eau de soin parfum\u00e9e Musti<\/strong>\u00a0laisse derri\u00e8re elle l\u2019odeur caract\u00e9ristique de la marque. Sa composition aromatique associe des\u00a0<strong>notes fruit\u00e9es et acidul\u00e9es<\/strong>\u00a0\u00e0 des\u00a0<strong>notes plus<\/strong>\u00a0<strong>florales<\/strong>\u00a0de\u00a0<strong>rose<\/strong>\u00a0et de\u00a0<strong>lilas<\/strong>. On retrouve aussi dans la formule de cette\u00a0<strong>eau de soin Mustela<\/strong>\u00a0des extraits de miel et de camomille, deux actifs d\u2019origine naturelle qui sont reconnus pour leurs\u00a0<strong>vertus apaisantes et adoucissantes<\/strong>. De la glyc\u00e9rine est \u00e9galement ajout\u00e9e pour ses\u00a0<strong>propri\u00e9t\u00e9s hydratantes<\/strong>\u00a0et adoucissantes qui pr\u00e9servent l\u2019\u00e9piderme d\u00e9licat de b\u00e9b\u00e9.<\/p>\n<p>Pr\u00e9sent\u00e9e dans un petit flacon tr\u00e8s simple et d\u00e9licat, l\u2019<strong>eau de soin parfum\u00e9e Musti<\/strong>\u00a0est un produit intemporel id\u00e9al \u00e0 offrir \u00e0 des jeunes parents en guise de\u00a0<strong>cadeau de naissance<\/strong>. Elle accompagnera b\u00e9b\u00e9 tout au long de son \u00e9volution tout en respectant l\u2019\u00e9quilibre fragile de sa peau.<\/p>\n<p><strong>Caract\u00e9ristiques :<\/strong><\/p>\n<ul>\n<li>Test\u00e9 dermato logiquement<\/li>\n<li>Made in France.<\/li>\n<li>Charte s\u00e9curit\u00e9 ingr\u00e9dients.<\/li>\n<li>97 % du total des ingr\u00e9dients sont d\u2019origine naturelle<\/li>\n<\/ul>\n<p><strong>Conditionnement :<\/strong>\u00a0flacon spray en verre de 50 ml<\/p>\n<p><strong>Conseils d&#8217;utilisation :<\/strong><br \/>\nVaporisez l\u2019Eau de soin Musti sur la peau ou les cheveux de votre b\u00e9b\u00e9 pour le rafra\u00eechir et le parfumer d\u00e9licatement.<br \/>\nL\u2019Eau de soin Musti peut \u00eatre employ\u00e9e d\u00e8s la naissance*.<\/p>\n<p><strong>La Marque :<\/strong><\/p>\n<p>Mustela est une marque de produits de soin et d\u2019<strong>hygi\u00e8ne des b\u00e9b\u00e9s et des futures jeunes mamans<\/strong>\u00a0cr\u00e9\u00e9e en 1950.<br \/>\nDepuis plus de 60 ans, elle s\u2019est impos\u00e9e comme sp\u00e9cialiste de la peau de b\u00e9b\u00e9, notamment gr\u00e2ce \u00e0 ses recherches continuelles pour toujours r\u00e9pondre de mani\u00e8re optimale aux besoins des jeunes parents. Elle travaille d\u2019ailleurs en collaboration avec des professionnels de sant\u00e9, et propose ainsi des produits toujours plus expertis\u00e9s et adapt\u00e9s aux peaux sensibles et fragiles des b\u00e9b\u00e9s, des femmes enceintes et des jeunes mamans.<\/p>\n<h4>Le succ\u00e8s de Mustela<\/h4>\n<p>Initialement, la marque avait con\u00e7u un lait de toilette sp\u00e9cifique,\u00a0ce dernier \u00e9tait destin\u00e9 \u00e0 prendre soin de la peau de b\u00e9b\u00e9 sans l\u2019agresser, tout en la rendant plus douce qu\u2019elle ne l\u2019\u00e9tait d\u00e9j\u00e0, et ainsi, remplacer les savons de l\u2019\u00e9poque, qui \u00e9taient bien plus agressifs.<br \/>\nCe soin adoucissant fut un grand succ\u00e8s, permettant \u00e0 la marque de grandir. Elle d\u00e9veloppa alors de nouvelles gammes de\u00a0produits pour l\u2019hygi\u00e8ne de b\u00e9b\u00e9, mais aussi la protection et\u00a0l\u2019hydratation de la peau sensible des b\u00e9b\u00e9s.<br \/>\nPuis, Mustela \u00e9tendit ses produits en proposant aux femmes enceintes des\u00a0soins pour pr\u00e9venir les vergetures\u00a0et aux jeunes mamans. Une gamme enti\u00e8re leur fut ainsi consacr\u00e9e.<\/p>\n<div class=\"ms-editor-squiggler\" style=\"color: initial;font: initial;background: initial;background-blend-mode: initial;border: initial;border-radius: initial;border-collapse: initial;caption-side: initial;clear: initial;columns: initial;column-fill: initial;column-rule: initial;column-span: initial;cursor: initial;flex: initial;flex-flow: initial;float: initial;height: 0px;letter-spacing: initial;margin: initial;max-height: initial;max-width: initial;min-height: initial;min-width: initial;object-position: initial;overflow: initial;padding: initial;text-align: initial;text-decoration: initial;text-indent: initial;text-transform: initial;vertical-align: initial;border-spacing: initial;width: initial\"><\/div>\n<div class=\"ms-editor-squiggler\" style=\"color: initial;font: initial;background: initial;background-blend-mode: initial;border: initial;border-radius: initial;border-collapse: initial;caption-side: initial;clear: initial;columns: initial;column-fill: initial;column-rule: initial;column-span: initial;cursor: initial;flex: initial;flex-flow: initial;float: initial;height: 0px;letter-spacing: initial;margin: initial;max-height: initial;max-width: initial;min-height: initial;min-width: initial;object-position: initial;overflow: initial;padding: initial;text-align: initial;text-decoration: initial;text-indent: initial;text-transform: initial;vertical-align: initial;border-spacing: initial;width: initial\"><\/div>\n","protected":false},"excerpt":{"rendered":"<p>Parfume d\u00e9licatement votre b\u00e9b\u00e9 d\u00e8s la naissance*.<\/p>\n<p style=\"text-align: right\"><img decoding=\"async\" class=\"alignnone wp-image-745\" src=\"https:\/\/bebemaman.ma\/wp-content\/uploads\/2020\/06\/e6cc03813607d1f761f88e9cb80ed1ca_1417260876-360x196.png\" alt=\"\" width=\"103\" height=\"56\" \/><\/p>\n","protected":false},"featured_media":8033,"comment_status":"closed","ping_status":"closed","template":"","meta":[],"pwb-brand":[761],"product_brand":[],"product_cat":[89,64,757,748],"product_tag":[90],"class_list":{"0":"post-7985","1":"product","2":"type-product","3":"status-publish","4":"has-post-thumbnail","6":"pwb-brand-mustela","7":"product_cat-mustela","8":"product_cat-para-bebe","9":"product_cat-parfum-soins","10":"product_cat-soins","11":"product_tag-mustela","13":"first","14":"instock","15":"sale","16":"taxable","17":"shipping-taxable","18":"purchasable","19":"product-type-simple"},"supplier_id":null,"supplier_sku":"","barcode":null,"atum_controlled":true,"out_stock_date":null,"out_stock_threshold":null,"inheritable":false,"inbound_stock":null,"stock_on_hold":0,"sold_today":0,"sales_last_days":0,"reserved_stock":null,"customer_returns":null,"warehouse_damage":null,"lost_in_post":null,"other_logs":null,"out_stock_days":0,"lost_sales":0,"has_location":null,"update_date":"2026-04-14T10:47:39","atum_locations":[],"atum_stock_status":"instock","restock_status":false,"low_stock_amount":"","sales_update_date":"2026-04-14T10:47:39","calc_backorders":null,"jetpack_sharing_enabled":true,"brands":[{"id":761,"name":"Mustela","slug":"mustela"}],"_links":{"self":[{"href":"https:\/\/bebebio.ma\/index.php\/wp-json\/wp\/v2\/product\/7985","targetHints":{"allow":["GET"]}}],"collection":[{"href":"https:\/\/bebebio.ma\/index.php\/wp-json\/wp\/v2\/product"}],"about":[{"href":"https:\/\/bebebio.ma\/index.php\/wp-json\/wp\/v2\/types\/product"}],"replies":[{"embeddable":true,"href":"https:\/\/bebebio.ma\/index.php\/wp-json\/wp\/v2\/comments?post=7985"}],"wp:featuredmedia":[{"embeddable":true,"href":"https:\/\/bebebio.ma\/index.php\/wp-json\/wp\/v2\/media\/8033"}],"wp:attachment":[{"href":"https:\/\/bebebio.ma\/index.php\/wp-json\/wp\/v2\/media?parent=7985"}],"wp:term":[{"taxonomy":"pwb-brand","embeddable":true,"href":"https:\/\/bebebio.ma\/index.php\/wp-json\/wp\/v2\/pwb-brand?post=7985"},{"taxonomy":"product_brand","embeddable":true,"href":"https:\/\/bebebio.ma\/index.php\/wp-json\/wp\/v2\/product_brand?post=7985"},{"taxonomy":"product_cat","embeddable":true,"href":"https:\/\/bebebio.ma\/index.php\/wp-json\/wp\/v2\/product_cat?post=7985"},{"taxonomy":"product_tag","embeddable":true,"href":"https:\/\/bebebio.ma\/index.php\/wp-json\/wp\/v2\/product_tag?post=7985"}],"curies":[{"name":"wp","href":"https:\/\/api.w.org\/{rel}","templated":true}]}}