{"id":7752,"date":"2024-01-14T22:50:46","date_gmt":"2024-01-14T21:50:46","guid":{"rendered":"https:\/\/bebebio.ma\/?post_type=product&#038;p=7752"},"modified":"2024-01-14T22:52:45","modified_gmt":"2024-01-14T21:52:45","slug":"hipp-jardiniere-de-legumes-saumon-des-6-mois","status":"publish","type":"product","link":"https:\/\/bebebio.ma\/index.php\/product\/hipp-jardiniere-de-legumes-saumon-des-6-mois\/","title":{"rendered":"Hipp Jardini\u00e8re de l\u00e9gumes saumon D\u00e8s 6 mois"},"content":{"rendered":"<h2 style=\"text-align: center\"><a href=\"https:\/\/www.bebemaman.ma\/marque\/hipp\/\" target=\"_blank\" rel=\"noopener\">Hipp<\/a> Jardini\u00e8re de l\u00e9gumes saumon D\u00e8s 6 mois<\/h2>\n<div class=\"gds-text ProductDescriptionGeneral_gwz-product-information-general__description__qL7eY\">\n<p>Lot de 2 petits pots de\u00a0jardini\u00e8re de l\u00e9gumes et de saumon. D\u00e8s 6 mois. Contenance : 2x190g.<\/p>\n<\/div>\n<div class=\"gds-text ProductDescriptionGeneral_gwz-product-information-general__description__qL7eY\">\n<p>D\u00e9couvrez les petits\u00a0pots de\u00a0<strong>Jardini\u00e8re de l\u00e9gumes saumon D\u00e8s 6 mois 2x190g\u00a0<\/strong>de la marque\u00a0<strong>HiPP\u00a0<\/strong>!<\/p>\n<p>Une recette sans morceaux, sp\u00e9cifiquement \u00e9labor\u00e9e pour le repas des b\u00e9b\u00e9s d\u00e8s 6 mois. Elle est compos\u00e9e de l\u00e9gumes r\u00e9colt\u00e9s \u00e0 maturit\u00e9, de saumon sauvage du Pacifique issu de la p\u00eache durable et d&#8217;huile de colza riche en acides gras.<\/p>\n<p>Pour faire d\u00e9couvrir la diversification \u00e0 b\u00e9b\u00e9 pas \u00e0 pas !<\/p>\n<\/div>\n","protected":false},"excerpt":{"rendered":"<p>Lot de 2 petits pots de\u00a0jardini\u00e8re de l\u00e9gumes et de saumon.<\/p>\n<p>D\u00e8s 6 mois. Contenance : 2x190g.<\/p>\n","protected":false},"featured_media":7797,"comment_status":"open","ping_status":"closed","template":"","meta":[],"pwb-brand":[740],"product_brand":[],"product_cat":[440,441],"product_tag":[],"class_list":{"0":"post-7752","1":"product","2":"type-product","3":"status-publish","4":"has-post-thumbnail","6":"pwb-brand-hipp","7":"product_cat-legumes-bebe","8":"product_cat-repas-bio","10":"first","11":"outofstock","12":"taxable","13":"shipping-taxable","14":"purchasable","15":"product-type-simple"},"supplier_id":null,"supplier_sku":"","barcode":null,"atum_controlled":true,"out_stock_date":null,"out_stock_threshold":null,"inheritable":false,"inbound_stock":null,"stock_on_hold":0,"sold_today":0,"sales_last_days":0,"reserved_stock":null,"customer_returns":null,"warehouse_damage":null,"lost_in_post":null,"other_logs":null,"out_stock_days":0,"lost_sales":0,"has_location":null,"update_date":"2026-04-09T08:41:09","atum_locations":[],"atum_stock_status":"outofstock","restock_status":false,"low_stock_amount":"","sales_update_date":"2026-04-09T08:41:09","calc_backorders":null,"jetpack_sharing_enabled":true,"brands":[{"id":740,"name":"Hipp","slug":"hipp"}],"_links":{"self":[{"href":"https:\/\/bebebio.ma\/index.php\/wp-json\/wp\/v2\/product\/7752","targetHints":{"allow":["GET"]}}],"collection":[{"href":"https:\/\/bebebio.ma\/index.php\/wp-json\/wp\/v2\/product"}],"about":[{"href":"https:\/\/bebebio.ma\/index.php\/wp-json\/wp\/v2\/types\/product"}],"replies":[{"embeddable":true,"href":"https:\/\/bebebio.ma\/index.php\/wp-json\/wp\/v2\/comments?post=7752"}],"wp:featuredmedia":[{"embeddable":true,"href":"https:\/\/bebebio.ma\/index.php\/wp-json\/wp\/v2\/media\/7797"}],"wp:attachment":[{"href":"https:\/\/bebebio.ma\/index.php\/wp-json\/wp\/v2\/media?parent=7752"}],"wp:term":[{"taxonomy":"pwb-brand","embeddable":true,"href":"https:\/\/bebebio.ma\/index.php\/wp-json\/wp\/v2\/pwb-brand?post=7752"},{"taxonomy":"product_brand","embeddable":true,"href":"https:\/\/bebebio.ma\/index.php\/wp-json\/wp\/v2\/product_brand?post=7752"},{"taxonomy":"product_cat","embeddable":true,"href":"https:\/\/bebebio.ma\/index.php\/wp-json\/wp\/v2\/product_cat?post=7752"},{"taxonomy":"product_tag","embeddable":true,"href":"https:\/\/bebebio.ma\/index.php\/wp-json\/wp\/v2\/product_tag?post=7752"}],"curies":[{"name":"wp","href":"https:\/\/api.w.org\/{rel}","templated":true}]}}