{"id":7730,"date":"2024-01-14T22:50:18","date_gmt":"2024-01-14T21:50:18","guid":{"rendered":"https:\/\/bebebio.ma\/?post_type=product&#038;p=7730"},"modified":"2025-09-20T17:20:21","modified_gmt":"2025-09-20T15:20:21","slug":"good-gout-4-gourdes-brasses-coco-mangue-banane-passion-des-6-mois","status":"publish","type":"product","link":"https:\/\/bebebio.ma\/index.php\/product\/good-gout-4-gourdes-brasses-coco-mangue-banane-passion-des-6-mois\/","title":{"rendered":"Good Go\u00fbt 4 Gourdes Brass\u00e9s Coco Mangue Banane Passion &#8211; d\u00e8s 6 mois"},"content":{"rendered":"<p style=\"text-align: center\"><strong><a href=\"https:\/\/bebemaman.ma\/marque\/good-gout-\/\" target=\"_blank\" rel=\"noopener\">Good Go\u00fbt<\/a> 4 Gourdes Brass\u00e9s Coco Mangue Banane Passion &#8211; d\u00e8s 6 mois<\/strong><\/p>\n<div class=\"card my-3\">\n<div id=\"collapseOne\" class=\"collapse show\" aria-labelledby=\"headingOne\" data-parent=\"#accordion_fp\">\n<div id=\"anchor_produit\" class=\"card-body p-0\">\n<div class=\"col py-4\">\n<div class=\"card my-3\">\n<div id=\"collapseOne\" class=\"collapse show\" aria-labelledby=\"headingOne\" data-parent=\"#accordion_fp\">\n<div id=\"anchor_produit\" class=\"card-body p-0\">\n<div class=\"col py-4\">\n<p>Notre recette de brass\u00e9 v\u00e9g\u00e9tal au lait de coco ayant fait de nombreux adeptes parmi vos b\u00e9b\u00e9s, nous l&#8217;avons d\u00e9clin\u00e9e en format pack de 4 gourdes b\u00e9b\u00e9 pour autant de moments de plaisir au dessert comme au go\u00fbter ! Le combo de fruits gagnant et gourmand de la mangue, de la banane et du fruit de passion, le tout li\u00e9 avec du bon lait de coco bio continueront d&#8217;\u00e9veiller les papilles de nos b\u00e9b\u00e9s.<\/p>\n<p>Notre gamme de desserts Brass\u00e9s V\u00e9g\u00e9taux a \u00e9t\u00e9 pens\u00e9e pour aller toujours plus loin dans l&#8217;\u00e9veil au go\u00fbt de nos b\u00e9b\u00e9s, en leur faisant d\u00e9couvrir des laits dits &#8220;v\u00e9g\u00e9taux&#8221; et peu propos\u00e9s \u00e0 cet \u00e2ge-l\u00e0. Elle est aussi parfaitement adapt\u00e9e aux b\u00e9b\u00e9s APLV, intol\u00e9rants au lait de vache ou allergiques au prot\u00e9ines de lait de vache. Avec cette gamme de yaourts v\u00e9g\u00e9taux bio pour b\u00e9b\u00e9s, tout le monde a le droit \u00e0 son brass\u00e9 au go\u00fbter !<\/p>\n<p>Chaque recette de brass\u00e9, c&#8217;est un lait diff\u00e9rent mis \u00e0 l&#8217;honneur, de la pur\u00e9e de fruits et des c\u00e9r\u00e9ales pour faire d\u00e9couvrir une large palette de go\u00fbts \u00e0 nos b\u00e9b\u00e9s et emmener l&#8217;aventure du go\u00fbt sur de nouveaux chemins !<\/p>\n<p><em>Sans sucres ajout\u00e9s * Contient les sucres naturellement pr\u00e9sents dans les ingr\u00e9dients<\/em><\/p>\n<p><strong>LES CONSEILS D&#8217;UTILISATION<\/strong><\/p>\n<p><strong>Conseils de d\u00e9gustation :<\/strong><br \/>\nSecouer. Verser dans un bol, dans une cuill\u00e8re, ou directement dans la bouche. D\u00e9guster !\u00a0Si votre enfant est pr\u00eat, il peut m\u00eame manger directement \u00e0 la gourde comme un grand !<br \/>\nConserver \u00e0 temp\u00e9rature ambiante avant ouverture et pendant 24 heures au r\u00e9frig\u00e9rateur apr\u00e8s ouverture.<\/p>\n<p><strong>Attention :<\/strong><br \/>\nNe pas laisser les enfants de moins de 36 mois avec le bouchon sans surveillance ! Ne jamais mettre la gourde directement au micro-ondes.<\/p>\n<p><strong>Bon \u00e0 savoir :<\/strong><br \/>\nCette gourde a \u00e9t\u00e9 choisie pour pr\u00e9server les qualit\u00e9s gustatives de la recette. Elle ne contient ni bisph\u00e9nol A, ni phatalates, conform\u00e9ment \u00e0 la r\u00e8glementation en vigueur.<\/p>\n<p><strong>CONVIENT AUX B\u00c9B\u00c9S D\u00c8S 6 MOIS EN COMPL\u00c9MENT D\u2019UNE ALIMENTATION DIVERSIFI\u00c9E, SAUF AVIS CONTRAIRE DE VOTRE M\u00c9DECIN. NE PAS SUBSTITUER AU LAIT MATERNEL NI AU LAIT DE SUITE.<\/strong><\/p>\n<p>Good Go\u00fbt 4 Gourdes Brass\u00e9s Coco Mangue Banane Passion &#8211; d\u00e8s 6 mois Disponible en vente sur le site Bebemaman.ma qui assure une livraison express partout au Maroc et aussi disponible dans le magasin Bebemaman \u00e0 Bourgogne Casablanca.<\/p>\n<\/div>\n<\/div>\n<\/div>\n<\/div>\n<\/div>\n<\/div>\n<\/div>\n<\/div>\n","protected":false},"excerpt":{"rendered":"<p class=\"ssti\">Parfaitement adapt\u00e9e aux b\u00e9b\u00e9s APLV, intol\u00e9rants au lait de vache ou allergiques au prot\u00e9ines de lait de vache. Avec cette gamme de yaourts v\u00e9g\u00e9taux bio pour b\u00e9b\u00e9s, tout le monde a le droit \u00e0 son brass\u00e9 au go\u00fbter !<\/p>\n","protected":false},"featured_media":7790,"comment_status":"open","ping_status":"closed","template":"","meta":[],"pwb-brand":[744],"product_brand":[],"product_cat":[411,472,439,156],"product_tag":[],"class_list":{"0":"post-7730","1":"product","2":"type-product","3":"status-publish","4":"has-post-thumbnail","6":"pwb-brand-good-gout","7":"product_cat-alimentation-bio","8":"product_cat-desserts-lactes-bebe","9":"product_cat-fruits-bebe","10":"product_cat-repas","12":"first","13":"outofstock","14":"sale","15":"taxable","16":"shipping-taxable","17":"purchasable","18":"product-type-simple"},"supplier_id":null,"supplier_sku":"","barcode":null,"atum_controlled":true,"out_stock_date":null,"out_stock_threshold":null,"inheritable":false,"inbound_stock":null,"stock_on_hold":1,"sold_today":0,"sales_last_days":0,"reserved_stock":null,"customer_returns":null,"warehouse_damage":null,"lost_in_post":null,"other_logs":null,"out_stock_days":0,"lost_sales":0,"has_location":null,"update_date":"2026-04-16T11:45:53","atum_locations":[],"atum_stock_status":"outofstock","restock_status":false,"low_stock_amount":"","sales_update_date":"2026-04-16T11:45:53","calc_backorders":null,"jetpack_sharing_enabled":true,"brands":[{"id":744,"name":"Good Go\u00fbt","slug":"good-gout"}],"_links":{"self":[{"href":"https:\/\/bebebio.ma\/index.php\/wp-json\/wp\/v2\/product\/7730","targetHints":{"allow":["GET"]}}],"collection":[{"href":"https:\/\/bebebio.ma\/index.php\/wp-json\/wp\/v2\/product"}],"about":[{"href":"https:\/\/bebebio.ma\/index.php\/wp-json\/wp\/v2\/types\/product"}],"replies":[{"embeddable":true,"href":"https:\/\/bebebio.ma\/index.php\/wp-json\/wp\/v2\/comments?post=7730"}],"wp:featuredmedia":[{"embeddable":true,"href":"https:\/\/bebebio.ma\/index.php\/wp-json\/wp\/v2\/media\/7790"}],"wp:attachment":[{"href":"https:\/\/bebebio.ma\/index.php\/wp-json\/wp\/v2\/media?parent=7730"}],"wp:term":[{"taxonomy":"pwb-brand","embeddable":true,"href":"https:\/\/bebebio.ma\/index.php\/wp-json\/wp\/v2\/pwb-brand?post=7730"},{"taxonomy":"product_brand","embeddable":true,"href":"https:\/\/bebebio.ma\/index.php\/wp-json\/wp\/v2\/product_brand?post=7730"},{"taxonomy":"product_cat","embeddable":true,"href":"https:\/\/bebebio.ma\/index.php\/wp-json\/wp\/v2\/product_cat?post=7730"},{"taxonomy":"product_tag","embeddable":true,"href":"https:\/\/bebebio.ma\/index.php\/wp-json\/wp\/v2\/product_tag?post=7730"}],"curies":[{"name":"wp","href":"https:\/\/api.w.org\/{rel}","templated":true}]}}