{"id":7727,"date":"2024-01-14T22:50:18","date_gmt":"2024-01-14T21:50:18","guid":{"rendered":"https:\/\/bebebio.ma\/?post_type=product&#038;p=7727"},"modified":"2024-01-14T22:51:42","modified_gmt":"2024-01-14T21:51:42","slug":"good-gout-gourde-le-petit-dej-poire-des-6-mois","status":"publish","type":"product","link":"https:\/\/bebebio.ma\/index.php\/product\/good-gout-gourde-le-petit-dej-poire-des-6-mois\/","title":{"rendered":"Good Go\u00fbt Gourde Le petit D\u00e9j Poire &#8211; d\u00e8s 6 mois"},"content":{"rendered":"<p style=\"text-align: center\"><strong><a href=\"https:\/\/bebemaman.ma\/marque\/good-gout-\/\" target=\"_blank\" rel=\"noopener\">Good Go\u00fbt<\/a> Gourde Le petit D\u00e9j Poire &#8211; d\u00e8s 6 mois<\/strong><\/p>\n<div class=\"card my-3\">\n<div id=\"collapseOne\" class=\"collapse show\" aria-labelledby=\"headingOne\" data-parent=\"#accordion_fp\">\n<div id=\"anchor_produit\" class=\"card-body p-0\">\n<div class=\"col py-4\">\n<div class=\"card my-3\">\n<div id=\"collapseOne\" class=\"collapse show\" aria-labelledby=\"headingOne\" data-parent=\"#accordion_fp\">\n<div id=\"anchor_produit\" class=\"card-body p-0\">\n<div class=\"col py-4\">\n<p>Le matin vous \u00eates plut\u00f4t th\u00e9 ou caf\u00e9 ? Et votre b\u00e9b\u00e9 ? il est plut\u00f4t lait ou &#8230; ? Ou quoi d\u2019ailleurs ? Le biberon ou la t\u00e9t\u00e9e du matin c\u2019est sacr\u00e9, mais pour que votre b\u00e9b\u00e9 se l\u00e8ve toujours du bon pied et soit rassasi\u00e9 jusqu\u2019au d\u00e9jeuner, on vous a concoct\u00e9 une recette d\u00e9tonante qui, en compl\u00e9ment du biberon ou de la t\u00e9t\u00e9e, constitue un petit d\u00e9jeuner complet et vari\u00e9. Pour \u00e9veiller les papilles de votre b\u00e9b\u00e9 d\u00e8s les premi\u00e8res heures de la journ\u00e9e, cette recette met \u00e0 l\u2019honneur Poire Williams, juteuse et parfum\u00e9e. CQFD.<\/p>\n<p class=\"hgras\"><strong>Pourquoi Good Go\u00fbt Gourde Le petit D\u00e9j Poire &#8211; d\u00e8s 6 mois est-il si bon et complet ?<\/strong><\/p>\n<div class=\"lipicto\">Parce que dans cette gourde il y a un d\u00e9licieux m\u00e9lange compos\u00e9 de banane, d\u2019un fruit star mis \u00e0 l\u2019honneur, d\u2019un m\u00e9lange sur-mesure de 6 huiles pour b\u00e9b\u00e9, de graines de lin et de s\u00e9same et d\u2019un peu de jus de citron. Une recette (d)\u00e9tonnante et surtout d\u00e9licieuse pour accompagner un biberon\u00a0de lait infantile ou de lait maternel !<\/div>\n<div><\/div>\n<div class=\"lipicto\">Parce que de la Poire Williams aux graines de lin, tout est bio ! Histoire de garantir \u00e0 votre enfant des produits sains et bons pour la plan\u00e8te, aucun de nos produits n&#8217;a ainsi \u00e9t\u00e9 maltrait\u00e9 par des OGM, pesticides ou autres engrais chimiques pendant son \u00e9levage ou sa culture.<\/div>\n<div><\/div>\n<div class=\"lipicto\">Parce que cette gourde de Petit D\u00e9j est aussi jolie que maligne. L\u00e9g\u00e8re et pratique, elle est facile \u00e0 conserver, \u00e0 emporter et \u00e0 d\u00e9vorer sur le chemin de la cr\u00e8che ou de l\u2019\u00e9cole ! Sans bisph\u00e9nol A*, ni phtalates*, \u00e9videmment ! Et maintenant notre gourde est bio-sourc\u00e9e !<\/div>\n<\/div>\n<div>\n<h3 class=\"hgras\">Les b\u00e9b\u00e9s aussi ont le droit \u00e0 un bon petit-d\u00e9jeuner !<\/h3>\n<p>C&#8217;est parce que l&#8217;on conna\u00eet l&#8217;importance des deux premi\u00e8res ann\u00e9es de vie dans l&#8217;acquisition des pr\u00e9f\u00e9rences alimentaires que nous vous proposons d&#8217;initier le palais en herbe de vos b\u00e9b\u00e9s d\u00e8s le plus jeune \u00e2ge&#8230;et d\u00e8s le petit d\u00e9jeuner !<br \/>\nCette gamme de petit d\u00e9jeuner 100% bio pour les b\u00e9b\u00e9s a \u00e9t\u00e9 pens\u00e9e pour tous les l\u00e8ve-t\u00f4t en compl\u00e9ment d\u2019un biberon de lait maternel ou infantile bio, pour que l&#8217;\u00e9veil de nos enfants commence d\u00e8s les premi\u00e8res heures de la journ\u00e9e. Une portion id\u00e9ale source de fibres et de vitamine C\u00a0!<\/p>\n<\/div>\n<\/div>\n<\/div>\n<\/div>\n<\/div>\n<\/div>\n<\/div>\n<\/div>\n<div><\/div>\n<div><strong>LES CONSEILS D&#8217;UTILISATION<\/strong><\/div>\n<div>\n<div class=\"contenu ckeditor\">\n<p>Secouer. Verser dans un bol ou directement dans une cuill\u00e8re. D\u00e9guster !<\/p>\n<p>Conserver \u00e0 temp\u00e9rature ambiante avant ouverture et pendant 48 heures au r\u00e9frig\u00e9rateur apr\u00e8s ouverture.<\/p>\n<p><strong>Contient<\/strong>\u00a0:<br \/>\nHuile marine, s\u00e9same. Peut contenir des traces de fruits \u00e0 coque.<\/p>\n<p><strong>Attention :<\/strong><br \/>\nNe pas laisser les enfants de moins de 36 mois avec le bouchon sans surveillance.<br \/>\nNe jamais mettre la gourde directement au micro-ondes.<\/p>\n<p><strong>Bon \u00e0 savoir :<\/strong><br \/>\nCette gourde a \u00e9t\u00e9 choisie pour pr\u00e9server les qualit\u00e9s gustatives de nos recettes. Elle ne contient ni bisph\u00e9nol A, ni phtalates, conform\u00e9ment \u00e0 la r\u00e8glementation en vigueur. Nouveaut\u00e9 cette ann\u00e9e, notre gourde est biosourc\u00e9e !<\/p>\n<p>Good Go\u00fbt Gourde Le petit D\u00e9j Poire &#8211; d\u00e8s 6 mois<\/p>\n<\/div>\n<\/div>\n","protected":false},"excerpt":{"rendered":"<p>Dans cette gourde il y a un d\u00e9licieux m\u00e9lange compos\u00e9 de banane, d\u2019un fruit star mis \u00e0 l\u2019honneur, d\u2019un m\u00e9lange sur-mesure de 6 huiles pour b\u00e9b\u00e9, de graines de lin et de s\u00e9same et d\u2019un peu de jus de citron. Une recette (d)\u00e9tonnante et surtout d\u00e9licieuse pour accompagner un biberon de lait infantile ou de lait maternel !<\/p>\n","protected":false},"featured_media":7785,"comment_status":"open","ping_status":"closed","template":"","meta":[],"pwb-brand":[744],"product_brand":[],"product_cat":[411,439,156],"product_tag":[],"class_list":{"0":"post-7727","1":"product","2":"type-product","3":"status-publish","4":"has-post-thumbnail","6":"pwb-brand-good-gout","7":"product_cat-alimentation-bio","8":"product_cat-fruits-bebe","9":"product_cat-repas","11":"first","12":"outofstock","13":"taxable","14":"shipping-taxable","15":"purchasable","16":"product-type-simple"},"supplier_id":null,"supplier_sku":"","barcode":null,"atum_controlled":true,"out_stock_date":null,"out_stock_threshold":null,"inheritable":false,"inbound_stock":null,"stock_on_hold":0,"sold_today":0,"sales_last_days":0,"reserved_stock":null,"customer_returns":null,"warehouse_damage":null,"lost_in_post":null,"other_logs":null,"out_stock_days":0,"lost_sales":0,"has_location":null,"update_date":"2026-04-16T11:45:53","atum_locations":[],"atum_stock_status":"outofstock","restock_status":false,"low_stock_amount":"","sales_update_date":"2026-04-16T11:45:53","calc_backorders":null,"jetpack_sharing_enabled":true,"brands":[{"id":744,"name":"Good Go\u00fbt","slug":"good-gout"}],"_links":{"self":[{"href":"https:\/\/bebebio.ma\/index.php\/wp-json\/wp\/v2\/product\/7727","targetHints":{"allow":["GET"]}}],"collection":[{"href":"https:\/\/bebebio.ma\/index.php\/wp-json\/wp\/v2\/product"}],"about":[{"href":"https:\/\/bebebio.ma\/index.php\/wp-json\/wp\/v2\/types\/product"}],"replies":[{"embeddable":true,"href":"https:\/\/bebebio.ma\/index.php\/wp-json\/wp\/v2\/comments?post=7727"}],"wp:featuredmedia":[{"embeddable":true,"href":"https:\/\/bebebio.ma\/index.php\/wp-json\/wp\/v2\/media\/7785"}],"wp:attachment":[{"href":"https:\/\/bebebio.ma\/index.php\/wp-json\/wp\/v2\/media?parent=7727"}],"wp:term":[{"taxonomy":"pwb-brand","embeddable":true,"href":"https:\/\/bebebio.ma\/index.php\/wp-json\/wp\/v2\/pwb-brand?post=7727"},{"taxonomy":"product_brand","embeddable":true,"href":"https:\/\/bebebio.ma\/index.php\/wp-json\/wp\/v2\/product_brand?post=7727"},{"taxonomy":"product_cat","embeddable":true,"href":"https:\/\/bebebio.ma\/index.php\/wp-json\/wp\/v2\/product_cat?post=7727"},{"taxonomy":"product_tag","embeddable":true,"href":"https:\/\/bebebio.ma\/index.php\/wp-json\/wp\/v2\/product_tag?post=7727"}],"curies":[{"name":"wp","href":"https:\/\/api.w.org\/{rel}","templated":true}]}}