{"id":7677,"date":"2024-01-14T22:49:05","date_gmt":"2024-01-14T21:49:05","guid":{"rendered":"https:\/\/bebebio.ma\/?post_type=product&#038;p=7677"},"modified":"2024-01-14T22:50:31","modified_gmt":"2024-01-14T21:50:31","slug":"babybio-brasse-coco-kiwi-banane-4-gourdes-6m","status":"publish","type":"product","link":"https:\/\/bebebio.ma\/index.php\/product\/babybio-brasse-coco-kiwi-banane-4-gourdes-6m\/","title":{"rendered":"Babybio Brass\u00e9 Coco Kiwi Banane 4 Gourdes 6m+"},"content":{"rendered":"<p style=\"text-align: center;\"><strong><a href=\"https:\/\/bebemaman.ma\/marque\/babybio\/\" target=\"_blank\" rel=\"noopener\">Babybio<\/a> Brass\u00e9 Coco Kiwi Banane 4 Gourdes 6m+<\/strong><\/p>\n<div id=\"content\" class=\"tab-content\" role=\"tablist\">\n<div id=\"pane_description\" class=\"card tab-pane fade show active\" role=\"tabpanel\" aria-labelledby=\"tab_description\">\n<div id=\"collapse_description\" class=\"multi-collapse collapse show\">\n<div class=\"card-body\">\n<div id=\"content\" class=\"tab-content\" role=\"tablist\">\n<div id=\"pane_description\" class=\"card tab-pane fade show active\" role=\"tabpanel\" aria-labelledby=\"tab_description\">\n<div id=\"collapse_description\" class=\"multi-collapse collapse show\">\n<div class=\"card-body\">\n<p>Voici une recette originale qui fera le bonheur de b\u00e9b\u00e9 ! Une alternative v\u00e9g\u00e9tale qui allie l&#8217;onctuosit\u00e9 du lait de coco, au pep\u2019s du kiwi de Nouvelle-Aquitaine et \u00e0 la g\u00e9n\u00e9rosit\u00e9 de la banane. Une douceur audacieuse pour \u00e9veiller le palais des petits gourmets !<\/p>\n<\/div>\n<\/div>\n<\/div>\n<\/div>\n<\/div>\n<\/div>\n<\/div>\n<\/div>\n<p><strong>Ingr\u00e9dients Babybio Brass\u00e9 Coco Kiwi Banane 4 Gourdes 6m+ :<\/strong><\/p>\n<p>M\u00e9lange \u00e0 base de fruits et lait de coco et riz bio. Aliment pour b\u00e9b\u00e9s<\/p>\n<p>Lait de coco du Sri Lanka* 20% (noix de coco*, eau), kiwis de Nouvelle Aquitaine* 20%, eau, bananes d&#8217;Equateur* 17%, pommes de Nouvelle Aquitaine* 16%, riz de Camargue IGP* 7%, jus concentr\u00e9 de citron d&#8217;Espagne*.<\/p>\n<p class=\"legal\">*Ingr\u00e9dients issus de l&#8217;agriculture biologique<\/p>\n<p><strong>Utilisation :<\/strong><\/p>\n<p>Vous pouvez donner le brass\u00e9 \u00e0 la gourde si b\u00e9b\u00e9 est pr\u00eat. Tant que b\u00e9b\u00e9 ne sait pas manger seul, versez le dessert dans une cuill\u00e8re ou dans un bol. Ne pas ajouter de sucre.<\/p>\n<ul>\n<li>Se conserve \u00e0 temp\u00e9rature ambiante avant ouverture<\/li>\n<li>A consommer imm\u00e9diatement apr\u00e8s ouverture. Ne pas conserver de reste.<\/li>\n<li>Conditionn\u00e9 sous atmosph\u00e8re protectrice<\/li>\n<li>Ne pas laisser les enfants de moins de 3 ans jouer avec le bouchon<\/li>\n<\/ul>\n","protected":false},"excerpt":{"rendered":"<div id=\"content\" class=\"tab-content\" role=\"tablist\">\n<div id=\"pane_description\" class=\"card tab-pane fade show active\" role=\"tabpanel\" aria-labelledby=\"tab_description\">\n<div id=\"collapse_description\" class=\"multi-collapse collapse show\">\n<div class=\"card-body\">\n<div id=\"content\" class=\"tab-content\" role=\"tablist\">\n<div id=\"pane_description\" class=\"card tab-pane fade show active\" role=\"tabpanel\" aria-labelledby=\"tab_description\">\n<div id=\"collapse_description\" class=\"multi-collapse collapse show\">\n<div class=\"card-body\">\n<div id=\"content\" class=\"tab-content\" role=\"tablist\">\n<div id=\"pane_description\" class=\"card tab-pane fade show active\" role=\"tabpanel\" aria-labelledby=\"tab_description\">\n<div id=\"collapse_description\" class=\"multi-collapse collapse show\">\n<div class=\"card-body\">\n<p>Voici une recette originale qui fera le bonheur de b\u00e9b\u00e9 ! Une alternative v\u00e9g\u00e9tale qui allie l&#8217;onctuosit\u00e9 du lait de coco, au pep\u2019s du kiwi de Nouvelle-Aquitaine et \u00e0 la g\u00e9n\u00e9rosit\u00e9 de la banane. Une douceur audacieuse pour \u00e9veiller le palais des petits gourmets !<\/p>\n<\/div>\n<\/div>\n<\/div>\n<\/div>\n<\/div>\n<\/div>\n<\/div>\n<\/div>\n<\/div>\n<\/div>\n<\/div>\n<\/div>\n","protected":false},"featured_media":7739,"comment_status":"open","ping_status":"closed","template":"","meta":[],"pwb-brand":[63],"product_brand":[],"product_cat":[411,472,439,156],"product_tag":[],"class_list":{"0":"post-7677","1":"product","2":"type-product","3":"status-publish","4":"has-post-thumbnail","6":"pwb-brand-babybio","7":"product_cat-alimentation-bio","8":"product_cat-desserts-lactes-bebe","9":"product_cat-fruits-bebe","10":"product_cat-repas","12":"first","13":"instock","14":"taxable","15":"shipping-taxable","16":"purchasable","17":"product-type-simple"},"supplier_id":null,"supplier_sku":"","barcode":null,"atum_controlled":true,"out_stock_date":null,"out_stock_threshold":null,"inheritable":false,"inbound_stock":null,"stock_on_hold":0,"sold_today":0,"sales_last_days":0,"reserved_stock":null,"customer_returns":null,"warehouse_damage":null,"lost_in_post":null,"other_logs":null,"out_stock_days":0,"lost_sales":0,"has_location":null,"update_date":"2026-04-16T11:45:53","atum_locations":[],"atum_stock_status":"instock","restock_status":false,"low_stock_amount":"","sales_update_date":"2026-04-16T11:45:53","calc_backorders":null,"jetpack_sharing_enabled":true,"brands":[{"id":63,"name":"Babybio","slug":"babybio"}],"_links":{"self":[{"href":"https:\/\/bebebio.ma\/index.php\/wp-json\/wp\/v2\/product\/7677","targetHints":{"allow":["GET"]}}],"collection":[{"href":"https:\/\/bebebio.ma\/index.php\/wp-json\/wp\/v2\/product"}],"about":[{"href":"https:\/\/bebebio.ma\/index.php\/wp-json\/wp\/v2\/types\/product"}],"replies":[{"embeddable":true,"href":"https:\/\/bebebio.ma\/index.php\/wp-json\/wp\/v2\/comments?post=7677"}],"wp:featuredmedia":[{"embeddable":true,"href":"https:\/\/bebebio.ma\/index.php\/wp-json\/wp\/v2\/media\/7739"}],"wp:attachment":[{"href":"https:\/\/bebebio.ma\/index.php\/wp-json\/wp\/v2\/media?parent=7677"}],"wp:term":[{"taxonomy":"pwb-brand","embeddable":true,"href":"https:\/\/bebebio.ma\/index.php\/wp-json\/wp\/v2\/pwb-brand?post=7677"},{"taxonomy":"product_brand","embeddable":true,"href":"https:\/\/bebebio.ma\/index.php\/wp-json\/wp\/v2\/product_brand?post=7677"},{"taxonomy":"product_cat","embeddable":true,"href":"https:\/\/bebebio.ma\/index.php\/wp-json\/wp\/v2\/product_cat?post=7677"},{"taxonomy":"product_tag","embeddable":true,"href":"https:\/\/bebebio.ma\/index.php\/wp-json\/wp\/v2\/product_tag?post=7677"}],"curies":[{"name":"wp","href":"https:\/\/api.w.org\/{rel}","templated":true}]}}