{"id":7662,"date":"2024-01-14T22:48:39","date_gmt":"2024-01-14T21:48:39","guid":{"rendered":"https:\/\/bebebio.ma\/?post_type=product&#038;p=7662"},"modified":"2024-12-25T22:42:01","modified_gmt":"2024-12-25T21:42:01","slug":"good-gout-les-boudoirs-magiques-a-lhuile-essentielle-de-citron-bio-8m","status":"publish","type":"product","link":"https:\/\/bebebio.ma\/index.php\/product\/good-gout-les-boudoirs-magiques-a-lhuile-essentielle-de-citron-bio-8m\/","title":{"rendered":"Good Go\u00fbt Les boudoirs magiques \u00e0 l&#8217;huile essentielle de citron Bio 8m+"},"content":{"rendered":"<h4 style=\"text-align: center\"><a href=\"https:\/\/bebemaman.ma\/marque\/good-gout-\/\" target=\"_blank\" rel=\"noopener\">Good Go\u00fbt<\/a> Les boudoirs magiques \u00e0 l&#8217;huile essentielle de citron Bio +8mois<\/h4>\n<div class=\"card my-3\">\n<div id=\"collapseOne\" class=\"collapse show\" aria-labelledby=\"headingOne\" data-parent=\"#accordion_fp\">\n<div id=\"anchor_produit\" class=\"card-body p-0\">\n<div class=\"col py-4\">\n<div class=\"card my-3\">\n<div id=\"collapseOne\" class=\"collapse show\" aria-labelledby=\"headingOne\" data-parent=\"#accordion_fp\">\n<div id=\"anchor_produit\" class=\"card-body p-0\">\n<div class=\"col py-4\">\n<p><strong>Plus un zeste !\u00a0<\/strong><br \/>\nChez Good Go\u00fbt, on aime faire les choses \u00e0 notre mani\u00e8re : c&#8217;est d&#8217;ailleurs pour \u00e7a que tout a du go\u00fbt ! Alors des boudoirs oui, mais \u00e0 notre fa\u00e7on.<\/p>\n<p>On a cr\u00e9\u00e9 les boudoirs \u00e0\u00a0<strong>l\u2019huile essentielle de citron bio<\/strong>, avec leur texture croquante puis fondante ador\u00e9e par les b\u00e9b\u00e9s (et recherch\u00e9e par leurs parents).<br \/>\nComme d&#8217;habitude, on a ajout\u00e9 notre petite touche \u00e0 nous : un l\u00e9ger go\u00fbt citronn\u00e9, sorti tout droit de la toque de notre chef biscuitier.<\/p>\n<p>En plus de \u00e7a, on s&#8217;est creus\u00e9 la t\u00eate pour imaginer une recette un peu moins sucr\u00e9e : nos boudoirs contiennent donc bien 19% de sucres en moins par rapport \u00e0 la moyenne des boudoirs bio pour b\u00e9b\u00e9s du march\u00e9 (\u00e9tude men\u00e9e par Good Go\u00fbt, septembre 2021).<\/p>\n<p>Et la cerise sur le boudoir, c&#8217;est que ces d\u00e9licieux biscuits sont fabriqu\u00e9s en France, pardi !<\/p>\n<p><strong>Pssst ! Voici tous les d\u00e9tails de la liste d&#8217;ingr\u00e9dients, pour 100g de biscuits :<\/strong><br \/>\n34g farine de\u00a0<strong>bl\u00e9<\/strong>\u00a0(<strong>gluten<\/strong>) bio, 34g amidon de\u00a0<strong>bl\u00e9<\/strong>\u00a0(<strong>gluten<\/strong>) bio, 25g\u00a0<strong>\u0153<\/strong><strong>ufs<\/strong>\u00a0bio, 24g sucre de canne roux bio, 10g huile de colza bio, poudre \u00e0 lever (carbonates d&#8217;ammonium), 0,3g huile essentielle de citron bio, vitamine B1.<\/p>\n<\/div>\n<p><strong>LES CONSEILS D&#8217;UTILISATION<\/strong><\/p>\n<div class=\"contenu ckeditor\"><strong>Votre b\u00e9b\u00e9 est-il pr\u00eat \u00e0 croquer nos boudoirs ?<\/strong><br \/>\nNous savons que chaque b\u00e9b\u00e9 avance \u00e0 son rythme ! Nous vous recommandons de lui donner nos petits boudoirs bio uniquement si : il se tient assis tout seul dans sa chaise haute, il est habitu\u00e9 \u00e0 manger du pain et des plats avec des petits morceaux, et a d\u00e9j\u00e0 2 dents. Il est \u00e9galement imp\u00e9ratif que votre enfant soit assis bien droit et reste sous la surveillance constante d&#8217;un adulte pendant ses repas.<strong>Conseils de conservation :<\/strong><br \/>\nConserver dans un endroit sec et frais \u00e0 l&#8217;abri de la lumi\u00e8re et de la chaleur.<strong>Contient :<\/strong><br \/>\nBl\u00e9\u00a0(gluten), oeuf. Peut contenir des traces de\u00a0lait, de fruits \u00e0 coque, de soja et de graines de s\u00e9same.<strong>Bon \u00e0 savoir :\u00a0<\/strong><br \/>\nD\u00e8s 8 mois, vous pouvez \u00e9craser ces Boudoirs dans un bol de brass\u00e9 nature, pour un d\u00e9licieux go\u00fbter relev\u00e9 d&#8217;une touche citronn\u00e9e. D\u00e8s 10 mois, votre b\u00e9b\u00e9 peut les porter tout seul \u00e0 la bouche pour les croquer, les m\u00e2chouiller&#8230; comme un grand !<\/div>\n<\/div>\n<\/div>\n<\/div>\n<\/div>\n<\/div>\n<\/div>\n<\/div>\n","protected":false},"excerpt":{"rendered":"<p class=\"ssti\">D\u00e8s 8 mois, vous pouvez \u00e9craser ces Boudoirs dans un bol de brass\u00e9 nature, pour un d\u00e9licieux go\u00fbter relev\u00e9 d&#8217;une touche citronn\u00e9e. D\u00e8s 10 mois, votre b\u00e9b\u00e9 peut les porter tout seul \u00e0 la bouche pour les croquer, les m\u00e2chouiller&#8230; comme un grand !<\/p>\n","protected":false},"featured_media":7721,"comment_status":"open","ping_status":"closed","template":"","meta":[],"pwb-brand":[744],"product_brand":[],"product_cat":[411,423,156],"product_tag":[],"class_list":{"0":"post-7662","1":"product","2":"type-product","3":"status-publish","4":"has-post-thumbnail","6":"pwb-brand-good-gout","7":"product_cat-alimentation-bio","8":"product_cat-biscuits-bio","9":"product_cat-repas","11":"first","12":"instock","13":"taxable","14":"shipping-taxable","15":"purchasable","16":"product-type-simple"},"supplier_id":null,"supplier_sku":"","barcode":null,"atum_controlled":true,"out_stock_date":null,"out_stock_threshold":null,"inheritable":false,"inbound_stock":null,"stock_on_hold":1,"sold_today":0,"sales_last_days":0,"reserved_stock":null,"customer_returns":null,"warehouse_damage":null,"lost_in_post":null,"other_logs":null,"out_stock_days":0,"lost_sales":0,"has_location":null,"update_date":"2026-04-18T12:47:12","atum_locations":[],"atum_stock_status":"instock","restock_status":false,"low_stock_amount":"","sales_update_date":"2026-04-18T12:47:12","calc_backorders":null,"jetpack_sharing_enabled":true,"brands":[{"id":744,"name":"Good Go\u00fbt","slug":"good-gout"}],"_links":{"self":[{"href":"https:\/\/bebebio.ma\/index.php\/wp-json\/wp\/v2\/product\/7662","targetHints":{"allow":["GET"]}}],"collection":[{"href":"https:\/\/bebebio.ma\/index.php\/wp-json\/wp\/v2\/product"}],"about":[{"href":"https:\/\/bebebio.ma\/index.php\/wp-json\/wp\/v2\/types\/product"}],"replies":[{"embeddable":true,"href":"https:\/\/bebebio.ma\/index.php\/wp-json\/wp\/v2\/comments?post=7662"}],"wp:featuredmedia":[{"embeddable":true,"href":"https:\/\/bebebio.ma\/index.php\/wp-json\/wp\/v2\/media\/7721"}],"wp:attachment":[{"href":"https:\/\/bebebio.ma\/index.php\/wp-json\/wp\/v2\/media?parent=7662"}],"wp:term":[{"taxonomy":"pwb-brand","embeddable":true,"href":"https:\/\/bebebio.ma\/index.php\/wp-json\/wp\/v2\/pwb-brand?post=7662"},{"taxonomy":"product_brand","embeddable":true,"href":"https:\/\/bebebio.ma\/index.php\/wp-json\/wp\/v2\/product_brand?post=7662"},{"taxonomy":"product_cat","embeddable":true,"href":"https:\/\/bebebio.ma\/index.php\/wp-json\/wp\/v2\/product_cat?post=7662"},{"taxonomy":"product_tag","embeddable":true,"href":"https:\/\/bebebio.ma\/index.php\/wp-json\/wp\/v2\/product_tag?post=7662"}],"curies":[{"name":"wp","href":"https:\/\/api.w.org\/{rel}","templated":true}]}}