{"id":7660,"date":"2024-01-14T22:48:39","date_gmt":"2024-01-14T21:48:39","guid":{"rendered":"https:\/\/bebebio.ma\/?post_type=product&#038;p=7660"},"modified":"2024-01-14T22:49:50","modified_gmt":"2024-01-14T21:49:50","slug":"hipp-petites-pennes-tomates-courgettes-des-6-mois-2x190-g","status":"publish","type":"product","link":"https:\/\/bebebio.ma\/index.php\/product\/hipp-petites-pennes-tomates-courgettes-des-6-mois-2x190-g\/","title":{"rendered":"Hipp Petites Pennes Tomates Courgettes d\u00e8s 6 mois 2&#215;190 g"},"content":{"rendered":"<p style=\"text-align: center\"><strong>Hipp Petites Pennes Tomates Courgettes d\u00e8s 6 mois 2&#215;190 g<\/strong><\/p>\n<div class=\"card my-3\">\n<div id=\"collapseOne\" class=\"collapse show\" aria-labelledby=\"headingOne\" data-parent=\"#accordion_fp\">\n<div id=\"anchor_produit\" class=\"card-body p-0\">\n<div class=\"col py-4\">\n<div class=\"col-12 px-0\">\n<div class=\"col-12 px-0\">\n<div>\n<div>\n<p class=\"bodytext\">Les menus Mon D\u00eener Bonne Nuit sont des repas complets et \u00e9quilibr\u00e9s, cuisin\u00e9s avec des l\u00e9gumes. Ils sont pr\u00e9par\u00e9s avec :<\/p>\n<\/div>\n<div>\n<p class=\"bodytext\">\u2714 des l\u00e9gumes bio r\u00e9colt\u00e9s \u00e0 maturit\u00e9,<\/p>\n<\/div>\n<div>\n<p class=\"bodytext\">\u2714 des ingr\u00e9dients cuits s\u00e9par\u00e9ment \u00e0 la vapeur pour pr\u00e9server leurs saveurs et leurs nutriments,<\/p>\n<\/div>\n<div>\n<p class=\"bodytext\">\u2714 de l\u2019huile de colza riche en acides gras essentiels om\u00e9ga 3 (Acide alpha-linol\u00e9nique).<\/p>\n<p class=\"bodytext\">Tomates* 28%, p\u00e2tes* cuites (semoule de BLE dur) 19%, LAIT* \u00e9cr\u00e9m\u00e9 18%, carottes* 15%, courgettes* 14%, farine de BLE*, huile de colza* 2,5%, aromates* (basilic*, poivre*).<\/p>\n<p class=\"bodytext\"><strong>*Produits issus de l\u2019Agriculture Biologique<\/strong><\/p>\n<p class=\"bodytext\">Peut contenir des traces d\u2019\u0152UFS.<\/p>\n<\/div>\n<\/div>\n<h4 class=\"sous_titre\"><strong>Les + produit :<\/strong><\/h4>\n<p>. Texture lisse<br \/>\n. Recette simple et \u00e9quilibr\u00e9e<br \/>\n. L\u00e9gumes r\u00e9colt\u00e9s \u00e0 maturit\u00e9<br \/>\n. Ingr\u00e9dients issus de l&#8217;Agriculture biologique<\/p>\n<\/div>\n<p><strong>Conseil d&#8217;utilisation :<\/strong><\/p>\n<div id=\"type_info_prio_6_1\">\n<p>Assurez-vous avant consommation que l&#8217;emballage est toujours intact. le couvercle doit cliquer \u00e0 la premi\u00e8re ouverture.<\/p>\n<p>R\u00e9chauffez le pot ouvert au bain-marie ou au micro-ondes. Remuez et v\u00e9rifiez la temp\u00e9rature ! Un conseil : utilisez exclusivement une cuill\u00e8re en plastique.<\/p>\n<p>Avant ouverture, conserver \u00e0 temp\u00e9rature ambiante.\u00a0 Apr\u00e8s ouverture, le produit non r\u00e9chauff\u00e9 et bien referm\u00e9 se conserve 24 heures au r\u00e9frig\u00e9rateur.<\/p>\n<\/div>\n<\/div>\n<\/div>\n<\/div>\n<\/div>\n<\/div>\n<p><strong><a href=\"https:\/\/bebemaman.ma\/marque\/hipp\/\" target=\"_blank\" rel=\"noopener\">HiPP<\/a><\/strong> Biologique s&#8217;engage \u00e0 offrir le meilleur de la nature, le meilleur pour la nature, depuis plus de 60 ans !<\/p>\n<p>Pour la famille Hipp, le bio est bien plus qu&#8217;une tendance, c&#8217;est une conviction depuis 1956.<br \/>\nAujourd&#8217;hui, ce sont plus de 8000 agriculteurs engag\u00e9s et assurant un sourcing r\u00e9gulier et de haute qualit\u00e9.<br \/>\nTous les fruits sont cueillis \u00e0 maturit\u00e9 et sont sans sucres ajout\u00e9s, et les l\u00e9gumes poussent sur des terres sans engrais, ni pesticides. Chez HiPP, ils pr\u00e9f\u00e9rent les m\u00e9thodes naturelles \u00e0 la chimie !<br \/>\nNos \u00e9leveurs assurent un \u00e9levage respectueux du bien-\u00eatre animal avec des espaces en plein air, une nourriture issue d\u2019exploitations bio, sans antibiotique ni stimulateur de croissance.<br \/>\nLe\u00a0<a>lait des formules infantiles HiPP<\/a> est issu de vaches laiti\u00e8res nourries d&#8217;herbes et de fourrages non trait\u00e9s, et restent avec leurs veaux jusqu\u2019\u00e0 leur 8 mois.<\/p>\n<p>Hipp Carottes Pommes de terre Saumon d\u00e8s 6 mois 2&#215;190 g<\/p>\n","protected":false},"excerpt":{"rendered":"<div id=\"p_description\" data-ab-tasty-sorted=\"1\">\n<p><img decoding=\"async\" class=\"alignright wp-image-16053\" src=\"https:\/\/bebemaman.ma\/wp-content\/uploads\/2021\/10\/hipp-logo-france-590x590.png\" alt=\"Logo hipp - bebemaman.ma\" width=\"89\" height=\"89\" \/><\/p>\n<\/div>\n","protected":false},"featured_media":7709,"comment_status":"open","ping_status":"closed","template":"","meta":[],"pwb-brand":[740],"product_brand":[],"product_cat":[411,440,156],"product_tag":[],"class_list":{"0":"post-7660","1":"product","2":"type-product","3":"status-publish","4":"has-post-thumbnail","6":"pwb-brand-hipp","7":"product_cat-alimentation-bio","8":"product_cat-legumes-bebe","9":"product_cat-repas","11":"first","12":"instock","13":"taxable","14":"shipping-taxable","15":"purchasable","16":"product-type-simple"},"supplier_id":null,"supplier_sku":"","barcode":null,"atum_controlled":true,"out_stock_date":null,"out_stock_threshold":null,"inheritable":false,"inbound_stock":null,"stock_on_hold":0,"sold_today":0,"sales_last_days":0,"reserved_stock":null,"customer_returns":null,"warehouse_damage":null,"lost_in_post":null,"other_logs":null,"out_stock_days":0,"lost_sales":0,"has_location":null,"update_date":"2026-04-16T11:45:53","atum_locations":[],"atum_stock_status":"instock","restock_status":false,"low_stock_amount":"","sales_update_date":"2026-04-16T11:45:53","calc_backorders":null,"jetpack_sharing_enabled":true,"brands":[{"id":740,"name":"Hipp","slug":"hipp"}],"_links":{"self":[{"href":"https:\/\/bebebio.ma\/index.php\/wp-json\/wp\/v2\/product\/7660","targetHints":{"allow":["GET"]}}],"collection":[{"href":"https:\/\/bebebio.ma\/index.php\/wp-json\/wp\/v2\/product"}],"about":[{"href":"https:\/\/bebebio.ma\/index.php\/wp-json\/wp\/v2\/types\/product"}],"replies":[{"embeddable":true,"href":"https:\/\/bebebio.ma\/index.php\/wp-json\/wp\/v2\/comments?post=7660"}],"wp:featuredmedia":[{"embeddable":true,"href":"https:\/\/bebebio.ma\/index.php\/wp-json\/wp\/v2\/media\/7709"}],"wp:attachment":[{"href":"https:\/\/bebebio.ma\/index.php\/wp-json\/wp\/v2\/media?parent=7660"}],"wp:term":[{"taxonomy":"pwb-brand","embeddable":true,"href":"https:\/\/bebebio.ma\/index.php\/wp-json\/wp\/v2\/pwb-brand?post=7660"},{"taxonomy":"product_brand","embeddable":true,"href":"https:\/\/bebebio.ma\/index.php\/wp-json\/wp\/v2\/product_brand?post=7660"},{"taxonomy":"product_cat","embeddable":true,"href":"https:\/\/bebebio.ma\/index.php\/wp-json\/wp\/v2\/product_cat?post=7660"},{"taxonomy":"product_tag","embeddable":true,"href":"https:\/\/bebebio.ma\/index.php\/wp-json\/wp\/v2\/product_tag?post=7660"}],"curies":[{"name":"wp","href":"https:\/\/api.w.org\/{rel}","templated":true}]}}