{"id":7618,"date":"2024-01-14T22:47:52","date_gmt":"2024-01-14T21:47:52","guid":{"rendered":"https:\/\/bebebio.ma\/?post_type=product&#038;p=7618"},"modified":"2024-01-14T22:48:57","modified_gmt":"2024-01-14T21:48:57","slug":"babybio-bonne-nuit-mouline-carotte-et-quinoa-8mois","status":"publish","type":"product","link":"https:\/\/bebebio.ma\/index.php\/product\/babybio-bonne-nuit-mouline-carotte-et-quinoa-8mois\/","title":{"rendered":"Babybio Bonne Nuit Moulin\u00e9 Carotte et Quinoa 8mois+"},"content":{"rendered":"<p style=\"text-align: center;\"><strong>Babybio Bonne Nuit Moulin\u00e9 Carotte et Quinoa 8mois+<\/strong><\/p>\n<div class=\"col-12 px-0\">\n<div class=\"content_zone_desc tabcontent\">\n<div id=\"type_info_prio_11_1\">\n<div id=\"content\" class=\"tab-content\" role=\"tablist\">\n<div id=\"pane_description\" class=\"card tab-pane fade active show\" role=\"tabpanel\" aria-labelledby=\"tab_description\">\n<div id=\"collapse_description\" class=\"multi-collapse collapse show\">\n<div class=\"card-body\">\n<p>Quel plaisir de proposer \u00e0 B\u00e9b\u00e9 un moulin\u00e9 de carottes des Landes, patates douces et des oignons de nos r\u00e9gions. Avec cette association de go\u00fbts, les producteurs Babybio ont r\u00e9uni tout leur savoir-faire pour le plus grand plaisir de b\u00e9b\u00e9.<\/p>\n<\/div>\n<\/div>\n<\/div>\n<\/div>\n<p>Pur\u00e9e de l\u00e9gumes et quinoa bio Aliment pour b\u00e9b\u00e9s<\/p>\n<\/div>\n<\/div>\n<div class=\"titre_zone_desc bloc_depliable_zone_click\">\n<div class=\"titre_zone_desc bloc_depliable_zone_click\">\n<h4>CONSEIL D&#8217;UTILISATION :<\/h4>\n<\/div>\n<div class=\"content_zone_desc bloc_depliable_cnt cnt_deplie tabcontent\">\n<div>\n<div id=\"type_info_prio_6_1\">\n<p>Servir ti\u00e8de. Ne pas ajouter de sel.<\/p>\n<p>Le pot bien referm\u00e9 peut se conserver 48 heures au r\u00e9frig\u00e9rateur.<\/p>\n<\/div>\n<div class=\"description_indication\"><span class=\"bold\">Indication<\/span>\u00a0:\u00a0<span id=\"type_info_prio_6_2_1\">Pur\u00e9e de l\u00e9gumes et Quinoa Bio.<\/span><\/div>\n<div><\/div>\n<\/div>\n<\/div>\n<\/div>\n<div class=\"content_zone_desc bloc_depliable_cnt cnt_deplie tabcontent\">Babybio Bonne Nuit Moulin\u00e9 Carotte et Quinoa 8mois+<\/div>\n<\/div>\n<div class=\"col-12 px-0\">\n<p><strong>La marque :<\/strong><\/p>\n<p><a href=\"https:\/\/bebemaman.ma\/marque\/babybio\/\" target=\"_blank\" rel=\"noopener\"><strong>Babybio<\/strong> <\/a>est une marque qui opte avant tout pour la transparence quant \u00e0 la qualit\u00e9 et la provenance des ingr\u00e9dients utilis\u00e9s. Elle privil\u00e9gie la provenance fran\u00e7aise et si celle-ci s&#8217;av\u00e8re impossible, elle se tourne alors vers les pays europ\u00e9ens limitrophes comme l&#8217;Espagne et l&#8217;Italie. Les recettes propos\u00e9es sont tr\u00e8s proches du &#8220;fait maison&#8221; et sont r\u00e9alis\u00e9es sans adjonction inutile et avec le moins possible d&#8217;allerg\u00e8nes.<\/p>\n<p><strong>Babybio<\/strong> participe immanquablement \u00e0 l&#8217;\u00e9ducation gustative et nutritionnelle de b\u00e9b\u00e9. Babybio est une marque propos\u00e9e par Vitagermine, soci\u00e9t\u00e9 implant\u00e9e en Aquitaine (Bordeaux), qui dispose d\u00e9j\u00e0 de plus de 40 ans d\u2019exp\u00e9rience dans le domaine de l&#8217;alimentation biologique. C&#8217;est la premi\u00e8re marque \u00e0 avoir propos\u00e9 du lait infantile biologique d\u00e8s 1996. Le respect de l&#8217;environnement est maximal, il va de l&#8217;optimalisation des ressources, \u00e0 l&#8217;utilisation de mat\u00e9riaux recycl\u00e9s et d&#8217;encres v\u00e9g\u00e9tales, au choix de producteurs locaux &#8230;<\/p>\n<p><a href=\"https:\/\/bebemaman.ma\/\" target=\"_blank\" rel=\"noopener\"><strong>Bebemaman.ma<\/strong><\/a>, qui se veut comme toujours, au plus pr\u00e8s des b\u00e9b\u00e9s et de leurs parents, vous offre un large choix de produits <a href=\"https:\/\/bebemaman.ma\/marque\/babybio\/\" target=\"_blank\" rel=\"noopener\"><strong>BabyBio<\/strong> <\/a>afin de pouvoir satisfaire chaque besoins.<\/p>\n<\/div>\n","protected":false},"excerpt":{"rendered":"<p><strong>Sans Lait &#8211; Sans Gluten &#8211; Sans Sel ajout\u00e9<\/strong><\/p>\n","protected":false},"featured_media":7670,"comment_status":"open","ping_status":"closed","template":"","meta":[],"pwb-brand":[63],"product_brand":[],"product_cat":[411,440,156],"product_tag":[],"class_list":{"0":"post-7618","1":"product","2":"type-product","3":"status-publish","4":"has-post-thumbnail","6":"pwb-brand-babybio","7":"product_cat-alimentation-bio","8":"product_cat-legumes-bebe","9":"product_cat-repas","11":"first","12":"instock","13":"taxable","14":"shipping-taxable","15":"purchasable","16":"product-type-simple"},"supplier_id":null,"supplier_sku":"","barcode":null,"atum_controlled":true,"out_stock_date":null,"out_stock_threshold":null,"inheritable":false,"inbound_stock":null,"stock_on_hold":0,"sold_today":0,"sales_last_days":0,"reserved_stock":null,"customer_returns":null,"warehouse_damage":null,"lost_in_post":null,"other_logs":null,"out_stock_days":0,"lost_sales":0,"has_location":null,"update_date":"2026-04-16T11:45:53","atum_locations":[],"atum_stock_status":"instock","restock_status":false,"low_stock_amount":"","sales_update_date":"2026-04-16T11:45:53","calc_backorders":null,"jetpack_sharing_enabled":true,"brands":[{"id":63,"name":"Babybio","slug":"babybio"}],"_links":{"self":[{"href":"https:\/\/bebebio.ma\/index.php\/wp-json\/wp\/v2\/product\/7618","targetHints":{"allow":["GET"]}}],"collection":[{"href":"https:\/\/bebebio.ma\/index.php\/wp-json\/wp\/v2\/product"}],"about":[{"href":"https:\/\/bebebio.ma\/index.php\/wp-json\/wp\/v2\/types\/product"}],"replies":[{"embeddable":true,"href":"https:\/\/bebebio.ma\/index.php\/wp-json\/wp\/v2\/comments?post=7618"}],"wp:featuredmedia":[{"embeddable":true,"href":"https:\/\/bebebio.ma\/index.php\/wp-json\/wp\/v2\/media\/7670"}],"wp:attachment":[{"href":"https:\/\/bebebio.ma\/index.php\/wp-json\/wp\/v2\/media?parent=7618"}],"wp:term":[{"taxonomy":"pwb-brand","embeddable":true,"href":"https:\/\/bebebio.ma\/index.php\/wp-json\/wp\/v2\/pwb-brand?post=7618"},{"taxonomy":"product_brand","embeddable":true,"href":"https:\/\/bebebio.ma\/index.php\/wp-json\/wp\/v2\/product_brand?post=7618"},{"taxonomy":"product_cat","embeddable":true,"href":"https:\/\/bebebio.ma\/index.php\/wp-json\/wp\/v2\/product_cat?post=7618"},{"taxonomy":"product_tag","embeddable":true,"href":"https:\/\/bebebio.ma\/index.php\/wp-json\/wp\/v2\/product_tag?post=7618"}],"curies":[{"name":"wp","href":"https:\/\/api.w.org\/{rel}","templated":true}]}}