{"id":7600,"date":"2024-01-14T22:47:29","date_gmt":"2024-01-14T21:47:29","guid":{"rendered":"https:\/\/bebebio.ma\/?post_type=product&#038;p=7600"},"modified":"2024-01-14T22:48:35","modified_gmt":"2024-01-14T21:48:35","slug":"hipp-pommes-coings-4-6m-4x100-g","status":"publish","type":"product","link":"https:\/\/bebebio.ma\/index.php\/product\/hipp-pommes-coings-4-6m-4x100-g\/","title":{"rendered":"Hipp Pommes coings 4\/6m+  4&#215;100 g"},"content":{"rendered":"<h4 style=\"text-align: center;\"><strong><a href=\"https:\/\/bebemaman.ma\/?post_type=product&amp;p=30230&amp;preview=true\" target=\"_blank\" rel=\"noopener\">Hipp<\/a> Petits pots b\u00e9b\u00e9 4\/6m+ fruits pommes coings sans sucres ajout\u00e9s 4&#215;100 g<\/strong><\/h4>\n<p>Hipp Petits pots b\u00e9b\u00e9 4\/6m+ fruits sans sucres ajout\u00e9s 4&#215;100 g : 100% Fruits \u2013 100% Plaisir<br \/>\nLes coupelles 100% Fruits <a href=\"https:\/\/bebemaman.ma\/?post_type=product&amp;p=30230&amp;preview=true\" target=\"_blank\" rel=\"noopener\">HiPP<\/a> offrent \u00e0 votre b\u00e9b\u00e9 ce que la nature a de meilleur avec :<br \/>\n\u2714 des fruits bio cueillis \u00e0 maturit\u00e9,<br \/>\n\u2714 une cuisson douce afin de pr\u00e9server au mieux leurs qualit\u00e9s nutritionnelles et leurs saveurs,<br \/>\n\u2714 sans sucres ajout\u00e9s.<br \/>\nLes pur\u00e9es de fruits HiPP sont d\u00e9licieuses fra\u00eeches ou \u00e0 temp\u00e9rature ambiante, en dessert ou pour le go\u00fbter.<br \/>\n1 coupelle de fruits HiPP = 1 portion de fruits.<br \/>\nCoupelles sans BISPH\u00c9NOL A ni PHTALATES.<\/p>\n<h4>Marque :<\/h4>\n<p><a href=\"https:\/\/bebemaman.ma\/?post_type=product&amp;p=30230&amp;preview=true\" target=\"_blank\" rel=\"noopener\">HiPP<\/a> Biologique s&#8217;engage \u00e0 offrir le meilleur de la nature, le meilleur pour la nature, depuis plus de 60 ans !<\/p>\n<p>Pour la famille Hipp, le bio est bien plus qu&#8217;une tendance, c&#8217;est une conviction depuis 1956.<br \/>\nAujourd&#8217;hui, ce sont plus de 8000 agriculteurs engag\u00e9s et assurant un sourcing r\u00e9gulier et de haute qualit\u00e9.<br \/>\nTous les fruits sont cueillis \u00e0 maturit\u00e9 et sont sans sucres ajout\u00e9s, et les l\u00e9gumes poussent sur des terres sans engrais, ni pesticides. Chez HiPP, ils pr\u00e9f\u00e9rent les m\u00e9thodes naturelles \u00e0 la chimie !<br \/>\nNos \u00e9leveurs assurent un \u00e9levage respectueux du bien-\u00eatre animal avec des espaces en plein air, une nourriture issue d\u2019exploitations bio, sans antibiotique ni stimulateur de croissance.<br \/>\nLe\u00a0<a>lait des formules infantiles HiPP<\/a> est issu de vaches laiti\u00e8res nourries d&#8217;herbes et de fourrages non trait\u00e9s, et restent avec leurs veaux jusqu\u2019\u00e0 leur 8 mois.<\/p>\n<p><a href=\"https:\/\/bebemaman.ma\/?post_type=product&amp;p=30230&amp;preview=true\" target=\"_blank\" rel=\"noopener\">Hipp<\/a> Petits pots b\u00e9b\u00e9 4\/6m+ fruits pommes coings sans sucres ajout\u00e9s 4&#215;100 g<\/p>\n","protected":false},"excerpt":{"rendered":"<p>Hipp Petits pots b\u00e9b\u00e9 4\/6m+ fruits pommes coings sans sucres ajout\u00e9s 4&#215;100 g Hipp Petits pots b\u00e9b\u00e9 4\/6m+ fruits sans sucres ajout\u00e9s 4&#215;100 g : 100% Fruits \u2013 100% Plaisir Les coupelles 100% Fruits HiPP offrent \u00e0 votre b\u00e9b\u00e9 ce que la nature a de meilleur avec : \u2714 des fruits bio cueillis \u00e0 maturit\u00e9, [&hellip;]<\/p>\n","protected":false},"featured_media":7651,"comment_status":"open","ping_status":"closed","template":"","meta":[],"pwb-brand":[740],"product_brand":[],"product_cat":[411,439,156],"product_tag":[315,105,485],"class_list":{"0":"post-7600","1":"product","2":"type-product","3":"status-publish","4":"has-post-thumbnail","6":"pwb-brand-hipp","7":"product_cat-alimentation-bio","8":"product_cat-fruits-bebe","9":"product_cat-repas","10":"product_tag-6-mois","11":"product_tag-bio","12":"product_tag-hipp","14":"first","15":"outofstock","16":"taxable","17":"shipping-taxable","18":"purchasable","19":"product-type-simple"},"supplier_id":null,"supplier_sku":"","barcode":null,"atum_controlled":true,"out_stock_date":null,"out_stock_threshold":null,"inheritable":false,"inbound_stock":null,"stock_on_hold":0,"sold_today":0,"sales_last_days":0,"reserved_stock":null,"customer_returns":null,"warehouse_damage":null,"lost_in_post":null,"other_logs":null,"out_stock_days":0,"lost_sales":0,"has_location":null,"update_date":"2026-04-20T21:23:23","atum_locations":[],"atum_stock_status":"outofstock","restock_status":false,"low_stock_amount":"","sales_update_date":"2026-04-20T21:23:23","calc_backorders":null,"jetpack_sharing_enabled":true,"brands":[{"id":740,"name":"Hipp","slug":"hipp"}],"_links":{"self":[{"href":"https:\/\/bebebio.ma\/index.php\/wp-json\/wp\/v2\/product\/7600","targetHints":{"allow":["GET"]}}],"collection":[{"href":"https:\/\/bebebio.ma\/index.php\/wp-json\/wp\/v2\/product"}],"about":[{"href":"https:\/\/bebebio.ma\/index.php\/wp-json\/wp\/v2\/types\/product"}],"replies":[{"embeddable":true,"href":"https:\/\/bebebio.ma\/index.php\/wp-json\/wp\/v2\/comments?post=7600"}],"wp:featuredmedia":[{"embeddable":true,"href":"https:\/\/bebebio.ma\/index.php\/wp-json\/wp\/v2\/media\/7651"}],"wp:attachment":[{"href":"https:\/\/bebebio.ma\/index.php\/wp-json\/wp\/v2\/media?parent=7600"}],"wp:term":[{"taxonomy":"pwb-brand","embeddable":true,"href":"https:\/\/bebebio.ma\/index.php\/wp-json\/wp\/v2\/pwb-brand?post=7600"},{"taxonomy":"product_brand","embeddable":true,"href":"https:\/\/bebebio.ma\/index.php\/wp-json\/wp\/v2\/product_brand?post=7600"},{"taxonomy":"product_cat","embeddable":true,"href":"https:\/\/bebebio.ma\/index.php\/wp-json\/wp\/v2\/product_cat?post=7600"},{"taxonomy":"product_tag","embeddable":true,"href":"https:\/\/bebebio.ma\/index.php\/wp-json\/wp\/v2\/product_tag?post=7600"}],"curies":[{"name":"wp","href":"https:\/\/api.w.org\/{rel}","templated":true}]}}