{"id":7594,"date":"2024-01-14T22:47:28","date_gmt":"2024-01-14T21:47:28","guid":{"rendered":"https:\/\/bebebio.ma\/?post_type=product&#038;p=7594"},"modified":"2025-09-20T17:20:21","modified_gmt":"2025-09-20T15:20:21","slug":"good-gout-gourde-de-fruits-pomme-framboise-120g-4m","status":"publish","type":"product","link":"https:\/\/bebebio.ma\/index.php\/product\/good-gout-gourde-de-fruits-pomme-framboise-120g-4m\/","title":{"rendered":"Good Go\u00fbt Gourde de fruits pomme framboise 120g 4m+"},"content":{"rendered":"<div class=\"content_zone_desc tabcontent\">\n<div id=\"type_info_prio_11_1\">\n<p style=\"text-align: center\"><strong><a href=\"https:\/\/bebemaman.ma\/marque\/good-gout\/\" target=\"_blank\" rel=\"noopener\">Good Go\u00fbt<\/a> Gourde de fruits pomme framboise 120g &#8211; D\u00e8s 4 mois<\/strong><\/p>\n<div id=\"tab-description\" class=\"woocommerce-Tabs-panel woocommerce-Tabs-panel--description panel entry-content wc-tab\">\n<div class=\"wc-tab-inner \">\n<div class=\"\">\n<p>&nbsp;<\/p>\n<p>D\u00e9couvrez la <strong>Gourde de fruits Pomme Framboise\u00a0de Good Gout !<\/strong><\/p>\n<div class=\"row mx-auto\">\n<div class=\"col-12 px-0\">\n<p><strong>La pomme et la framboise<\/strong>\u00a0sont \u00e0 l\u2019honneur avec cette\u00a0<strong>gourde<\/strong>\u00a0qui renferme \u00e0 la fois le c\u00f4t\u00e9 p\u00e9tillant et l\u00e9g\u00e8rement acidul\u00e9 de la framboise, \u00e0 la douceur de la pomme tant appr\u00e9ci\u00e9e des plus petits.<\/p>\n<p><strong>Une texture douce et lisse,<\/strong>\u00a0de quoi \u00e9veiller les sens de b\u00e9b\u00e9 qui prendra un grand plaisir \u00e0 d\u00e9couvrir de nouvelles saveurs.<\/p>\n<p>Une recette\u00a0<strong>100% de fruits, sans gluten, sans sucre ajout\u00e9, ni \u00e9paississant, ni conservateur.\u00a0<\/strong>Que du bon !<\/p>\n<\/div>\n<div class=\"col-12 px-0\">\n<p class=\"sous_titre\">Les + produit :<\/p>\n<p>. Format de gourde<br \/>\n. 100% de fruits<br \/>\n. Naturellement sans gluten, sans sucre ajout\u00e9 et sans lactose<br \/>\n. Sans \u00e9paississant et conservateur<br \/>\n. 100% des ingr\u00e9dients sont biologiques<br \/>\n. Emballage recyclable<br \/>\n. Convient aux enfants de plus de 4 mois<\/p>\n<\/div>\n<\/div>\n<\/div>\n<\/div>\n<\/div>\n<p><strong>Conseils de d\u00e9gustation :<\/strong><br \/>\nSecouer. Verser dans un bol, dans une cuill\u00e8re\u00a0ou directement dans la bouche. D\u00e9guster !<\/p>\n<p>Conserver \u00e0 temp\u00e9rature ambiante avant ouverture et pendant 24 heures au r\u00e9frig\u00e9rateur apr\u00e8s ouverture.<\/p>\n<p><strong>Bon \u00e0 savoir :<\/strong><br \/>\nCette gourde a \u00e9t\u00e9 choisie pour pr\u00e9server les qualit\u00e9s gustatives de nos recettes. Elle ne contient ni bisph\u00e9nol A, ni phtalates, conform\u00e9ment \u00e0 la r\u00e8glementation en vigueur.<\/p>\n<p><strong>Attention :<\/strong><br \/>\nNe pas laisser les enfants de moins de 36 mois avec le bouchon sans surveillance.<br \/>\nNe jamais mettre la gourde directement au micro-ondes.<\/p>\n<p>Good Go\u00fbt Gourde de fruits pomme framboise 120g &#8211; D\u00e8s 4 mois<\/p>\n<\/div>\n<\/div>\n","protected":false},"excerpt":{"rendered":"<p>Cette\u00a0<strong>gourde de fruits \u00e0 la pomme et \u00e0 la framboise<\/strong>\u00a0c\u2019est 100% de fruits et c\u2019est tout ! Une recette saine et respectueuse de l\u2019environnement, parfaite pour faire d\u00e9couvrir \u00e0 b\u00e9b\u00e9 la d\u00e9licieuse saveur des bons fruits.\u00a0<strong>Naturellement sans gluten.<\/strong>\u00a0<strong>D\u00e8s 4 mois. Gourde de 120g.<\/strong><\/p>\n","protected":false},"featured_media":7645,"comment_status":"open","ping_status":"closed","template":"","meta":[],"pwb-brand":[744],"product_brand":[],"product_cat":[411,439,156],"product_tag":[],"class_list":{"0":"post-7594","1":"product","2":"type-product","3":"status-publish","4":"has-post-thumbnail","6":"pwb-brand-good-gout","7":"product_cat-alimentation-bio","8":"product_cat-fruits-bebe","9":"product_cat-repas","11":"first","12":"outofstock","13":"sale","14":"taxable","15":"shipping-taxable","16":"purchasable","17":"product-type-simple"},"supplier_id":null,"supplier_sku":"","barcode":null,"atum_controlled":true,"out_stock_date":null,"out_stock_threshold":null,"inheritable":false,"inbound_stock":null,"stock_on_hold":4,"sold_today":0,"sales_last_days":0,"reserved_stock":null,"customer_returns":null,"warehouse_damage":null,"lost_in_post":null,"other_logs":null,"out_stock_days":0,"lost_sales":0,"has_location":null,"update_date":"2026-04-16T11:45:52","atum_locations":[],"atum_stock_status":"outofstock","restock_status":false,"low_stock_amount":"","sales_update_date":"2026-04-16T11:45:52","calc_backorders":null,"jetpack_sharing_enabled":true,"brands":[{"id":744,"name":"Good Go\u00fbt","slug":"good-gout"}],"_links":{"self":[{"href":"https:\/\/bebebio.ma\/index.php\/wp-json\/wp\/v2\/product\/7594","targetHints":{"allow":["GET"]}}],"collection":[{"href":"https:\/\/bebebio.ma\/index.php\/wp-json\/wp\/v2\/product"}],"about":[{"href":"https:\/\/bebebio.ma\/index.php\/wp-json\/wp\/v2\/types\/product"}],"replies":[{"embeddable":true,"href":"https:\/\/bebebio.ma\/index.php\/wp-json\/wp\/v2\/comments?post=7594"}],"wp:featuredmedia":[{"embeddable":true,"href":"https:\/\/bebebio.ma\/index.php\/wp-json\/wp\/v2\/media\/7645"}],"wp:attachment":[{"href":"https:\/\/bebebio.ma\/index.php\/wp-json\/wp\/v2\/media?parent=7594"}],"wp:term":[{"taxonomy":"pwb-brand","embeddable":true,"href":"https:\/\/bebebio.ma\/index.php\/wp-json\/wp\/v2\/pwb-brand?post=7594"},{"taxonomy":"product_brand","embeddable":true,"href":"https:\/\/bebebio.ma\/index.php\/wp-json\/wp\/v2\/product_brand?post=7594"},{"taxonomy":"product_cat","embeddable":true,"href":"https:\/\/bebebio.ma\/index.php\/wp-json\/wp\/v2\/product_cat?post=7594"},{"taxonomy":"product_tag","embeddable":true,"href":"https:\/\/bebebio.ma\/index.php\/wp-json\/wp\/v2\/product_tag?post=7594"}],"curies":[{"name":"wp","href":"https:\/\/api.w.org\/{rel}","templated":true}]}}