{"id":7538,"date":"2024-01-14T22:46:15","date_gmt":"2024-01-14T21:46:15","guid":{"rendered":"https:\/\/bebebio.ma\/?post_type=product&#038;p=7538"},"modified":"2025-10-20T22:24:21","modified_gmt":"2025-10-20T20:24:21","slug":"hipp-compotes-bebe-100-fruits-multipack-8x90g-4-6m","status":"publish","type":"product","link":"https:\/\/bebebio.ma\/index.php\/product\/hipp-compotes-bebe-100-fruits-multipack-8x90g-4-6m\/","title":{"rendered":"Hipp Compotes b\u00e9b\u00e9 100% Fruits Multipack 8x90g 4\/6m+"},"content":{"rendered":"<p style=\"text-align: center;\"><strong><a href=\"https:\/\/bebemaman.ma\/marque\/hipp\/\" target=\"_blank\" rel=\"noopener\">Hipp<\/a> Compotes b\u00e9b\u00e9 100% Fruits Multipack 8x90g 4\/6m+<\/strong><\/p>\n<p>Les fruits sont essentiels \u00e0 une alimentation vari\u00e9e et \u00e9quilibr\u00e9e.<\/p>\n<div class=\"d-flex align-items-center row mx-auto w-100\">\n<div class=\"col-auto px-0\">\n<div class=\"fp_note mb-2\">\n<div class=\"card my-3\">\n<div id=\"collapseOne\" class=\"collapse show\" aria-labelledby=\"headingOne\" data-parent=\"#accordion_fp\">\n<div id=\"anchor_produit\" class=\"card-body p-0\">\n<div class=\"col py-4\">\n<p><strong>Gourdes Multipack HiPP\u00a0<\/strong>:\u00a0Pommes Poires Bananes, Pommes P\u00eaches Fruits des bois, Bananes Poires Mangues, Pommes Ananas P\u00eaches. D\u00e8s\u00a04\/6 mois. Ingr\u00e9dients\u00a0issus de l&#8217;agriculture biologique.\u00a0Contenance :\u00a08x90g<\/p>\n<div class=\"row mx-auto\">\n<div class=\"col-12 px-0\">\n<p>D\u00e9couvrez les\u00a0<strong>gourdes mulktipack\u00a0<\/strong>&#8211;\u00a0<strong>100% fruits\u00a0<\/strong>de la marque\u00a0<strong>HiPP\u00a0<\/strong>!<\/p>\n<p>Les fruits sont essentiels \u00e0 une alimentation vari\u00e9e et \u00e9quilibr\u00e9e. Il est recommand\u00e9 de manger 1 \u00e0 2 portions de fruits par jour\u00a0pour les b\u00e9b\u00e9s et 2 portions pour les adultes.<\/p>\n<p>Les\u00a0<strong>compotes 100% Fruits HiPP<\/strong>\u00a0offrent \u00e0 votre B\u00e9b\u00e9 ce que la nature\u00a0a de meilleur avec :\u00a0des fruits cueillis \u00e0 maturit\u00e9,\u00a0une cuisson douce afin de r\u00e9server au mieux leurs qualit\u00e9s et leurs go\u00fbts,\u00a0aucun sucre ajout\u00e9.\u00a0Les<strong>\u00a0compotes HiPP\u00a0<\/strong>sont d\u00e9licieuses fra\u00eeches ou \u00e0 temp\u00e9rature ambiante,\u00a0en dessert ou pour le go\u00fbter.<\/p>\n<\/div>\n<div class=\"col-12 px-0\">\n<p class=\"sous_titre\"><strong>Les + produit :<\/strong><\/p>\n<p>.\u00a0Ingr\u00e9dients\u00a0issus de l&#8217;agriculture biologique<br \/>\n.\u00a01 gourde de fruits\u00a0= 1 portion de fruits<br \/>\n. D\u00e8s 4\/6 mois<br \/>\n. Pack 8 gourdes<br \/>\n. 4 saveurs diff\u00e9rentes<br \/>\n. Recettes garanties sans conservateurs, sans colorants, sans \u00e9paississants, sans ar\u00f4mes ajout\u00e9s, sans sucres ajout\u00e9s<br \/>\n. Produit garanti sans aucun allerg\u00e8nes<br \/>\n. Les ingr\u00e9dients contiennent naturellement du sucre<\/p>\n<\/div>\n<\/div>\n<\/div>\n<\/div>\n<\/div>\n<\/div>\n<div class=\"card my-3\">\n<div id=\"collapseTwo\" class=\"collapse show\" aria-labelledby=\"headingTwo\" data-parent=\"#accordion_fp\">\n<div id=\"anchor_caracteristiques\" class=\"card-body p-0\">\n<div class=\"col py-4\">\n<div class=\"caracteristiques_fp\">\n<p class=\"sous_titre\">Caract\u00e9ristiques :<\/p>\n<p><strong>Ingr\u00e9dients :\u00a0<\/strong><\/p>\n<p><u>Pommes Poires Bananes<\/u>\u00a0: Fruits* 100% (pommes* 40%, poires* 40%, bananes* 20%).<br \/>\n<u>Pommes P\u00eaches Fruits des bois<\/u>\u00a0:Fruits* 100%(pommes* 73%, p\u00eaches* 16%, myrtilles* 6%, framboises* 5%).<br \/>\n<u>Bananes Poires Mangues<\/u>\u00a0:Fruits* 97%(bananes* 52%, poires* 30%, mangues* 15%), jus de citron* \u00e0 base de jus de citron concentr\u00e9.<br \/>\n<u>Pommes Ananas P\u00eaches<\/u>\u00a0:Fruits* 100% (pommes* 65%, ananas* 19%, p\u00eaches* 15%, ac\u00e9rolas* 1%).<\/p>\n<p><strong>Valeurs nutritionnelles (pour\u00a0100g) :\u00a0<\/strong><\/p>\n<p><strong>Pommes Poires Bananes :<br \/>\n<\/strong><br \/>\nValeur \u00e9nerg\u00e9tique : 253kJ \/ 60Kcal<br \/>\nMati\u00e8res grasses\u00a0\u00a00,2 g<br \/>\ndont acides gras satur\u00e9s 0,0 g<br \/>\nGlucides\u00a012,9 g<br \/>\ndont sucres 11,3 g<br \/>\nFibres alimentaires\u00a02,2 g<br \/>\nProt\u00e9ines\u00a00,5 g<br \/>\nSel &lt;0,05 g<br \/>\nSodium &lt;0,02 g<\/p>\n<p><strong>Pommes P\u00eaches Fruits des bois<\/strong><strong>\u00a0:<br \/>\n<\/strong><br \/>\nValeur \u00e9nerg\u00e9tique : 208kJ\u00a0\/\u00a049Kcal<br \/>\nMati\u00e8res grasses\u00a0\u00a00,1 g<br \/>\ndont acides gras satur\u00e9s\u00a00,0 g<br \/>\nGlucides\u00a010,8\u00a0g<br \/>\ndont sucres 10,2\u00a0g<br \/>\nFibres alimentaires 1,7\u00a0g<br \/>\nProt\u00e9ines\u00a00,4\u00a0g<br \/>\nSel\u00a0&lt;0,05 g<br \/>\nSodium\u00a0&lt;0,02 g<\/p>\n<p><strong>Bananes Poires Mangues<\/strong><strong>\u00a0:<br \/>\n<\/strong><br \/>\nValeur \u00e9nerg\u00e9tique :\u00a0315\u00a0kJ\u00a0\/\u00a074Kcal<br \/>\nMati\u00e8res grasses\u00a0\u00a00,2 g<br \/>\ndont acides gras satur\u00e9s\u00a00,0 g<br \/>\nGlucides\u00a016,2\u00a0g<br \/>\ndont sucres 13,7\u00a0g<br \/>\nFibres alimentaires 2,1\u00a0g<br \/>\nProt\u00e9ines\u00a00,9\u00a0g<br \/>\nSel\u00a0&lt;0,05 g<br \/>\nSodium\u00a0&lt;0,02 g<br \/>\n<strong><br \/>\nPommes Ananas P\u00eaches\u00a0:<\/strong><\/p>\n<p>Valeur \u00e9nerg\u00e9tique :\u00a0210kJ\u00a0\/\u00a050Kcal<br \/>\nMati\u00e8res grasses\u00a0\u00a00,1\u00a0g<br \/>\ndont acides gras satur\u00e9s\u00a00,0\u00a0g<br \/>\nGlucides\u00a011,1\u00a0g<br \/>\ndont sucres\u00a010,7\u00a0g<br \/>\nFibres alimentaires 1,6\u00a0g<br \/>\nProt\u00e9ines\u00a00,3\u00a0g<br \/>\nSel\u00a0&lt;0,05 g<br \/>\nSodium\u00a0&lt;0,02 g<\/p>\n<p><strong>Allerg\u00e8nes :\u00a0<\/strong>Sans gluten &#8211; sans \u0153ufs \u2013 sans arachide &#8211; sans produits laitiers<\/p>\n<p><strong>Age :<\/strong>\u00a0D\u00e8s 4\/6 mois<\/p>\n<p><strong>Contenance :\u00a0<\/strong>8 x 90g<\/p>\n<\/div>\n<\/div>\n<\/div>\n<\/div>\n<\/div>\n<\/div>\n<\/div>\n<\/div>\n<h4>Marque :<\/h4>\n<p>HiPP Biologique s&#8217;engage \u00e0 offrir le meilleur de la nature, le meilleur pour la nature, depuis plus de 60 ans !<\/p>\n<p>Pour la famille Hipp, le bio est bien plus qu&#8217;une tendance, c&#8217;est une conviction depuis 1956.<br \/>\nAujourd&#8217;hui, ce sont plus de 8000 agriculteurs engag\u00e9s et assurant un sourcing r\u00e9gulier et de haute qualit\u00e9.<br \/>\nTous les fruits sont cueillis \u00e0 maturit\u00e9 et sont sans sucres ajout\u00e9s, et les l\u00e9gumes poussent sur des terres sans engrais, ni pesticides. Chez HiPP, ils pr\u00e9f\u00e9rent les m\u00e9thodes naturelles \u00e0 la chimie !<br \/>\nNos \u00e9leveurs assurent un \u00e9levage respectueux du bien-\u00eatre animal avec des espaces en plein air, une nourriture issue d\u2019exploitations bio, sans antibiotique ni stimulateur de croissance.<br \/>\nLe\u00a0<a>lait des formules infantiles HiPP<\/a> est issu de vaches laiti\u00e8res nourries d&#8217;herbes et de fourrages non trait\u00e9s, et restent avec leurs veaux jusqu\u2019\u00e0 leur 8 mois.<\/p>\n<p>Hipp Compotes b\u00e9b\u00e9 8x90g 6m+<\/p>\n<p><a href=\"https:\/\/bebemaman.ma\/\" target=\"_blank\" rel=\"noopener\"><strong>Bebemaman.ma<\/strong><\/a>, qui se veut comme toujours, au plus pr\u00e8s des b\u00e9b\u00e9s et de leurs parents, vous offre un large choix de produits <a href=\"https:\/\/bebemaman.ma\/marque\/hipp\/\" target=\"_blank\" rel=\"noopener\"><strong>HIPP<\/strong><\/a>\u00a0afin de pouvoir satisfaire chaque besoins.<\/p>\n","protected":false},"excerpt":{"rendered":"<div class=\"regulated-name\">\n<p><strong>100% Fruits \u2013 100% Plaisir &#8211; Sans sucres ajout\u00e9s &#8211; Sans Gluten<\/strong><\/p>\n<div class=\"regulated-name\">\n<div id=\"p_description\">\n<p><strong>Gourdes Multipack HiPP\u00a0<\/strong>:\u00a0Pommes Poires Bananes, Pommes P\u00eaches Fruits des bois, Bananes Poires Mangues, Pommes Ananas P\u00eaches. D\u00e8s\u00a04\/6 mois. Ingr\u00e9dients\u00a0issus de l&#8217;agriculture biologique.<\/p>\n<p>Contenance :\u00a08x90g<\/p>\n<\/div>\n<div class=\"d-flex align-items-center row mx-auto w-100\">\n<div><\/div>\n<div class=\"col-auto px-0\">\n<div class=\"fp_note mb-2\"><\/div>\n<\/div>\n<\/div>\n<\/div>\n<\/div>\n","protected":false},"featured_media":7588,"comment_status":"open","ping_status":"closed","template":"","meta":[],"pwb-brand":[740],"product_brand":[],"product_cat":[411,439,75,156],"product_tag":[],"class_list":{"0":"post-7538","1":"product","2":"type-product","3":"status-publish","4":"has-post-thumbnail","6":"pwb-brand-hipp","7":"product_cat-alimentation-bio","8":"product_cat-fruits-bebe","9":"product_cat-promos","10":"product_cat-repas","12":"first","13":"instock","14":"sale","15":"taxable","16":"shipping-taxable","17":"purchasable","18":"product-type-simple"},"supplier_id":null,"supplier_sku":"","barcode":null,"atum_controlled":true,"out_stock_date":null,"out_stock_threshold":null,"inheritable":false,"inbound_stock":null,"stock_on_hold":4,"sold_today":0,"sales_last_days":0,"reserved_stock":null,"customer_returns":null,"warehouse_damage":null,"lost_in_post":null,"other_logs":null,"out_stock_days":0,"lost_sales":0,"has_location":null,"update_date":"2026-04-18T12:47:12","atum_locations":[],"atum_stock_status":"instock","restock_status":false,"low_stock_amount":"","sales_update_date":"2026-04-18T12:47:12","calc_backorders":null,"jetpack_sharing_enabled":true,"brands":[{"id":740,"name":"Hipp","slug":"hipp"}],"_links":{"self":[{"href":"https:\/\/bebebio.ma\/index.php\/wp-json\/wp\/v2\/product\/7538","targetHints":{"allow":["GET"]}}],"collection":[{"href":"https:\/\/bebebio.ma\/index.php\/wp-json\/wp\/v2\/product"}],"about":[{"href":"https:\/\/bebebio.ma\/index.php\/wp-json\/wp\/v2\/types\/product"}],"replies":[{"embeddable":true,"href":"https:\/\/bebebio.ma\/index.php\/wp-json\/wp\/v2\/comments?post=7538"}],"wp:featuredmedia":[{"embeddable":true,"href":"https:\/\/bebebio.ma\/index.php\/wp-json\/wp\/v2\/media\/7588"}],"wp:attachment":[{"href":"https:\/\/bebebio.ma\/index.php\/wp-json\/wp\/v2\/media?parent=7538"}],"wp:term":[{"taxonomy":"pwb-brand","embeddable":true,"href":"https:\/\/bebebio.ma\/index.php\/wp-json\/wp\/v2\/pwb-brand?post=7538"},{"taxonomy":"product_brand","embeddable":true,"href":"https:\/\/bebebio.ma\/index.php\/wp-json\/wp\/v2\/product_brand?post=7538"},{"taxonomy":"product_cat","embeddable":true,"href":"https:\/\/bebebio.ma\/index.php\/wp-json\/wp\/v2\/product_cat?post=7538"},{"taxonomy":"product_tag","embeddable":true,"href":"https:\/\/bebebio.ma\/index.php\/wp-json\/wp\/v2\/product_tag?post=7538"}],"curies":[{"name":"wp","href":"https:\/\/api.w.org\/{rel}","templated":true}]}}