{"id":7533,"date":"2024-01-14T22:46:14","date_gmt":"2024-01-14T21:46:14","guid":{"rendered":"https:\/\/bebebio.ma\/?post_type=product&#038;p=7533"},"modified":"2024-01-14T22:47:05","modified_gmt":"2024-01-14T21:47:05","slug":"bebe-m-cereales-et-vanille-6mois-100-vegetale-sans-lait-sans-gluten","status":"publish","type":"product","link":"https:\/\/bebebio.ma\/index.php\/product\/bebe-m-cereales-et-vanille-6mois-100-vegetale-sans-lait-sans-gluten\/","title":{"rendered":"B\u00e9b\u00e9 M C\u00e9r\u00e9ales et Vanille 6mois+ | 100% v\u00e9g\u00e9tale | Sans lait | Sans gluten"},"content":{"rendered":"<p style=\"text-align: center;\"><strong>B\u00e9b\u00e9 M C\u00e9r\u00e9ales et Vanille 6mois+ | 100% v\u00e9g\u00e9tale | Sans lait | Sans gluten<\/strong><\/p>\n<p>B\u00e9b\u00e9 M C\u00e9r\u00e9ales et Vanille 6mois+ | 100% v\u00e9g\u00e9tale | Sans lait | Sans gluten 100% v\u00e9g\u00e9tale, sans lait, sans gluten ni soja, cette pr\u00e9paration est une c\u00e9r\u00e9ale infantile \u00e0 la vanille.<\/p>\n<p>Certifi\u00e9e biologique et sous licence Afdiag, elle convient \u00e0 l&#8217;alimentation des nourrissons et enfants en bas \u00e2ge en bonne sant\u00e9 et est destin\u00e9e \u00e0 \u00eatre utilis\u00e9e pendant la p\u00e9riode de sevrage. Enrichie en Lithothamne &amp; Spiruline<\/p>\n<div class=\"wpb_text_column wpb_content_element box__item_ancre description\">\n<div class=\"wpb_wrapper\">\n<h4>Description<\/h4>\n<div class=\"wpb_text_column wpb_content_element box__item_ancre description\">\n<div class=\"wpb_wrapper\">\n<div class=\"wpb_text_column wpb_content_element box__item_ancre description\">\n<div class=\"wpb_wrapper\">\n<div class=\"wpb_text_column wpb_content_element box__item_ancre description\">\n<div class=\"wpb_wrapper\">\n<p>Compl\u00e9mentaire de la gamme infantile B\u00e9b\u00e9 M (anciennement B\u00e9b\u00e9 Mandorle), cette pr\u00e9paration infantile de c\u00e9r\u00e9ales instantan\u00e9es \u00e0 la vanille est formul\u00e9e \u00e0 base de riz, millet et sarrasin, certifi\u00e9e en Agriculture Biologique. Elle r\u00e9pond aux crit\u00e8res r\u00e9glementaires en vigueur tels que d\u00e9finis dans la Directive Europ\u00e9enne CE 2006\/125 et le r\u00e8glement CE 609\/2013. Sans gluten, sans lait et sans sucres, cette pr\u00e9paration convient \u00e0 l\u2019alimentation des nourrissons et enfants en bas \u00e2ge en bonne sant\u00e9. Elle est destin\u00e9e \u00e0 \u00eatre utilis\u00e9e pendant la p\u00e9riode de sevrage et comme compl\u00e9ment \u00e0 l\u2019alimentation et\/ou en vue de leur adaptation progressive \u00e0 une alimentation normale. Elle ne peut \u00eatre utilis\u00e9e comme substitut du lait maternel durant les premiers mois de la vie. \u00c0 base de c\u00e9r\u00e9ales pr\u00e9cuites, elle se consomme sans cuisson, au biberon ou \u00e0 la cuill\u00e8re.<\/p>\n<\/div>\n<\/div>\n<\/div>\n<\/div>\n<\/div>\n<\/div>\n<\/div>\n<\/div>\n<div class=\"wpb_text_column wpb_content_element box__item_ancre composition\">\n<div class=\"wpb_wrapper\">\n<h4>Composition<\/h4>\n<div class=\"wpb_text_column wpb_content_element box__item_ancre composition\">\n<div class=\"wpb_wrapper\">\n<div class=\"wpb_text_column wpb_content_element box__item_ancre composition\">\n<div class=\"wpb_wrapper\">\n<div class=\"wpb_text_column wpb_content_element box__item_ancre composition\">\n<div class=\"wpb_wrapper\">\n<p>Farines* pr\u00e9cuites 98,4% (riz* 80,4%, millet 9%, sarrasin 9%), algues marines, Lithothame (<em>Lithothamnium calcareum<\/em>), Spiruline* (<em>Spirulina platensis<\/em>*), extrait de vanille* Bourbon Madagascar 0,005%, Thiamine (vitamine B1).<br \/>\nTraces possibles d\u2019<strong>amandes<\/strong>\u00a0et\u00a0<strong>noisettes<\/strong>.\u00a0<em>*Issus de l\u2019agriculture biologique<\/em>.<\/p>\n<\/div>\n<\/div>\n<\/div>\n<\/div>\n<\/div>\n<\/div>\n<\/div>\n<\/div>\n<div class=\"wpb_text_column wpb_content_element box__item_ancre rapports-en-legumes-deshydrates\">\n<div class=\"wpb_wrapper\">\n<h4>Tableau indicatif de reconstitution<\/h4>\n<div class=\"wpb_text_column wpb_content_element box__item_ancre valeurs-nutritionnelles\">\n<div class=\"wpb_wrapper\">\n<table>\n<tbody>\n<tr>\n<td colspan=\"2\">Analyses nutritionnelles<br \/>\n(Valeurs moyennes pour 100g de poudre)<\/td>\n<\/tr>\n<tr>\n<td>Valeurs \u00e9nerg\u00e9tiques<\/td>\n<td>354 kcal<br \/>\n1479 kJ<\/td>\n<\/tr>\n<tr>\n<td>Mati\u00e8res grasses<br \/>\ndont acides gras satur\u00e9s<\/td>\n<td>1.5 g<br \/>\n0.3 g<\/td>\n<\/tr>\n<tr>\n<td>Glucides<br \/>\ndont sucres<\/td>\n<td>75 g<br \/>\n0.3 g<\/td>\n<\/tr>\n<tr>\n<td>Prot\u00e9ines<\/td>\n<td>11 g<\/td>\n<\/tr>\n<tr>\n<td>Sel<\/td>\n<td>0.03 g<\/td>\n<\/tr>\n<tr>\n<td>Fibres<\/td>\n<td>2 g<\/td>\n<\/tr>\n<tr>\n<td>Calcium<\/td>\n<td>530 mg<\/td>\n<\/tr>\n<tr>\n<td>Thiamine\/Vitamine B1<\/td>\n<td>1,5 mg<\/td>\n<\/tr>\n<\/tbody>\n<\/table>\n<\/div>\n<\/div>\n<div class=\"wpb_text_column wpb_content_element box__item_ancre preparation\">\n<div class=\"wpb_wrapper\">\n<h4>Pr\u00e9paration au biberon<\/h4>\n<ul>\n<li>\u00a0Ajoutez la quantit\u00e9 de c\u00e9r\u00e9ales au lait maternel ou pr\u00e9paration de suite ti\u00e8de comme indiqu\u00e9 dans le tableau de reconstitution.<\/li>\n<li>Agitez vigoureusement et circulairement puis verticalement jusqu&#8217;\u00e0 dissolution compl\u00e8te de la poudre.<\/li>\n<\/ul>\n<\/div>\n<\/div>\n<div class=\"wpb_text_column wpb_content_element box__item_ancre preparation-assiette preparation\">\n<div class=\"wpb_wrapper\">\n<h4>Pr\u00e9paration \u00e0 l&#8217;assiette<\/h4>\n<ul>\n<li>\u00a0Dans une assiette, ajoutez la quantit\u00e9 de c\u00e9r\u00e9ales au lait maternel ou pr\u00e9paration de suite ti\u00e8de comme indiqu\u00e9 dans le tableau de reconstitution.<\/li>\n<li>Remuez jusqu&#8217;\u00e0 incorporation compl\u00e8te et texture homog\u00e8ne.<\/li>\n<\/ul>\n<\/div>\n<\/div>\n<div class=\"wpb_text_column wpb_content_element box__item_ancre tableau-indicatif-de-reconstitution\">\n<div class=\"wpb_wrapper\">\n<h4>Tableau indicatif de reconstitution<\/h4>\n<table>\n<tbody>\n<tr>\n<td rowspan=\"2\">\u00c2ge du B\u00e9b\u00e9<\/td>\n<td colspan=\"2\">Au biberon<\/td>\n<td colspan=\"2\">A la cuill\u00e8re<\/td>\n<\/tr>\n<tr>\n<td>Doses<\/td>\n<td>Lait maternel<br \/>\nou de suite<\/td>\n<td>Doses<\/td>\n<td>Lait maternel<br \/>\nou de suite<\/td>\n<\/tr>\n<tr>\n<td>6 \u00e0 8 mois<\/td>\n<td>2<\/td>\n<td>240 ml<\/td>\n<td>5<\/td>\n<td>210 ml<\/td>\n<\/tr>\n<tr>\n<td>Plus de 8 mois<\/td>\n<td>3<\/td>\n<td>300 ml<\/td>\n<td>6<\/td>\n<td>240 ml<\/td>\n<\/tr>\n<\/tbody>\n<\/table>\n<div class=\"wpb_text_column wpb_content_element box__item_ancre tableau-indicatif-de-reconstitution\">\n<div class=\"wpb_wrapper\">\n<p>Le volume et le nombre de biberons sont donn\u00e9s \u00e0 titre indicatif. Le corps m\u00e9dical pourra \u00e9ventuellement adapter ces recommandations selon les besoins sp\u00e9cifiques de votre enfant.<\/p>\n<\/div>\n<\/div>\n<div class=\"wpb_text_column wpb_content_element box__item_ancre recommandations\">\n<div class=\"wpb_wrapper\">\n<h4>Recommandations<\/h4>\n<p>Respectez les conseils de pr\u00e9paration. Ne pas conservez les restes et respecter les r\u00e8gles d\u2019hygi\u00e8ne avant et apr\u00e8s utilisation. Cette pr\u00e9paration de c\u00e9r\u00e9ales doit \u00eatre reconstitu\u00e9e uniquement avec du lait ou autres liquides nutritifs appropri\u00e9s \u00e0 l\u2019alimentation des nourrissons ou enfants en bas \u00e2ge.<\/p>\n<\/div>\n<\/div>\n<\/div>\n<\/div>\n<\/div>\n<\/div>\n","protected":false},"excerpt":{"rendered":"<p><em><strong>100% V\u00e9g\u00e9tal | Sans lait | Sans Gluten | Sans Soja | Sans Huile de Palme | Fabriqu\u00e9 en France | Sans ar\u00f4me | Sans conservateur | Sans sucre ajout\u00e9<\/strong><\/em><\/p>\n<p>C\u00e9r\u00e9ales pr\u00e9cuites, riz et millet, d\u2019origine contr\u00f4l\u00e9e. enrichie en Spiruline.<\/p>\n<p>&nbsp;<\/p>\n<p>&nbsp;<\/p>\n","protected":false},"featured_media":7583,"comment_status":"open","ping_status":"closed","template":"","meta":[],"pwb-brand":[742],"product_brand":[],"product_cat":[411,413,156],"product_tag":[],"class_list":{"0":"post-7533","1":"product","2":"type-product","3":"status-publish","4":"has-post-thumbnail","6":"pwb-brand-bebe-m","7":"product_cat-alimentation-bio","8":"product_cat-cereales-bio-alimentation-bio","9":"product_cat-repas","11":"first","12":"instock","13":"taxable","14":"shipping-taxable","15":"purchasable","16":"product-type-simple"},"supplier_id":null,"supplier_sku":"","barcode":null,"atum_controlled":true,"out_stock_date":null,"out_stock_threshold":null,"inheritable":false,"inbound_stock":null,"stock_on_hold":0,"sold_today":0,"sales_last_days":0,"reserved_stock":null,"customer_returns":null,"warehouse_damage":null,"lost_in_post":null,"other_logs":null,"out_stock_days":0,"lost_sales":0,"has_location":null,"update_date":"2026-04-20T21:23:26","atum_locations":[],"atum_stock_status":"instock","restock_status":false,"low_stock_amount":"","sales_update_date":"2026-04-20T21:23:26","calc_backorders":null,"jetpack_sharing_enabled":true,"brands":[{"id":742,"name":"B\u00e9b\u00e9 M","slug":"bebe-m"}],"_links":{"self":[{"href":"https:\/\/bebebio.ma\/index.php\/wp-json\/wp\/v2\/product\/7533","targetHints":{"allow":["GET"]}}],"collection":[{"href":"https:\/\/bebebio.ma\/index.php\/wp-json\/wp\/v2\/product"}],"about":[{"href":"https:\/\/bebebio.ma\/index.php\/wp-json\/wp\/v2\/types\/product"}],"replies":[{"embeddable":true,"href":"https:\/\/bebebio.ma\/index.php\/wp-json\/wp\/v2\/comments?post=7533"}],"wp:featuredmedia":[{"embeddable":true,"href":"https:\/\/bebebio.ma\/index.php\/wp-json\/wp\/v2\/media\/7583"}],"wp:attachment":[{"href":"https:\/\/bebebio.ma\/index.php\/wp-json\/wp\/v2\/media?parent=7533"}],"wp:term":[{"taxonomy":"pwb-brand","embeddable":true,"href":"https:\/\/bebebio.ma\/index.php\/wp-json\/wp\/v2\/pwb-brand?post=7533"},{"taxonomy":"product_brand","embeddable":true,"href":"https:\/\/bebebio.ma\/index.php\/wp-json\/wp\/v2\/product_brand?post=7533"},{"taxonomy":"product_cat","embeddable":true,"href":"https:\/\/bebebio.ma\/index.php\/wp-json\/wp\/v2\/product_cat?post=7533"},{"taxonomy":"product_tag","embeddable":true,"href":"https:\/\/bebebio.ma\/index.php\/wp-json\/wp\/v2\/product_tag?post=7533"}],"curies":[{"name":"wp","href":"https:\/\/api.w.org\/{rel}","templated":true}]}}