{"id":7507,"date":"2024-01-14T22:45:49","date_gmt":"2024-01-14T21:45:49","guid":{"rendered":"https:\/\/bebebio.ma\/?post_type=product&#038;p=7507"},"modified":"2024-01-14T22:46:31","modified_gmt":"2024-01-14T21:46:31","slug":"hipp-la-mamma-pates-etoiles-pour-bebe-10-mois","status":"publish","type":"product","link":"https:\/\/bebebio.ma\/index.php\/product\/hipp-la-mamma-pates-etoiles-pour-bebe-10-mois\/","title":{"rendered":"Hipp La Mamma P\u00e2tes \u00c9toiles pour B\u00e9b\u00e9 10 mois+"},"content":{"rendered":"<div class=\"card my-3\">\n<div id=\"collapseOne\" class=\"collapse show\" aria-labelledby=\"headingOne\" data-parent=\"#accordion_fp\">\n<div id=\"anchor_produit\" class=\"card-body p-0\">\n<div class=\"col py-4\">\n<div class=\"row mx-auto\">\n<div class=\"col-12 px-0\">\n<p class=\"LC20lb MBeuO DKV0Md\" style=\"text-align: center\">Hipp La Mamma P\u00e2tes \u00c9toiles pour B\u00e9b\u00e9 10 mois+<\/p>\n<\/div>\n<\/div>\n<\/div>\n<\/div>\n<\/div>\n<\/div>\n<div class=\"card my-3\">\n<div id=\"collapseTwo\" class=\"collapse show\" aria-labelledby=\"headingTwo\" data-parent=\"#accordion_fp\">\n<div id=\"anchor_caracteristiques\" class=\"card-body p-0\">\n<div class=\"col py-4\">\n<div class=\"caracteristiques_fp\">\n<div class=\"card my-3\">\n<div id=\"collapseOne\" class=\"collapse show\" aria-labelledby=\"headingOne\" data-parent=\"#accordion_fp\">\n<div id=\"anchor_produit\" class=\"card-body p-0\">\n<div class=\"col py-4\">\n<div class=\"row mx-auto\">\n<div class=\"col-12 px-0\">\n<h4>D\u00e9couvrez les\u00a0P\u00e2tes \u00c9toiles de Hipp !<\/h4>\n<p>Ces d\u00e9licieuses p\u00e2tes\u00a0sont adapt\u00e9es aux b\u00e9b\u00e9s \u00e0 partir de 10 mois. C&#8217;est une recette contenant de la semoule de bl\u00e9 dur et de la vitamine B1. Ce produit pr\u00e9par\u00e9 avec des ingr\u00e9dients biologiques de qualit\u00e9 contribue au bon d\u00e9veloppement de votre b\u00e9b\u00e9 et \u00e0 sa sant\u00e9.<\/p>\n<\/div>\n<div class=\"col-12 px-0\">\n<h3 class=\"sous_titre\">Les + produit :<\/h3>\n<p>. Contient de la vitamine B1<br \/>\n. Sans conservateur, sans arachide<br \/>\n. Label AB (Agriculture Biologique)<br \/>\n. A partir de 10 mois.<\/p>\n<\/div>\n<\/div>\n<p><a class=\"font-family-medium underline magic_underline\" href=\"https:\/\/fr.openfoodfacts.org\/produit\/4062300239913\" target=\"_blank\" rel=\"noopener\">Analyse nutritionnelle<\/a><\/p>\n<\/div>\n<\/div>\n<\/div>\n<\/div>\n<div class=\"card my-3\">\n<div id=\"collapseTwo\" class=\"collapse show\" aria-labelledby=\"headingTwo\" data-parent=\"#accordion_fp\">\n<div id=\"anchor_caracteristiques\" class=\"card-body p-0\">\n<div class=\"col py-4\">\n<div class=\"caracteristiques_fp\">\n<h3 class=\"sous_titre\">Caract\u00e9ristiques du Hipp La Mamma P\u00e2tes \u00c9toiles pour B\u00e9b\u00e9 10 mois+:<\/h3>\n<p><strong>Ingr\u00e9dients<\/strong>\u00a0: semoule de bl\u00e9 dur*, vitamine B1<\/p>\n<p>* Produits issus de l&#8217;Agriculture Biologique.<\/p>\n<p>Peut contenir des traces d&#8217;oeufs.<\/p>\n<p>Produit dans un environnement utilisant des oeufs.<\/p>\n<p><strong>Allerg\u00e8nes<\/strong>\u00a0: Bl\u00e9, traces possibles d&#8217;oeufs.<\/p>\n<p><strong>Valeurs nutritionnelles pour 100g<\/strong>\u00a0:<\/p>\n<p>Energie 1555kJ \/ 367 Kcal<br \/>\nMati\u00e8res grasses 1,3 g<\/p>\n<p>dont acides gras satur\u00e9s 0,4 g<br \/>\nGlucides 75,1 g<br \/>\ndont sucres 3,5g<br \/>\nFibres alimentaires 3,9 g<br \/>\nProt\u00e9ines 11,7 g<br \/>\nSel &lt;0,05 g<br \/>\nSodium &lt;0,02 g<br \/>\nVitamine B1 1,4 mg<\/p>\n<\/div>\n<\/div>\n<\/div>\n<\/div>\n<\/div>\n<div class=\"card my-3\">\n<div id=\"collapseThree\" class=\"collapse show\" aria-labelledby=\"headingThree\" data-parent=\"#accordion_fp\">\n<div id=\"anchor_conseils\" class=\"card-body p-0\">\n<div class=\"col py-4\">\n<div class=\"conseils_utilisation_fp\">\n<h4 class=\"sous_titre\">Conseils d&#8217;utilisation :<\/h4>\n<p>Temps de cuisson env. 4-5 minutes.<\/p>\n<p><strong>Simple \u00e0 pr\u00e9parer<\/strong>\u00a0: Mettez 2-3 cuill\u00e8res \u00e0 soupe (env. 30g) de P\u00e2tes Etoiles HIPP Biologique dans env. 500ml d&#8217;eau bouillante et laissez cuire 4-5 minutes. Versez les p\u00e2tes dans une passoire pour les \u00e9goutter. V\u00e9rifier bien la temp\u00e9rature avant de servir.<\/p>\n<p>Pour obtenir un repas complet, accompagnez les P\u00e2tes Etoiles de sauce tomate, d&#8217;une viande, d&#8217;un poisson ou encore de petits l\u00e9gumes.<\/p>\n<p>Ne pas pr\u00e9parer les p\u00e2tes \u00e0 l&#8217;avance.<\/p>\n<\/div>\n<div class=\"precaution_utilisation_fp\">\n<p class=\"sous_titre\">Pr\u00e9cautions d&#8217;usage :<\/p>\n<p>Pour des questions d&#8217;hygi\u00e8ne, bien refermer le sachet apr\u00e8s utilisation et conservez-le \u00e0 temp\u00e9rature ambiante dans un endroit sec.<\/p>\n<\/div>\n<\/div>\n<\/div>\n<\/div>\n<\/div>\n<\/div>\n<\/div>\n<\/div>\n<\/div>\n<\/div>\n<div class=\"card my-3\">\n<div id=\"collapseThree\" class=\"collapse show\" aria-labelledby=\"headingThree\" data-parent=\"#accordion_fp\">\n<div id=\"anchor_conseils\" class=\"card-body p-0\">\n<div class=\"col py-4\">\n<div class=\"precaution_utilisation_fp\">\n<div class=\"card my-3\">\n<div id=\"collapseThree\" class=\"collapse show\" aria-labelledby=\"headingThree\" data-parent=\"#accordion_fp\">\n<div id=\"anchor_conseils\" class=\"card-body p-0\">\n<div class=\"col py-4\">\n<div class=\"precaution_utilisation_fp\">\n<p><a href=\"https:\/\/bebemaman.ma\/\" target=\"_blank\" rel=\"noopener\"><strong>Bebemaman.ma<\/strong><\/a>, qui se veut comme toujours, au plus pr\u00e8s des b\u00e9b\u00e9s et de leurs parents, vous offre un large choix de produits <a href=\"https:\/\/bebemaman.ma\/marque\/hipp\/\" target=\"_blank\" rel=\"noopener\"><strong>HiPP <\/strong><\/a>afin de pouvoir satisfaire chaque besoins.<\/p>\n<\/div>\n<\/div>\n<\/div>\n<\/div>\n<\/div>\n<\/div>\n<\/div>\n<\/div>\n<\/div>\n<\/div>\n","protected":false},"excerpt":{"rendered":"<p><strong>Mes Premi\u00e8res P\u00e2tes Etoiles<\/strong>\u00a0pour B\u00e9b\u00e9 Hipp sont des c\u00e9r\u00e9ales pour faire le plein d&#8217;\u00e9nergie avec des ingr\u00e9dients biologiques de grande qualit\u00e9 et une taille adapt\u00e9e \u00e0 la capacit\u00e9 de mastication de votre enfant.<img decoding=\"async\" class=\"alignright wp-image-16053\" src=\"https:\/\/bebemaman.ma\/wp-content\/uploads\/2021\/10\/hipp-logo-france-590x590.png\" alt=\"Logo hipp - bebemaman.ma\" width=\"93\" height=\"93\" \/><\/p>\n","protected":false},"featured_media":7547,"comment_status":"open","ping_status":"closed","template":"","meta":[],"pwb-brand":[740],"product_brand":[],"product_cat":[411,415,156],"product_tag":[],"class_list":{"0":"post-7507","1":"product","2":"type-product","3":"status-publish","4":"has-post-thumbnail","6":"pwb-brand-hipp","7":"product_cat-alimentation-bio","8":"product_cat-cereales-bio-alimentation-bio-repas-2","9":"product_cat-repas","11":"first","12":"outofstock","13":"taxable","14":"shipping-taxable","15":"purchasable","16":"product-type-simple"},"supplier_id":null,"supplier_sku":"","barcode":null,"atum_controlled":true,"out_stock_date":null,"out_stock_threshold":null,"inheritable":false,"inbound_stock":null,"stock_on_hold":0,"sold_today":0,"sales_last_days":0,"reserved_stock":null,"customer_returns":null,"warehouse_damage":null,"lost_in_post":null,"other_logs":null,"out_stock_days":0,"lost_sales":0,"has_location":null,"update_date":"2026-04-20T21:23:26","atum_locations":[],"atum_stock_status":"outofstock","restock_status":false,"low_stock_amount":"","sales_update_date":"2026-04-20T21:23:26","calc_backorders":null,"jetpack_sharing_enabled":true,"brands":[{"id":740,"name":"Hipp","slug":"hipp"}],"_links":{"self":[{"href":"https:\/\/bebebio.ma\/index.php\/wp-json\/wp\/v2\/product\/7507","targetHints":{"allow":["GET"]}}],"collection":[{"href":"https:\/\/bebebio.ma\/index.php\/wp-json\/wp\/v2\/product"}],"about":[{"href":"https:\/\/bebebio.ma\/index.php\/wp-json\/wp\/v2\/types\/product"}],"replies":[{"embeddable":true,"href":"https:\/\/bebebio.ma\/index.php\/wp-json\/wp\/v2\/comments?post=7507"}],"wp:featuredmedia":[{"embeddable":true,"href":"https:\/\/bebebio.ma\/index.php\/wp-json\/wp\/v2\/media\/7547"}],"wp:attachment":[{"href":"https:\/\/bebebio.ma\/index.php\/wp-json\/wp\/v2\/media?parent=7507"}],"wp:term":[{"taxonomy":"pwb-brand","embeddable":true,"href":"https:\/\/bebebio.ma\/index.php\/wp-json\/wp\/v2\/pwb-brand?post=7507"},{"taxonomy":"product_brand","embeddable":true,"href":"https:\/\/bebebio.ma\/index.php\/wp-json\/wp\/v2\/product_brand?post=7507"},{"taxonomy":"product_cat","embeddable":true,"href":"https:\/\/bebebio.ma\/index.php\/wp-json\/wp\/v2\/product_cat?post=7507"},{"taxonomy":"product_tag","embeddable":true,"href":"https:\/\/bebebio.ma\/index.php\/wp-json\/wp\/v2\/product_tag?post=7507"}],"curies":[{"name":"wp","href":"https:\/\/api.w.org\/{rel}","templated":true}]}}