{"id":7488,"date":"2024-01-14T22:45:24","date_gmt":"2024-01-14T21:45:24","guid":{"rendered":"https:\/\/bebebio.ma\/?post_type=product&#038;p=7488"},"modified":"2024-01-14T22:46:07","modified_gmt":"2024-01-14T21:46:07","slug":"bebe-m-ma-1ere-cereale-4mois-100-vegetale-sans-lait-sans-gluten","status":"publish","type":"product","link":"https:\/\/bebebio.ma\/index.php\/product\/bebe-m-ma-1ere-cereale-4mois-100-vegetale-sans-lait-sans-gluten\/","title":{"rendered":"B\u00e9b\u00e9 M Ma 1\u00e8re C\u00e9r\u00e9ale 4mois+ | 100% v\u00e9g\u00e9tale | Sans lait | Sans gluten"},"content":{"rendered":"<p style=\"text-align: center\"><strong>B\u00e9b\u00e9 M Ma 1\u00e8re C\u00e9r\u00e9ale 4mois+ | 100% v\u00e9g\u00e9tale | Sans lait | Sans gluten<\/strong><\/p>\n<p>100% v\u00e9g\u00e9tale, cette c\u00e9r\u00e9ale pour b\u00e9b\u00e9 est sans gluten, sans lait ni soja, une pr\u00e9paration formul\u00e9e \u00e0 base de c\u00e9r\u00e9ales pr\u00e9cuites, riz et millet, d\u2019origine contr\u00f4l\u00e9e.<\/p>\n<p>Certifi\u00e9e biologique et sous licence Afdiag, elle convient \u00e0 l&#8217;alimentation des nourrissons et enfants en bas \u00e2ge en bonne sant\u00e9 et est destin\u00e9e \u00e0 \u00eatre utilis\u00e9e pendant la p\u00e9riode de sevrage. Enrichie en Lithothamne<\/p>\n<div class=\"wpb_text_column wpb_content_element box__item_ancre description\">\n<div class=\"wpb_wrapper\">\n<div class=\"wpb_text_column wpb_content_element box__item_ancre description\">\n<div class=\"wpb_wrapper\">\n<div class=\"wpb_text_column wpb_content_element box__item_ancre description\">\n<div class=\"wpb_wrapper\">\n<p>Compl\u00e9mentaire de la gamme infantile B\u00e9b\u00e9 M (anciennement B\u00e9b\u00e9 Mandorle), Ma 1\u00e8re C\u00e9r\u00e9ale est une pr\u00e9paration instantan\u00e9e infantile pour c\u00e9r\u00e9ales \u00e0 base de riz et millet. Elle r\u00e9pond aux crit\u00e8res r\u00e9glementaires en vigueur tels que d\u00e9finis dans la Directive Europ\u00e9enne CE 2006\/125 et le r\u00e8glement CE 609\/2013. Sans gluten, sans lait et sans sucres, elle convient \u00e0 l\u2019alimentation des nourrissons et enfants en bas \u00e2ge en bonne sant\u00e9. Elle est destin\u00e9e \u00e0 \u00eatre utilis\u00e9e pendant la p\u00e9riode de sevrage des nourrissons et comme compl\u00e9ment \u00e0 l\u2019alimentation des enfants en bas \u00e2ge et\/ou en vue de leur adaptation progressive \u00e0 une alimentation normale. C\u00e9r\u00e9ales b\u00e9b\u00e9 id\u00e9ales pour les enfants de 4 mois, 5 mois, 6 mois et plus.\u00a0 Elle ne peut \u00eatre utilis\u00e9e comme substitut au lait maternel durant les premiers mois de la vie.<\/p>\n<\/div>\n<\/div>\n<\/div>\n<\/div>\n<\/div>\n<\/div>\n<div class=\"wpb_text_column wpb_content_element box__item_ancre composition\">\n<div class=\"wpb_wrapper\">\n<h4>Composition<\/h4>\n<div class=\"wpb_text_column wpb_content_element box__item_ancre composition\">\n<div class=\"wpb_wrapper\">\n<div class=\"wpb_text_column wpb_content_element box__item_ancre composition\">\n<div class=\"wpb_wrapper\">\n<div class=\"wpb_text_column wpb_content_element box__item_ancre composition\">\n<div class=\"wpb_wrapper\">\n<p>Farines* pr\u00e9cuites 96% (riz* 67%, millet* 29%), algue marine Lithothamne (<em>Lithothamnium Calcareum<\/em>), \u00e9paississant : caroube*, Thiamine (vitamine B1).\u00a0<em>*Issus de l\u2019agriculture biologique<\/em>. Traces possible d\u2019<strong>amandes<\/strong>\u00a0et\u00a0<strong>noisettes<\/strong>.<\/p>\n<\/div>\n<\/div>\n<\/div>\n<\/div>\n<\/div>\n<\/div>\n<\/div>\n<\/div>\n<div class=\"wpb_text_column wpb_content_element box__item_ancre rapports-en-legumes-deshydrates\">\n<div class=\"wpb_wrapper\">\n<h4>Tableau indicatif de reconstitution<\/h4>\n<div class=\"wpb_text_column wpb_content_element box__item_ancre tableau-indicatif-de-reconstitution\">\n<div class=\"wpb_wrapper\">\n<p>Le volume et le nombre de biberons sont donn\u00e9s \u00e0 titre indicatif. Le corps m\u00e9dical pourra \u00e9ventuellement adapter ces recommandations selon les besoins sp\u00e9cifiques de votre enfant.<\/p>\n<\/div>\n<\/div>\n<div class=\"wpb_text_column wpb_content_element box__item_ancre garanties\">\n<div class=\"wpb_wrapper\">\n<table>\n<tbody>\n<tr>\n<td rowspan=\"2\">\u00c2ge du B\u00e9b\u00e9<\/td>\n<td colspan=\"2\">Au biberon<\/td>\n<td colspan=\"2\">A la cuill\u00e8re<\/td>\n<\/tr>\n<tr>\n<td>Doses<\/td>\n<td>Lait maternel<br \/>\nou de suite<\/td>\n<td>Doses<\/td>\n<td>Lait maternel<br \/>\nou de suite<\/td>\n<\/tr>\n<tr>\n<td>4 \u00e0 8 mois<\/td>\n<td>2<\/td>\n<td>210 ml<\/td>\n<td>3<\/td>\n<td>210 ml<\/td>\n<\/tr>\n<tr>\n<td>Plus de 8 mois<\/td>\n<td>3<\/td>\n<td>240 &#8211; 300 ml<\/td>\n<td>4<\/td>\n<td>240 ml<\/td>\n<\/tr>\n<\/tbody>\n<\/table>\n<p>&nbsp;<\/p>\n<\/div>\n<\/div>\n<table>\n<tbody>\n<tr>\n<td>Garanties<\/td>\n<td>Bio &#8211; 100% v\u00e9g\u00e9tal &#8211; Sans lait &#8211; Sans huile de palme &#8211; Sans soja &#8211; Sans gluten (sous licence AFDIAG) &#8211; Sans ar\u00f4me &#8211; Sans conservateur &#8211; Sans sucre ajout\u00e9<\/td>\n<\/tr>\n<tr>\n<td>Poids<\/td>\n<td>Bo\u00eete en composites recyclables de 400 g + mesurette incluse<\/td>\n<\/tr>\n<tr>\n<td>Conservation<\/td>\n<td>Conserver la bo\u00eete bien ferm\u00e9e dans un endroit frais et sec. Utiliser la poudre dans un d\u00e9lai de 3\/4 semaines apr\u00e8s ouverture.<\/td>\n<\/tr>\n<tr>\n<td>Consommation<\/td>\n<td>A consommer de pr\u00e9f\u00e9rence avant la date indiqu\u00e9e sous la bo\u00eete.<\/td>\n<\/tr>\n<tr>\n<td>Propri\u00e9t\u00e9s<\/td>\n<td>Formulation &amp; Fabrication en FRANCE<\/td>\n<\/tr>\n<\/tbody>\n<\/table>\n<p>B\u00e9b\u00e9 M Ma 1\u00e8re C\u00e9r\u00e9ale 4mois+ | 100% v\u00e9g\u00e9tale | Sans lait | Sans gluten<\/p>\n<\/div>\n<\/div>\n","protected":false},"excerpt":{"rendered":"<p><em><strong>100% V\u00e9g\u00e9tal | Sans lait | Sans Gluten | Sans Soja | Sans Huile de Palme | Fabriqu\u00e9 en France | Sans ar\u00f4me | Sans conservateur | Sans sucre ajout\u00e9<\/strong><\/em><\/p>\n<p>C\u00e9r\u00e9ales pr\u00e9cuites, riz et millet, d\u2019origine contr\u00f4l\u00e9e. enrichie en Spiruline.<\/p>\n<p>&nbsp;<\/p>\n<p>&nbsp;<\/p>\n","protected":false},"featured_media":7527,"comment_status":"open","ping_status":"closed","template":"","meta":[],"pwb-brand":[742],"product_brand":[],"product_cat":[411,412,156],"product_tag":[],"class_list":{"0":"post-7488","1":"product","2":"type-product","3":"status-publish","4":"has-post-thumbnail","6":"pwb-brand-bebe-m","7":"product_cat-alimentation-bio","8":"product_cat-cereales-bio","9":"product_cat-repas","11":"first","12":"outofstock","13":"taxable","14":"shipping-taxable","15":"purchasable","16":"product-type-simple"},"supplier_id":null,"supplier_sku":"","barcode":null,"atum_controlled":true,"out_stock_date":null,"out_stock_threshold":null,"inheritable":false,"inbound_stock":null,"stock_on_hold":0,"sold_today":0,"sales_last_days":0,"reserved_stock":null,"customer_returns":null,"warehouse_damage":null,"lost_in_post":null,"other_logs":null,"out_stock_days":0,"lost_sales":0,"has_location":null,"update_date":"2026-04-20T21:23:26","atum_locations":[],"atum_stock_status":"outofstock","restock_status":false,"low_stock_amount":"","sales_update_date":"2026-04-20T21:23:26","calc_backorders":null,"jetpack_sharing_enabled":true,"brands":[{"id":742,"name":"B\u00e9b\u00e9 M","slug":"bebe-m"}],"_links":{"self":[{"href":"https:\/\/bebebio.ma\/index.php\/wp-json\/wp\/v2\/product\/7488","targetHints":{"allow":["GET"]}}],"collection":[{"href":"https:\/\/bebebio.ma\/index.php\/wp-json\/wp\/v2\/product"}],"about":[{"href":"https:\/\/bebebio.ma\/index.php\/wp-json\/wp\/v2\/types\/product"}],"replies":[{"embeddable":true,"href":"https:\/\/bebebio.ma\/index.php\/wp-json\/wp\/v2\/comments?post=7488"}],"wp:featuredmedia":[{"embeddable":true,"href":"https:\/\/bebebio.ma\/index.php\/wp-json\/wp\/v2\/media\/7527"}],"wp:attachment":[{"href":"https:\/\/bebebio.ma\/index.php\/wp-json\/wp\/v2\/media?parent=7488"}],"wp:term":[{"taxonomy":"pwb-brand","embeddable":true,"href":"https:\/\/bebebio.ma\/index.php\/wp-json\/wp\/v2\/pwb-brand?post=7488"},{"taxonomy":"product_brand","embeddable":true,"href":"https:\/\/bebebio.ma\/index.php\/wp-json\/wp\/v2\/product_brand?post=7488"},{"taxonomy":"product_cat","embeddable":true,"href":"https:\/\/bebebio.ma\/index.php\/wp-json\/wp\/v2\/product_cat?post=7488"},{"taxonomy":"product_tag","embeddable":true,"href":"https:\/\/bebebio.ma\/index.php\/wp-json\/wp\/v2\/product_tag?post=7488"}],"curies":[{"name":"wp","href":"https:\/\/api.w.org\/{rel}","templated":true}]}}