{"id":7441,"date":"2024-01-14T22:43:47","date_gmt":"2024-01-14T21:43:47","guid":{"rendered":"https:\/\/bebebio.ma\/?post_type=product&#038;p=7441"},"modified":"2024-01-14T22:45:39","modified_gmt":"2024-01-14T21:45:39","slug":"babybio-pates-a-la-napolitaine-tomate-daquitaine-8mois","status":"publish","type":"product","link":"https:\/\/bebebio.ma\/index.php\/product\/babybio-pates-a-la-napolitaine-tomate-daquitaine-8mois\/","title":{"rendered":"BabyBio P\u00e2tes \u00c0 La Napolitaine Tomate D\u2019aquitaine 8mois+"},"content":{"rendered":"<h4 style=\"text-align: center;\">BabyBio P\u00e2tes \u00c0 La Napolitaine Tomate D\u2019aquitaine 8mois+<\/h4>\n<div class=\"col-12 px-0\">\n<p>Au bain marie : plonger le bol environ 5 min dans l\u2019eau bouillante. Arroser avec de l\u2019eau froide, attendre un instant et retirer l\u2019opercule. Pr\u00e9paration rapide : percer l\u2019opercule et chauffer environ 1 min \u00e0 puissance moyenne. Bien remuer et v\u00e9rifier la temp\u00e9rature avant de donner au b\u00e9b\u00e9. Ne pas mettre au four traditionnel. Servir ti\u00e8de. Ne pas ajouter de sel.<\/p>\n<ul>\n<li>Se conserve \u00e0 temp\u00e9rature ambiante avant ouverture<\/li>\n<li>Bien referm\u00e9, peut se conserver 48h au r\u00e9frig\u00e9rateur<\/li>\n<li>Conditionn\u00e9 sous atmosph\u00e8re protectrice<\/li>\n<\/ul>\n<p><strong>La marque :<\/strong><\/p>\n<p><strong>Babybio<\/strong> est une marque qui opte avant tout pour la transparence quant \u00e0 la qualit\u00e9 et la provenance des ingr\u00e9dients utilis\u00e9s. Elle privil\u00e9gie la provenance fran\u00e7aise et si celle-ci s&#8217;av\u00e8re impossible, elle se tourne alors vers les pays europ\u00e9ens limitrophes comme l&#8217;Espagne et l&#8217;Italie. Les recettes propos\u00e9es sont tr\u00e8s proches du &#8220;fait maison&#8221; et sont r\u00e9alis\u00e9es sans adjonction inutile et avec le moins possible d&#8217;allerg\u00e8nes. Babybio participe immanquablement \u00e0 l&#8217;\u00e9ducation gustative et nutritionnelle de b\u00e9b\u00e9. Babybio est une marque propos\u00e9e par Vitagermine, soci\u00e9t\u00e9 implant\u00e9e en Aquitaine (Bordeaux), qui dispose d\u00e9j\u00e0 de plus de 40 ans d\u2019exp\u00e9rience dans le domaine de l&#8217;alimentation biologique. C&#8217;est la premi\u00e8re marque \u00e0 avoir propos\u00e9 du lait infantile biologique d\u00e8s 1996. Le respect de l&#8217;environnement est maximal, il va de l&#8217;optimalisation des ressources, \u00e0 l&#8217;utilisation de mat\u00e9riaux recycl\u00e9s et d&#8217;encres v\u00e9g\u00e9tales, au choix de producteurs locaux &#8230;<\/p>\n<\/div>\n<p>&nbsp;<\/p>\n","protected":false},"excerpt":{"rendered":"<p><strong>D\u00e8s 8mois \u2013 Sans \u00e9paississants<\/strong><\/p>\n<div>\n<div id=\"content\" class=\"tab-content\" role=\"tablist\">\n<div id=\"pane_description\" class=\"card tab-pane fade show active\" role=\"tabpanel\" aria-labelledby=\"tab_description\">\n<div id=\"collapse_description\" class=\"multi-collapse collapse show\">\n<div class=\"card-body\">\n<div id=\"content\" class=\"tab-content\" role=\"tablist\">\n<div id=\"pane_description\" class=\"card tab-pane fade show active\" role=\"tabpanel\" aria-labelledby=\"tab_description\">\n<div id=\"collapse_description\" class=\"multi-collapse collapse show\">\n<div class=\"card-body\">\n<div id=\"content\" class=\"tab-content\" role=\"tablist\">\n<div id=\"pane_description\" class=\"card tab-pane fade show active\" role=\"tabpanel\" aria-labelledby=\"tab_description\">\n<div id=\"collapse_description\" class=\"multi-collapse collapse show\">\n<div class=\"card-body\">\n<div id=\"content\" class=\"tab-content\" role=\"tablist\">\n<div id=\"pane_description\" class=\"card tab-pane fade show active\" role=\"tabpanel\" aria-labelledby=\"tab_description\">\n<div id=\"collapse_description\" class=\"multi-collapse collapse show\">\n<div class=\"card-body\">\n<div id=\"content\" class=\"tab-content\" role=\"tablist\">\n<div id=\"pane_description\" class=\"card tab-pane fade show active\" role=\"tabpanel\" aria-labelledby=\"tab_description\">\n<div id=\"collapse_description\" class=\"multi-collapse collapse show\">\n<div class=\"card-body\">\n<div id=\"product-description-short-7227\" class=\"product-description-short rte\">\n<div id=\"content\" class=\"tab-content\" role=\"tablist\">\n<div id=\"pane_description\" class=\"card tab-pane fade show active\" role=\"tabpanel\" aria-labelledby=\"tab_description\">\n<div id=\"collapse_description\" class=\"multi-collapse collapse show\">\n<div class=\"card-body\">\n<div id=\"content\" class=\"tab-content\" role=\"tablist\">\n<div id=\"pane_description\" class=\"card tab-pane fade show active\" role=\"tabpanel\" aria-labelledby=\"tab_description\">\n<div id=\"collapse_description\" class=\"multi-collapse collapse show\">\n<div class=\"card-body\">\n<div id=\"content\" class=\"tab-content\" role=\"tablist\">\n<div id=\"pane_description\" class=\"card tab-pane fade show active\" role=\"tabpanel\" aria-labelledby=\"tab_description\">\n<div id=\"collapse_description\" class=\"multi-collapse collapse show\">\n<div class=\"card-body\">\n<div id=\"content\" class=\"tab-content\" role=\"tablist\">\n<div id=\"pane_description\" class=\"card tab-pane fade show active\" role=\"tabpanel\" aria-labelledby=\"tab_description\">\n<div id=\"collapse_description\" class=\"multi-collapse collapse show\">\n<div class=\"card-body\">\n<div id=\"content\" class=\"tab-content\" role=\"tablist\">\n<div id=\"pane_description\" class=\"card tab-pane fade show active\" role=\"tabpanel\" aria-labelledby=\"tab_description\">\n<div id=\"collapse_description\" class=\"multi-collapse collapse show\">\n<div class=\"card-body\">\n<div id=\"content\" class=\"tab-content\" role=\"tablist\">\n<div id=\"pane_description\" class=\"card tab-pane fade show active\" role=\"tabpanel\" aria-labelledby=\"tab_description\">\n<div id=\"collapse_description\" class=\"multi-collapse collapse show\">\n<div class=\"card-body\">\n<div id=\"content\" class=\"tab-content\" role=\"tablist\">\n<div id=\"pane_description\" class=\"card tab-pane fade show active\" role=\"tabpanel\" aria-labelledby=\"tab_description\">\n<div id=\"collapse_description\" class=\"multi-collapse collapse show\">\n<div class=\"card-body\">\n<div id=\"content\" class=\"tab-content\" role=\"tablist\">\n<div id=\"pane_description\" class=\"card tab-pane fade show active\" role=\"tabpanel\" aria-labelledby=\"tab_description\">\n<div id=\"collapse_description\" class=\"multi-collapse collapse show\">\n<div class=\"card-body\">\n<div id=\"content\" class=\"tab-content\" role=\"tablist\">\n<div id=\"pane_description\" class=\"card tab-pane fade show active\" role=\"tabpanel\" aria-labelledby=\"tab_description\">\n<div id=\"collapse_description\" class=\"multi-collapse collapse show\">\n<div class=\"card-body\">\n<p>Des p\u00e2tes \u00e0 la semoule de bl\u00e9 dur enrob\u00e9es d&#8217;une douce pur\u00e9e de tomates d&#8217;Aquitaine et accompagn\u00e9es de carottes de nos r\u00e9gions. Sans oublier la touche de parmesan pour parfaire cette recette \u00e0 la Napolitaine.<\/p>\n<\/div>\n<\/div>\n<\/div>\n<\/div>\n<\/div>\n<\/div>\n<\/div>\n<\/div>\n<\/div>\n<\/div>\n<\/div>\n<\/div>\n<\/div>\n<\/div>\n<\/div>\n<\/div>\n<\/div>\n<\/div>\n<\/div>\n<\/div>\n<\/div>\n<\/div>\n<\/div>\n<\/div>\n<\/div>\n<\/div>\n<\/div>\n<\/div>\n<\/div>\n<\/div>\n<\/div>\n<\/div>\n<\/div>\n<\/div>\n<\/div>\n<\/div>\n<\/div>\n<\/div>\n<\/div>\n<\/div>\n<\/div>\n<\/div>\n<\/div>\n<\/div>\n<\/div>\n<\/div>\n<\/div>\n<\/div>\n<\/div>\n<\/div>\n<\/div>\n<\/div>\n<\/div>\n<\/div>\n<\/div>\n<\/div>\n<\/div>\n<\/div>\n<div id=\"content\" class=\"tab-content\" role=\"tablist\">\n<div id=\"pane_description\" class=\"card tab-pane fade show active\" role=\"tabpanel\" aria-labelledby=\"tab_description\">\n<div id=\"collapse_description\" class=\"multi-collapse collapse show\">\n<div class=\"card-body\">\n<p><img decoding=\"async\" class=\" wp-image-13720 alignright\" src=\"https:\/\/bebemaman.ma\/wp-content\/uploads\/2021\/08\/logo-babybio.svg\" alt=\"\" width=\"96\" height=\"42\" \/><\/p>\n<\/div>\n<\/div>\n<\/div>\n<\/div>\n","protected":false},"featured_media":7503,"comment_status":"open","ping_status":"closed","template":"","meta":[],"pwb-brand":[63],"product_brand":[],"product_cat":[411,440,156,441],"product_tag":[],"class_list":{"0":"post-7441","1":"product","2":"type-product","3":"status-publish","4":"has-post-thumbnail","6":"pwb-brand-babybio","7":"product_cat-alimentation-bio","8":"product_cat-legumes-bebe","9":"product_cat-repas","10":"product_cat-repas-bio","12":"first","13":"outofstock","14":"taxable","15":"shipping-taxable","16":"purchasable","17":"product-type-simple"},"supplier_id":null,"supplier_sku":"","barcode":null,"atum_controlled":true,"out_stock_date":null,"out_stock_threshold":null,"inheritable":false,"inbound_stock":null,"stock_on_hold":0,"sold_today":0,"sales_last_days":0,"reserved_stock":null,"customer_returns":null,"warehouse_damage":null,"lost_in_post":null,"other_logs":null,"out_stock_days":0,"lost_sales":0,"has_location":null,"update_date":"2026-04-18T12:47:16","atum_locations":[],"atum_stock_status":"outofstock","restock_status":false,"low_stock_amount":"","sales_update_date":"2026-04-18T12:47:16","calc_backorders":null,"jetpack_sharing_enabled":true,"brands":[{"id":63,"name":"Babybio","slug":"babybio"}],"_links":{"self":[{"href":"https:\/\/bebebio.ma\/index.php\/wp-json\/wp\/v2\/product\/7441","targetHints":{"allow":["GET"]}}],"collection":[{"href":"https:\/\/bebebio.ma\/index.php\/wp-json\/wp\/v2\/product"}],"about":[{"href":"https:\/\/bebebio.ma\/index.php\/wp-json\/wp\/v2\/types\/product"}],"replies":[{"embeddable":true,"href":"https:\/\/bebebio.ma\/index.php\/wp-json\/wp\/v2\/comments?post=7441"}],"wp:featuredmedia":[{"embeddable":true,"href":"https:\/\/bebebio.ma\/index.php\/wp-json\/wp\/v2\/media\/7503"}],"wp:attachment":[{"href":"https:\/\/bebebio.ma\/index.php\/wp-json\/wp\/v2\/media?parent=7441"}],"wp:term":[{"taxonomy":"pwb-brand","embeddable":true,"href":"https:\/\/bebebio.ma\/index.php\/wp-json\/wp\/v2\/pwb-brand?post=7441"},{"taxonomy":"product_brand","embeddable":true,"href":"https:\/\/bebebio.ma\/index.php\/wp-json\/wp\/v2\/product_brand?post=7441"},{"taxonomy":"product_cat","embeddable":true,"href":"https:\/\/bebebio.ma\/index.php\/wp-json\/wp\/v2\/product_cat?post=7441"},{"taxonomy":"product_tag","embeddable":true,"href":"https:\/\/bebebio.ma\/index.php\/wp-json\/wp\/v2\/product_tag?post=7441"}],"curies":[{"name":"wp","href":"https:\/\/api.w.org\/{rel}","templated":true}]}}