{"id":7434,"date":"2024-01-14T22:43:46","date_gmt":"2024-01-14T21:43:46","guid":{"rendered":"https:\/\/bebebio.ma\/?post_type=product&#038;p=7434"},"modified":"2024-01-14T22:45:20","modified_gmt":"2024-01-14T21:45:20","slug":"babybio-petits-pois-6mois","status":"publish","type":"product","link":"https:\/\/bebebio.ma\/index.php\/product\/babybio-petits-pois-6mois\/","title":{"rendered":"BabyBio Petits Pois 6mois+"},"content":{"rendered":"<p style=\"text-align: center\"><strong>BabyBio Petits Pois 6mois+<\/strong><\/p>\n<div class=\"col-12 px-0\">\n<p><strong>Babybio<\/strong>\u00a0entra\u00eene les\u00a0<strong>l\u00e9gumes<\/strong>\u00a0dans une balade de saveurs! Le go\u00fbt d\u00e9licieusement sucr\u00e9 des petits pois d&#8217;Aquitaine permet \u00e0 b\u00e9b\u00e9 d&#8217;apprendre la diversification pas \u00e0 pas. <strong>Babybio<\/strong>, c&#8217;est un\u00a0petit pot qui fait le pois.<\/p>\n<\/div>\n<div class=\"col-12 px-0\">\n<p class=\"sous_titre\">Les + produit :<\/p>\n<p>. Aliment adapt\u00e9\u00a0\u00e0 l\u2019enfant.<br \/>\n. Sans sel ajout\u00e9 &#8211; sans \u00e9paississant<br \/>\n. Sans gluten<br \/>\n. Sans lait ni prot\u00e9ine de lait<br \/>\n. Ingr\u00e9dients issus de l&#8217;agriculture biologique<br \/>\n. Fabriqu\u00e9 en France<br \/>\n. Cuisson vapeur<br \/>\n. D\u00e8s 6 mois<\/p>\n<p><strong>BabyBio Petits Pois 6mois+<\/strong><\/p>\n<\/div>\n<div class=\"col-12 px-0\">\n<p><strong>La marque :<\/strong><\/p>\n<p><strong>Babybio<\/strong> est une marque qui opte avant tout pour la transparence quant \u00e0 la qualit\u00e9 et la provenance des ingr\u00e9dients utilis\u00e9s. Elle privil\u00e9gie la provenance fran\u00e7aise et si celle-ci s&#8217;av\u00e8re impossible, elle se tourne alors vers les pays europ\u00e9ens limitrophes comme l&#8217;Espagne et l&#8217;Italie. Les recettes propos\u00e9es sont tr\u00e8s proches du &#8220;fait maison&#8221; et sont r\u00e9alis\u00e9es sans adjonction inutile et avec le moins possible d&#8217;allerg\u00e8nes.<\/p>\n<p><strong>Babybio<\/strong> participe immanquablement \u00e0 l&#8217;\u00e9ducation gustative et nutritionnelle de b\u00e9b\u00e9. Babybio est une marque propos\u00e9e par Vitagermine, soci\u00e9t\u00e9 implant\u00e9e en Aquitaine (Bordeaux), qui dispose d\u00e9j\u00e0 de plus de 40 ans d\u2019exp\u00e9rience dans le domaine de l&#8217;alimentation biologique. C&#8217;est la premi\u00e8re marque \u00e0 avoir propos\u00e9 du lait infantile biologique d\u00e8s 1996. Le respect de l&#8217;environnement est maximal, il va de l&#8217;optimalisation des ressources, \u00e0 l&#8217;utilisation de mat\u00e9riaux recycl\u00e9s et d&#8217;encres v\u00e9g\u00e9tales, au choix de producteurs locaux &#8230;<\/p>\n<p><a href=\"https:\/\/bebemaman.ma\/\" target=\"_blank\" rel=\"noopener\"><strong>Bebemaman.ma<\/strong><\/a>, qui se veut comme toujours, au plus pr\u00e8s des b\u00e9b\u00e9s et de leurs parents, vous offre un large choix de produits <a href=\"https:\/\/bebemaman.ma\/marque\/babybio\/\" target=\"_blank\" rel=\"noopener\"><strong>BabyBio<\/strong> <\/a>afin de pouvoir satisfaire chaque besoins.<\/p>\n<\/div>\n","protected":false},"excerpt":{"rendered":"<p><strong>D\u00e8s 6mois \u2013 Sans sel ajout\u00e9s \u2013 Sans lait \u2013 Sans gluten &#8211; Sans\u00a0<\/strong><b>\u00e9paississant<\/b><\/p>\n<div>\n<div id=\"content\" class=\"tab-content\" role=\"tablist\">\n<div id=\"pane_description\" class=\"card tab-pane fade show active\" role=\"tabpanel\" aria-labelledby=\"tab_description\">\n<div id=\"collapse_description\" class=\"multi-collapse collapse show\">\n<div class=\"card-body\">\n<div id=\"content\" class=\"tab-content\" role=\"tablist\">\n<div id=\"pane_description\" class=\"card tab-pane fade show active\" role=\"tabpanel\" aria-labelledby=\"tab_description\">\n<div id=\"collapse_description\" class=\"multi-collapse collapse show\">\n<div class=\"card-body\">\n<div id=\"content\" class=\"tab-content\" role=\"tablist\">\n<div id=\"pane_description\" class=\"card tab-pane fade show active\" role=\"tabpanel\" aria-labelledby=\"tab_description\">\n<div id=\"collapse_description\" class=\"multi-collapse collapse show\">\n<div class=\"card-body\">\n<div id=\"content\" class=\"tab-content\" role=\"tablist\">\n<div id=\"pane_description\" class=\"card tab-pane fade show active\" role=\"tabpanel\" aria-labelledby=\"tab_description\">\n<div id=\"collapse_description\" class=\"multi-collapse collapse show\">\n<div class=\"card-body\">\n<div id=\"content\" class=\"tab-content\" role=\"tablist\">\n<div id=\"pane_description\" class=\"card tab-pane fade show active\" role=\"tabpanel\" aria-labelledby=\"tab_description\">\n<div id=\"collapse_description\" class=\"multi-collapse collapse show\">\n<div class=\"card-body\">\n<div id=\"product-description-short-7227\" class=\"product-description-short rte\">\n<div id=\"content\" class=\"tab-content\" role=\"tablist\">\n<div id=\"pane_description\" class=\"card tab-pane fade show active\" role=\"tabpanel\" aria-labelledby=\"tab_description\">\n<div id=\"collapse_description\" class=\"multi-collapse collapse show\">\n<div class=\"card-body\">\n<div id=\"content\" class=\"tab-content\" role=\"tablist\">\n<div id=\"pane_description\" class=\"card tab-pane fade show active\" role=\"tabpanel\" aria-labelledby=\"tab_description\">\n<div id=\"collapse_description\" class=\"multi-collapse collapse show\">\n<div class=\"card-body\">\n<div id=\"content\" class=\"tab-content\" role=\"tablist\">\n<div id=\"pane_description\" class=\"card tab-pane fade show active\" role=\"tabpanel\" aria-labelledby=\"tab_description\">\n<div id=\"collapse_description\" class=\"multi-collapse collapse show\">\n<div class=\"card-body\">\n<div id=\"content\" class=\"tab-content\" role=\"tablist\">\n<div id=\"pane_description\" class=\"card tab-pane fade show active\" role=\"tabpanel\" aria-labelledby=\"tab_description\">\n<div id=\"collapse_description\" class=\"multi-collapse collapse show\">\n<div class=\"card-body\">\n<p>Quoi de mieux que le go\u00fbt d\u00e9licieusement sucr\u00e9 des petits pois d&#8217;Aquitaine pour d\u00e9buter cette belle aventure de la diversification ?! A coup s\u00fbr b\u00e9b\u00e9 va n\u2019en faire qu\u2019une bouch\u00e9e !<\/p>\n<\/div>\n<\/div>\n<\/div>\n<\/div>\n<\/div>\n<\/div>\n<\/div>\n<\/div>\n<\/div>\n<\/div>\n<\/div>\n<\/div>\n<\/div>\n<\/div>\n<\/div>\n<\/div>\n<\/div>\n<\/div>\n<\/div>\n<\/div>\n<\/div>\n<\/div>\n<\/div>\n<\/div>\n<\/div>\n<\/div>\n<\/div>\n<\/div>\n<\/div>\n<\/div>\n<\/div>\n<\/div>\n<\/div>\n<\/div>\n<\/div>\n<\/div>\n<\/div>\n<div id=\"content\" class=\"tab-content\" role=\"tablist\">\n<div id=\"pane_description\" class=\"card tab-pane fade show active\" role=\"tabpanel\" aria-labelledby=\"tab_description\">\n<div id=\"collapse_description\" class=\"multi-collapse collapse show\">\n<div class=\"card-body\">\n<p>Contenance : 2 x 130g<\/p>\n<\/div>\n<\/div>\n<\/div>\n<\/div>\n<\/div>\n","protected":false},"featured_media":7487,"comment_status":"open","ping_status":"closed","template":"","meta":[],"pwb-brand":[63],"product_brand":[],"product_cat":[411,440,75,156],"product_tag":[],"class_list":{"0":"post-7434","1":"product","2":"type-product","3":"status-publish","4":"has-post-thumbnail","6":"pwb-brand-babybio","7":"product_cat-alimentation-bio","8":"product_cat-legumes-bebe","9":"product_cat-promos","10":"product_cat-repas","12":"first","13":"instock","14":"taxable","15":"shipping-taxable","16":"purchasable","17":"product-type-simple"},"supplier_id":null,"supplier_sku":"","barcode":null,"atum_controlled":true,"out_stock_date":null,"out_stock_threshold":null,"inheritable":false,"inbound_stock":null,"stock_on_hold":0,"sold_today":0,"sales_last_days":0,"reserved_stock":null,"customer_returns":null,"warehouse_damage":null,"lost_in_post":null,"other_logs":null,"out_stock_days":0,"lost_sales":0,"has_location":null,"update_date":"2026-04-16T11:45:54","atum_locations":[],"atum_stock_status":"instock","restock_status":false,"low_stock_amount":"","sales_update_date":"2026-04-16T11:45:54","calc_backorders":null,"jetpack_sharing_enabled":true,"brands":[{"id":63,"name":"Babybio","slug":"babybio"}],"_links":{"self":[{"href":"https:\/\/bebebio.ma\/index.php\/wp-json\/wp\/v2\/product\/7434","targetHints":{"allow":["GET"]}}],"collection":[{"href":"https:\/\/bebebio.ma\/index.php\/wp-json\/wp\/v2\/product"}],"about":[{"href":"https:\/\/bebebio.ma\/index.php\/wp-json\/wp\/v2\/types\/product"}],"replies":[{"embeddable":true,"href":"https:\/\/bebebio.ma\/index.php\/wp-json\/wp\/v2\/comments?post=7434"}],"wp:featuredmedia":[{"embeddable":true,"href":"https:\/\/bebebio.ma\/index.php\/wp-json\/wp\/v2\/media\/7487"}],"wp:attachment":[{"href":"https:\/\/bebebio.ma\/index.php\/wp-json\/wp\/v2\/media?parent=7434"}],"wp:term":[{"taxonomy":"pwb-brand","embeddable":true,"href":"https:\/\/bebebio.ma\/index.php\/wp-json\/wp\/v2\/pwb-brand?post=7434"},{"taxonomy":"product_brand","embeddable":true,"href":"https:\/\/bebebio.ma\/index.php\/wp-json\/wp\/v2\/product_brand?post=7434"},{"taxonomy":"product_cat","embeddable":true,"href":"https:\/\/bebebio.ma\/index.php\/wp-json\/wp\/v2\/product_cat?post=7434"},{"taxonomy":"product_tag","embeddable":true,"href":"https:\/\/bebebio.ma\/index.php\/wp-json\/wp\/v2\/product_tag?post=7434"}],"curies":[{"name":"wp","href":"https:\/\/api.w.org\/{rel}","templated":true}]}}