{"id":7420,"date":"2024-01-14T22:43:45","date_gmt":"2024-01-14T21:43:45","guid":{"rendered":"https:\/\/bebebio.ma\/?post_type=product&#038;p=7420"},"modified":"2024-05-21T00:15:16","modified_gmt":"2024-05-20T22:15:16","slug":"modilac-cereales-bio-nature-4m","status":"publish","type":"product","link":"https:\/\/bebebio.ma\/index.php\/product\/modilac-cereales-bio-nature-4m\/","title":{"rendered":"Modilac C\u00e9r\u00e9ales Bio Nature 4m+"},"content":{"rendered":"<h4 style=\"text-align: center;\"><a href=\"https:\/\/bebemaman.ma\/marque\/modilac\" target=\"_blank\" rel=\"noopener\">Modilac<\/a> C\u00e9r\u00e9ales bio Nature 4m+<\/h4>\n<p><strong>Modilac C\u00e9r\u00e9ales Bio Nature 4m+<\/strong> sont destin\u00e9es aux b\u00e9b\u00e9s d\u00e8s l\u2019\u00e2ge de 4 mois et jusqu\u2019\u00e0 l&#8217;\u00e2ge de 3 ans. Elles ont \u00e9t\u00e9 formul\u00e9es dans le but d\u2019accompagner progressivement la <strong>diversification alimentaire<\/strong>\u00a0et r\u00e9pondre aux besoins nutritionnels de votre b\u00e9b\u00e9 conform\u00e9ment \u00e0 la r\u00e9glementation. D\u00e8s sa naissance, le b\u00e9b\u00e9 est exclusivement nourri avec du lait maternel ou infantile. Au fil des mois, il commence \u00e0 avoir des besoins nutritionnels diff\u00e9rents et de nouveaux aliments permettent alors de favoriser l\u2019\u00e9volution de son organisme.<\/p>\n<p>Les c\u00e9r\u00e9ales bio nature Modilac sont sans gluten et sans sucres ajout\u00e9s (contient des sucres naturellement pr\u00e9sents) afin de ne pas habituer votre b\u00e9b\u00e9 au go\u00fbt trop sucr\u00e9. Pour commencer, les c<strong>\u00e9r\u00e9ales sans gluten<\/strong>\u00a0sont id\u00e9ales et peuvent \u00eatre int\u00e9gr\u00e9es dans le lait habituel de votre b\u00e9b\u00e9.<\/p>\n<p>La texture \u00e9paisse des c\u00e9r\u00e9ales infantiles constitue une v\u00e9ritable transition alimentaire entre le lait et les premi\u00e8res pur\u00e9es. Elles apportent des nutriments essentiels pour le bon d\u00e9veloppement de l\u2019enfant, notamment des fibres, des vitamines et des min\u00e9raux. En outre, b\u00e9b\u00e9 d\u00e9couvre une saveur douce et une agr\u00e9able texture.<\/p>\n<p>Les\u00a0<strong>c\u00e9r\u00e9ales Modilac<\/strong>\u00a0sont compos\u00e9es de fibres solubles qui favorisent le d\u00e9veloppement d\u2019une flore intestinale protectrice. Parce que le syst\u00e8me digestif de votre b\u00e9b\u00e9 est encore immature, la fabrication des c\u00e9r\u00e9ales a fait appel \u00e0 un processus exclusif d\u2019hydrolyse partielle de l\u2019amidon : la dextrinisation.<\/p>\n<p><strong>Faciles \u00e0 dig\u00e9rer et \u00e0 assimiler<\/strong>, ces c\u00e9r\u00e9ales offrent un grand apport en \u00e9nergie qui permet \u00e0 b\u00e9b\u00e9 de bien se d\u00e9velopper. L\u2019ajout de ces aliments dans les repas de votre enfant permet de lui faire d\u00e9couvrir de nouvelles saveurs et consistances. De plus, avec ces c\u00e9r\u00e9ales, les b\u00e9b\u00e9s sont plus rassasi\u00e9s et il est donc possible d\u2019espacer peu \u00e0 peu les biberons.<\/p>\n<p><strong>Conditionnement<\/strong>\u00a0: Bo\u00eete de 250 g<\/p>\n<p><strong>Comment pr\u00e9parer Mes premi\u00e8res c\u00e9r\u00e9ales ?<\/strong><br \/>\nAvant de pr\u00e9parer les c\u00e9r\u00e9ales, pensez \u00e0 laver soigneusement vos mains et ustensiles.<br \/>\nPr\u00e9parez les c\u00e9r\u00e9ales dans le lait habituel de votre b\u00e9b\u00e9, ti\u00e8de ou \u00e0 froid juste avant le repas, et sans ajout de sucre.<br \/>\nFaites rouler le biberon entre vos mains puis agitez jusqu&#8217;\u00e0 obtenir une texture onctueuse.<br \/>\nContr\u00f4lez la temp\u00e9rature sur votre poignet.<br \/>\nApr\u00e8s le repas, jetez le reste d&#8217;une pr\u00e9paration non termin\u00e9e.<\/p>\n<p><strong>Au biberon<\/strong><br \/>\nAjoutez la quantit\u00e9 recommand\u00e9e de c\u00e9r\u00e9ales ci-dessous :<\/p>\n<table class=\"table table-bordered table-striped\">\n<tbody>\n<tr>\n<td>Une cuill\u00e8re \u00e0 soupe rase = entre 4 et 5 g<\/td>\n<td>D\u00e8s 4 mois<\/td>\n<td>D\u00e8s 6 mois<\/td>\n<td>D\u00e8s 9 mois<\/td>\n<\/tr>\n<tr>\n<td>Lait habituel de votre b\u00e9b\u00e9<\/td>\n<td>180 ml<\/td>\n<td>210 ml<\/td>\n<td>240 ml<\/td>\n<\/tr>\n<tr>\n<td>Quantit\u00e9<\/td>\n<td>+ 3 cuill\u00e8res \u00e0 soupe<\/td>\n<td>+ 4 cuill\u00e8res \u00e0 soupe<\/td>\n<td>+ 5 cuill\u00e8res \u00e0 soupe<\/td>\n<\/tr>\n<\/tbody>\n<\/table>\n<p>Afin d&#8217;\u00e9viter que la t\u00e9tine ne se bouche avec les c\u00e9r\u00e9ales, vous pouvez utiliser une t\u00e9tine adapt\u00e9e.<\/p>\n<p><strong>A la cuill\u00e8re<\/strong><br \/>\nVersez le lait dans un bol, ajoutez la quantit\u00e9 recommand\u00e9e de c\u00e9r\u00e9ales et m\u00e9langez.<\/p>\n<table class=\"table table-bordered table-striped\">\n<tbody>\n<tr>\n<td>Une cuill\u00e8re \u00e0 soupe rase = entre 4 et 5 g<\/td>\n<td>D\u00e8s 6 mois<\/td>\n<td>D\u00e8s 9 mois<\/td>\n<\/tr>\n<tr>\n<td>Lait habituel de votre b\u00e9b\u00e9<\/td>\n<td>210 ml<\/td>\n<td>240 ml<\/td>\n<\/tr>\n<tr>\n<td>Quantit\u00e9<\/td>\n<td>+ 5 cuill\u00e8res \u00e0 soupe<\/td>\n<td>+ 6 cuill\u00e8res \u00e0 soupe<\/td>\n<\/tr>\n<\/tbody>\n<\/table>\n<p>Les quantit\u00e9s recommand\u00e9es sont donn\u00e9es \u00e0 titre indicatif. Ajustez-les selon la texture recherch\u00e9e. Veillez \u00e0 respecter l&#8217;app\u00e9tit de b\u00e9b\u00e9.<\/p>\n<p><strong>Comment conserver les c\u00e9r\u00e9ales Modilac ?<\/strong><\/p>\n<ul>\n<li>Les c\u00e9r\u00e9ales sont conditionn\u00e9es dans un sachet qui assure une parfaite conservation du produit et de ses propri\u00e9t\u00e9s nutritionnelles. Refermez-le soigneusement apr\u00e8s chaque utilisation.<\/li>\n<li>Conservez le produit dans un endroit frais et sec \u00e0 l&#8217;abri de la lumi\u00e8re.<\/li>\n<li>Apr\u00e8s ouverture, utilisez les c\u00e9r\u00e9ales dans un d\u00e9lai d&#8217;un mois.<\/li>\n<\/ul>\n<p><strong>Ingr\u00e9dients :<\/strong>\u00a0Farine de riz partiellement hydrolys\u00e9e* (97,5 %), vitamine B1<br \/>\n*Ingr\u00e9dients issus de l&#8217;agriculture biologique<br \/>\nPeut contenir des traces de\u00a0<strong>lait<\/strong>.<br \/>\nNe contient pas de gluten.<\/p>\n","protected":false},"excerpt":{"rendered":"<div class=\"subtitle\"><strong>D\u00e8s 4 mois<\/strong><\/div>\n<div class=\"attributes\"><em>Certifi\u00e9 AB et Bio Europe &#8211; Sans gluten &#8211; Sans sucres ajout\u00e9s &#8211; Sans colorant &#8211; Sans conservateur<\/em><\/div>\n<div class=\"attributes\"><strong>Consommable au biberon ou \u00e0 la cuill\u00e8re <\/strong><img decoding=\"async\" class=\"alignright wp-image-10319\" src=\"https:\/\/bebemaman.ma\/wp-content\/uploads\/2021\/05\/Logo-Modilac-360x165.png\" alt=\"Logo Modilac - bebemaman.ma\" width=\"105\" height=\"48\" \/><\/div>\n","protected":false},"featured_media":7462,"comment_status":"open","ping_status":"closed","template":"","meta":[],"pwb-brand":[739],"product_brand":[],"product_cat":[411,414,156],"product_tag":[],"class_list":{"0":"post-7420","1":"product","2":"type-product","3":"status-publish","4":"has-post-thumbnail","6":"pwb-brand-modilac","7":"product_cat-alimentation-bio","8":"product_cat-cereales-bio-alimentation-bio-repas","9":"product_cat-repas","11":"first","12":"instock","13":"taxable","14":"shipping-taxable","15":"purchasable","16":"product-type-simple"},"supplier_id":null,"supplier_sku":"","barcode":null,"atum_controlled":true,"out_stock_date":null,"out_stock_threshold":null,"inheritable":false,"inbound_stock":null,"stock_on_hold":1,"sold_today":0,"sales_last_days":0,"reserved_stock":null,"customer_returns":null,"warehouse_damage":null,"lost_in_post":null,"other_logs":null,"out_stock_days":0,"lost_sales":0,"has_location":null,"update_date":"2026-04-22T02:32:06","atum_locations":[],"atum_stock_status":"instock","restock_status":false,"low_stock_amount":"","sales_update_date":"2026-04-22T02:32:06","calc_backorders":null,"jetpack_sharing_enabled":true,"brands":[{"id":739,"name":"Modilac","slug":"modilac"}],"_links":{"self":[{"href":"https:\/\/bebebio.ma\/index.php\/wp-json\/wp\/v2\/product\/7420","targetHints":{"allow":["GET"]}}],"collection":[{"href":"https:\/\/bebebio.ma\/index.php\/wp-json\/wp\/v2\/product"}],"about":[{"href":"https:\/\/bebebio.ma\/index.php\/wp-json\/wp\/v2\/types\/product"}],"replies":[{"embeddable":true,"href":"https:\/\/bebebio.ma\/index.php\/wp-json\/wp\/v2\/comments?post=7420"}],"wp:featuredmedia":[{"embeddable":true,"href":"https:\/\/bebebio.ma\/index.php\/wp-json\/wp\/v2\/media\/7462"}],"wp:attachment":[{"href":"https:\/\/bebebio.ma\/index.php\/wp-json\/wp\/v2\/media?parent=7420"}],"wp:term":[{"taxonomy":"pwb-brand","embeddable":true,"href":"https:\/\/bebebio.ma\/index.php\/wp-json\/wp\/v2\/pwb-brand?post=7420"},{"taxonomy":"product_brand","embeddable":true,"href":"https:\/\/bebebio.ma\/index.php\/wp-json\/wp\/v2\/product_brand?post=7420"},{"taxonomy":"product_cat","embeddable":true,"href":"https:\/\/bebebio.ma\/index.php\/wp-json\/wp\/v2\/product_cat?post=7420"},{"taxonomy":"product_tag","embeddable":true,"href":"https:\/\/bebebio.ma\/index.php\/wp-json\/wp\/v2\/product_tag?post=7420"}],"curies":[{"name":"wp","href":"https:\/\/api.w.org\/{rel}","templated":true}]}}