{"id":7414,"date":"2024-01-14T22:43:45","date_gmt":"2024-01-14T21:43:45","guid":{"rendered":"https:\/\/bebebio.ma\/?post_type=product&#038;p=7414"},"modified":"2024-05-21T00:15:16","modified_gmt":"2024-05-20T22:15:16","slug":"modilac-mes-cereales-du-soir-bio-carottes-4m","status":"publish","type":"product","link":"https:\/\/bebebio.ma\/index.php\/product\/modilac-mes-cereales-du-soir-bio-carottes-4m\/","title":{"rendered":"Modilac Mes C\u00e9r\u00e9ales du soir Bio Carottes 4m+"},"content":{"rendered":"<h4 style=\"text-align: center;\"><a href=\"https:\/\/bebemaman.ma\/marque\/modilac\" target=\"_blank\" rel=\"noopener\">Modilac<\/a> Mes C\u00e9r\u00e9ales du soir Bio Carottes 4m+<\/h4>\n<p><a href=\"https:\/\/bebemaman.ma\/marque\/modilac\" target=\"_blank\" rel=\"noopener\"><strong>Modilac Mes C\u00e9r\u00e9ales du soir Bio Carottes 4m+<\/strong><\/a>\u00a0sont \u00e9labor\u00e9es pour r\u00e9pondre aux besoins nutritionnels de b\u00e9b\u00e9\u00a0<strong>d\u00e8s 4 mois<\/strong>. Ces c\u00e9r\u00e9ales vont accompagner b\u00e9b\u00e9 dans les premiers pas de la diversification alimentaire en lui proposant tous les bienfaits \u00e9nerg\u00e9tiques pr\u00e9sents dans la composition de cette farine.<\/p>\n<p>Mes c\u00e9r\u00e9ales du soir sont pr\u00e9par\u00e9es\u00a0<strong>sans gluten<\/strong>\u00a0pour faciliter la digestion des b\u00e9b\u00e9s intol\u00e9rants. De ce fait, La farine de riz remplace la farine de bl\u00e9. En effet, la farine de riz ne contient pas de gluten et remplace volontiers la farine de bl\u00e9 car elle est non allerg\u00e8ne. Cette farine est id\u00e9ale pour faire d\u00e9couvrir de\u00a0<strong>nouvelles saveurs<\/strong>\u00a0et textures \u00e0 b\u00e9b\u00e9.<\/p>\n<p>D\u00e8s 4 mois, on apprend \u00e0 b\u00e9b\u00e9 un nouvel univers alimentaire en lui proposant de toutes petites quantit\u00e9s de l\u00e9gumes et de fruits car cette p\u00e9riode est la fen\u00eatre de tir id\u00e9ale pour\u00a0<strong>d\u00e9buter la diversification<\/strong>\u00a0car il a de nouveaux besoins nutritionnels et son syst\u00e8me digestif est capable de dig\u00e9rer de nouveaux aliments autres que le lait.<\/p>\n<p>La\u00a0<strong>vitamine B1<\/strong>\u00a0ou thiamine pr\u00e9sente dans la composition de ces c\u00e9r\u00e9ales de riz permet l\u2019assimilation des prot\u00e9ines, des glucides et des lipides dans l\u2019organisme qui vont \u00eatre transform\u00e9s en \u00e9nergie.<\/p>\n<p>La\u00a0<strong>carotte<\/strong>\u00a0est tr\u00e8s riche en calcium, en phosphore et en carot\u00e8ne qui est transform\u00e9 en\u00a0<strong>vitamine A<\/strong>\u00a0par l&#8217;organisme.<\/p>\n<p>Conform\u00e9ment \u00e0 la r\u00e9glementation des c\u00e9r\u00e9ales infantiles,\u00a0<strong>Mes c\u00e9r\u00e9ales du soir Bio\u00a0Modilac\u00a0<\/strong>sont \u00e9labor\u00e9es sans sucres ajout\u00e9s, sans colorant et sans conservateurs.<\/p>\n<p><strong>Conditionnement<\/strong>\u00a0: Bo\u00eete de 250 g<\/p>\n<h4>C<strong>omment pr\u00e9parer mes c\u00e9r\u00e9ales Bio ?<\/strong><\/h4>\n<ul>\n<li>Avant de pr\u00e9parer les c\u00e9r\u00e9ales, pensez \u00e0 laver soigneusement vos mains et vos ustensiles.<\/li>\n<li>Pr\u00e9parez les c\u00e9r\u00e9ales dans le lait habituel de votre b\u00e9b\u00e9, ti\u00e8de ou \u00e0 froid juste avant le repas, et sans ajout de sucre.<\/li>\n<li>Faites rouler le biberon entre vos mains puis agitez jusqu&#8217;\u00e0 obtenir une texture onctueuse.<\/li>\n<li>Contr\u00f4lez la temp\u00e9rature sur votre poignet.<\/li>\n<li>Apr\u00e8s le repas, jetez le reste d&#8217;une pr\u00e9paration non termin\u00e9e.<\/li>\n<\/ul>\n<p><strong>Au biberon, <\/strong>Ajoutez la quantit\u00e9 recommand\u00e9e de c\u00e9r\u00e9ales ci-dessous :<\/p>\n<div class=\"table-responsive\">\n<table class=\"table table-bordered table-striped\">\n<tbody>\n<tr>\n<td>Une cuill\u00e8re \u00e0 soupe rase = entre 4 et 5 g<\/td>\n<td>D\u00e8s 4 mois<\/td>\n<td>D\u00e8s 6 mois<\/td>\n<td>D\u00e8s 9 mois<\/td>\n<\/tr>\n<tr>\n<td>Lait habituel de votre b\u00e9b\u00e9<\/td>\n<td>180 ml<\/td>\n<td>210 ml<\/td>\n<td>240 ml<\/td>\n<\/tr>\n<tr>\n<td>Quantit\u00e9<\/td>\n<td>+3 cuill\u00e8res<\/td>\n<td>+4 cuill\u00e8res<\/td>\n<td>+5 cuill\u00e8res<\/td>\n<\/tr>\n<\/tbody>\n<\/table>\n<\/div>\n<p>Afin d&#8217;\u00e9viter que la t\u00e9tine ne se bouche avec les c\u00e9r\u00e9ales, vous pouvez utiliser une t\u00e9tine adapt\u00e9e.<\/p>\n<p><strong>A la cuill\u00e8re, <\/strong>Versez le lait dans un bol, ajoutez la quantit\u00e9 recommand\u00e9e de c\u00e9r\u00e9ales et m\u00e9langez.<\/p>\n<div class=\"table-responsive\">\n<table class=\"table table-bordered table-striped\">\n<tbody>\n<tr>\n<td>Une cuill\u00e8re \u00e0 soupe rase<br \/>\n= entre 4 et 5 g<\/td>\n<td>D\u00e8s 6 mois<\/td>\n<td>D\u00e8s 9 mois<\/td>\n<\/tr>\n<tr>\n<td>Lait habituel de votre b\u00e9b\u00e9<\/td>\n<td>210 ml<\/td>\n<td>240 ml<\/td>\n<\/tr>\n<tr>\n<td>Quantit\u00e9<\/td>\n<td>+5 cuill\u00e8res<\/td>\n<td>+6 cuill\u00e8res<\/td>\n<\/tr>\n<\/tbody>\n<\/table>\n<\/div>\n<h4>Les quantit\u00e9 recommand\u00e9es sont donn\u00e9es \u00e0 titre indicatif.<br \/>\nAjustez-les selon la texture recherche.<br \/>\nVeillez \u00e0 respecter l&#8217;app\u00e9tit de b\u00e9b\u00e9.<\/h4>\n<p><strong>Conservation<\/strong>\u00a0:<\/p>\n<ul>\n<li>Les c\u00e9r\u00e9ales sont conditionn\u00e9es dans un sachet qui assure une parfaite conservation du produit et de ses propri\u00e9t\u00e9s nutritionnelles.<\/li>\n<li>Refermez-le soigneusement apr\u00e8s chaque utilisation.<\/li>\n<li>Conservez le produit dans un endroit frais et sec \u00e0 l&#8217;abri de la lumi\u00e8re.<\/li>\n<li>Apr\u00e8s ouverture, utilisez les c\u00e9r\u00e9ales dans un d\u00e9lai d&#8217;un mois.<\/li>\n<\/ul>\n<p>Chez\u00a0<strong><a href=\"https:\/\/www.bebemaman.ma\/\" target=\"_blank\" rel=\"noopener\">bebemaman.ma<\/a><\/strong>, nous vous offrons une \u00e9quipe d\u00e9vou\u00e9e de sp\u00e9cialistes pr\u00eats \u00e0 r\u00e9pondre \u00e0 toutes vos pr\u00e9occupations, que ce soit en magasin \u00e0 Casablanca ou en ligne via nos r\u00e9seaux sociaux sur\u00a0<a href=\"https:\/\/www.facebook.com\/BebeMaman.ma\" target=\"_blank\" rel=\"noopener\"><strong>Facebook<\/strong>\u00a0<\/a>et\u00a0<a href=\"https:\/\/www.instagram.com\/bebemaman.ma\" target=\"_blank\" rel=\"noopener\"><strong>Instagram<\/strong>\u00a0<\/a>ainsi que notre site web\u00a0<a href=\"https:\/\/www.bebemaman.ma\/\" target=\"_blank\" rel=\"noopener\"><strong>bebemaman.ma<\/strong><\/a>.<\/p>\n","protected":false},"excerpt":{"rendered":"<div class=\"subtitle\">\n<div class=\"subtitle\"><strong>Pour le d\u00eener de b\u00e9b\u00e9 &#8211; D\u00e8s 4 mois<\/strong><\/div>\n<\/div>\n<div class=\"attributes\">Formule sans sucres ajout\u00e9s, sans colorant, sans conservateur<\/div>\n<div class=\"attributes\">Recette sal\u00e9e \u00e0 la carotte<\/div>\n<div class=\"attributes\"><strong>Consommable au biberon ou \u00e0 la cuill\u00e8re\u00a0<\/strong><img decoding=\"async\" class=\" wp-image-10319 alignright\" src=\"https:\/\/bebemaman.ma\/wp-content\/uploads\/2021\/05\/Logo-Modilac-360x165.png\" alt=\"\" width=\"105\" height=\"48\" \/><\/div>\n","protected":false},"featured_media":7448,"comment_status":"open","ping_status":"closed","template":"","meta":[],"pwb-brand":[739],"product_brand":[],"product_cat":[411,412,156],"product_tag":[],"class_list":{"0":"post-7414","1":"product","2":"type-product","3":"status-publish","4":"has-post-thumbnail","6":"pwb-brand-modilac","7":"product_cat-alimentation-bio","8":"product_cat-cereales-bio","9":"product_cat-repas","11":"first","12":"instock","13":"featured","14":"taxable","15":"shipping-taxable","16":"purchasable","17":"product-type-simple"},"supplier_id":null,"supplier_sku":"","barcode":null,"atum_controlled":true,"out_stock_date":null,"out_stock_threshold":null,"inheritable":false,"inbound_stock":null,"stock_on_hold":1,"sold_today":0,"sales_last_days":0,"reserved_stock":null,"customer_returns":null,"warehouse_damage":null,"lost_in_post":null,"other_logs":null,"out_stock_days":0,"lost_sales":0,"has_location":null,"update_date":"2026-04-09T08:41:07","atum_locations":[],"atum_stock_status":"instock","restock_status":false,"low_stock_amount":"","sales_update_date":"2026-04-09T08:41:07","calc_backorders":null,"jetpack_sharing_enabled":true,"brands":[{"id":739,"name":"Modilac","slug":"modilac"}],"_links":{"self":[{"href":"https:\/\/bebebio.ma\/index.php\/wp-json\/wp\/v2\/product\/7414","targetHints":{"allow":["GET"]}}],"collection":[{"href":"https:\/\/bebebio.ma\/index.php\/wp-json\/wp\/v2\/product"}],"about":[{"href":"https:\/\/bebebio.ma\/index.php\/wp-json\/wp\/v2\/types\/product"}],"replies":[{"embeddable":true,"href":"https:\/\/bebebio.ma\/index.php\/wp-json\/wp\/v2\/comments?post=7414"}],"wp:featuredmedia":[{"embeddable":true,"href":"https:\/\/bebebio.ma\/index.php\/wp-json\/wp\/v2\/media\/7448"}],"wp:attachment":[{"href":"https:\/\/bebebio.ma\/index.php\/wp-json\/wp\/v2\/media?parent=7414"}],"wp:term":[{"taxonomy":"pwb-brand","embeddable":true,"href":"https:\/\/bebebio.ma\/index.php\/wp-json\/wp\/v2\/pwb-brand?post=7414"},{"taxonomy":"product_brand","embeddable":true,"href":"https:\/\/bebebio.ma\/index.php\/wp-json\/wp\/v2\/product_brand?post=7414"},{"taxonomy":"product_cat","embeddable":true,"href":"https:\/\/bebebio.ma\/index.php\/wp-json\/wp\/v2\/product_cat?post=7414"},{"taxonomy":"product_tag","embeddable":true,"href":"https:\/\/bebebio.ma\/index.php\/wp-json\/wp\/v2\/product_tag?post=7414"}],"curies":[{"name":"wp","href":"https:\/\/api.w.org\/{rel}","templated":true}]}}